{"id":24820,"date":"2025-08-31T17:20:21","date_gmt":"2025-08-31T15:20:21","guid":{"rendered":"https:\/\/wpe-encheres.com\/site\/produit\/caisson-sur-roulettes-en-metal-blanc-avec-top-aimante-en-tissu-de-differents-coloris-60-x-42-x-53-cm-74-unites-vendu-a-lunite-avec-faculte-de-reunion-localisation-6-rue-duret-75116-paris\/"},"modified":"2025-12-01T19:11:40","modified_gmt":"2025-12-01T18:11:40","slug":"caisson-sur-roulettes-en-metal-blanc-avec-top-aimante-en-tissu-de-differents-coloris-60-x-42-x-53-cm-74-unites-vendu-a-lunite-avec-faculte-de-reunion-localisation-6-rue-duret-75116-paris","status":"publish","type":"product","link":"https:\/\/wpe-encheres.com\/site\/produit\/caisson-sur-roulettes-en-metal-blanc-avec-top-aimante-en-tissu-de-differents-coloris-60-x-42-x-53-cm-74-unites-vendu-a-lunite-avec-faculte-de-reunion-localisation-6-rue-duret-75116-paris\/","title":{"rendered":"Caisson sur roulettes en m\u00e9tal blanc, avec top aimant\u00e9 en tissu de diff\u00e9rents coloris, 60 x 42 x 53 cm. 74 Unit\u00e9s, vendu \u00e0 l&rsquo;unit\u00e9 avec facult\u00e9 de r\u00e9union. Localisation : 6 rue Duret &#8211; 75116 Paris.\n (biblio -2, es 7, es 5, es 15, es 8, 1-36, 1-37, 1-38, 1-39, 1-42, 1-27, 1-28, 1-30, 1-31, 1-20, 1-19, 2-53, 2-54, 2-52, 2-48, op. spc. 2e, 2-43, 2-67, 2-64, 2-61, 2-69 , 3-90, 3-91, 3-87, 3-86, 3-93, 3-94, 3-85, 3-80, 3-81, 3-79, 3-78, 3-77, 3-83, 3-73, 3-71B, 3-71A, 3-70, 512, 515, 517A, 518)"},"content":{"rendered":"<p>Caisson sur roulettes en m\u00e9tal blanc, avec top aimant\u00e9 en tissu de diff\u00e9rents coloris, 60 x 42 x 53 cm. 74 Unit\u00e9s, vendu \u00e0 l&rsquo;unit\u00e9 avec facult\u00e9 de r\u00e9union. Localisation : 6 rue Duret &#8211; 75116 Paris.<br \/>\n (biblio -2, es 7, es 5, es 15, es 8, 1-36, 1-37, 1-38, 1-39, 1-42, 1-27, 1-28, 1-30, 1-31, 1-20, 1-19, 2-53, 2-54, 2-52, 2-48, op. spc. 2e, 2-43, 2-67, 2-64, 2-61, 2-69 , 3-90, 3-91, 3-87, 3-86, 3-93, 3-94, 3-85, 3-80, 3-81, 3-79, 3-78, 3-77, 3-83, 3-73, 3-71B, 3-71A, 3-70, 512, 515, 517A, 518)<\/p>\n","protected":false},"excerpt":{"rendered":"<p>Caisson sur roulettes en m\u00e9tal blanc, avec top aimant\u00e9 en tissu de diff\u00e9rents coloris, 60 x 42 x 53 cm. 74 Unit\u00e9s, vendu \u00e0 l&rsquo;unit\u00e9 avec facult\u00e9 de r\u00e9union. Localisation : 6 rue Duret &#8211; 75116 Paris.<br \/>\n (biblio -2, es 7, es 5, es 15, es 8, 1-36, 1-37, 1-38, 1-39, 1-42, 1-27, 1-28, 1-30, 1-31, 1-20, 1-19, 2-53, 2-54, 2-52, 2-48, op. spc. 2e, 2-43, 2-67, 2-64, 2-61, 2-69 , 3-90, 3-91, 3-87, 3-86, 3-93, 3-94, 3-85, 3-80, 3-81, 3-79, 3-78, 3-77, 3-83, 3-73, 3-71B, 3-71A, 3-70, 512, 515, 517A, 518)<\/p>\n","protected":false},"featured_media":24821,"template":"","meta":{"_acf_changed":false},"product_brand":[],"product_cat":[24],"product_tag":[32],"class_list":{"0":"post-24820","1":"product","2":"type-product","3":"status-publish","4":"has-post-thumbnail","6":"product_cat-mobilier-de-bureau-equipement-du-bureau","7":"product_tag-vente-du-18-juin-2025","9":"first","10":"outofstock","11":"product-type-simple"},"acf":[],"yoast_head":"<!-- This site is optimized with the Yoast SEO plugin v27.3 - https:\/\/yoast.com\/product\/yoast-seo-wordpress\/ -->\n<title>Caisson sur roulettes en m\u00e9tal blanc, avec top aimant\u00e9 en tissu de diff\u00e9rents coloris, 60 x 42 x 53 cm. 74 Unit\u00e9s, vendu \u00e0 l&#039;unit\u00e9 avec facult\u00e9 de r\u00e9union. Localisation : 6 rue Duret - 75116 Paris. (biblio -2, es 7, es 5, es 15, es 8, 1-36, 1-37, 1-38, 1-39, 1-42, 1-27, 1-28, 1-30, 1-31, 1-20, 1-19, 2-53, 2-54, 2-52, 2-48, op. spc. 2e, 2-43, 2-67, 2-64, 2-61, 2-69 , 3-90, 3-91, 3-87, 3-86, 3-93, 3-94, 3-85, 3-80, 3-81, 3-79, 3-78, 3-77, 3-83, 3-73, 3-71B, 3-71A, 3-70, 512, 515, 517A, 518) - wpe-encheres<\/title>\n<meta name=\"robots\" content=\"index, follow, max-snippet:-1, max-image-preview:large, max-video-preview:-1\" \/>\n<link rel=\"canonical\" href=\"https:\/\/wpe-encheres.com\/site\/produit\/caisson-sur-roulettes-en-metal-blanc-avec-top-aimante-en-tissu-de-differents-coloris-60-x-42-x-53-cm-74-unites-vendu-a-lunite-avec-faculte-de-reunion-localisation-6-rue-duret-75116-paris\/\" \/>\n<meta property=\"og:locale\" content=\"fr_FR\" \/>\n<meta property=\"og:type\" content=\"article\" \/>\n<meta property=\"og:title\" content=\"Caisson sur roulettes en m\u00e9tal blanc, avec top aimant\u00e9 en tissu de diff\u00e9rents coloris, 60 x 42 x 53 cm. 74 Unit\u00e9s, vendu \u00e0 l&#039;unit\u00e9 avec facult\u00e9 de r\u00e9union. Localisation : 6 rue Duret - 75116 Paris. (biblio -2, es 7, es 5, es 15, es 8, 1-36, 1-37, 1-38, 1-39, 1-42, 1-27, 1-28, 1-30, 1-31, 1-20, 1-19, 2-53, 2-54, 2-52, 2-48, op. spc. 2e, 2-43, 2-67, 2-64, 2-61, 2-69 , 3-90, 3-91, 3-87, 3-86, 3-93, 3-94, 3-85, 3-80, 3-81, 3-79, 3-78, 3-77, 3-83, 3-73, 3-71B, 3-71A, 3-70, 512, 515, 517A, 518) - wpe-encheres\" \/>\n<meta property=\"og:description\" content=\"Caisson sur roulettes en m\u00e9tal blanc, avec top aimant\u00e9 en tissu de diff\u00e9rents coloris, 60 x 42 x 53 cm. 74 Unit\u00e9s, vendu \u00e0 l&#039;unit\u00e9 avec facult\u00e9 de r\u00e9union. Localisation : 6 rue Duret - 75116 Paris. (biblio -2, es 7, es 5, es 15, es 8, 1-36, 1-37, 1-38, 1-39, 1-42, 1-27, 1-28, 1-30, 1-31, 1-20, 1-19, 2-53, 2-54, 2-52, 2-48, op. spc. 2e, 2-43, 2-67, 2-64, 2-61, 2-69 , 3-90, 3-91, 3-87, 3-86, 3-93, 3-94, 3-85, 3-80, 3-81, 3-79, 3-78, 3-77, 3-83, 3-73, 3-71B, 3-71A, 3-70, 512, 515, 517A, 518)\" \/>\n<meta property=\"og:url\" content=\"https:\/\/wpe-encheres.com\/site\/produit\/caisson-sur-roulettes-en-metal-blanc-avec-top-aimante-en-tissu-de-differents-coloris-60-x-42-x-53-cm-74-unites-vendu-a-lunite-avec-faculte-de-reunion-localisation-6-rue-duret-75116-paris\/\" \/>\n<meta property=\"og:site_name\" content=\"wpe-encheres\" \/>\n<meta property=\"article:modified_time\" content=\"2025-12-01T18:11:40+00:00\" \/>\n<meta property=\"og:image\" content=\"https:\/\/wpe-encheres.com\/site\/wp-content\/uploads\/2025\/08\/684008963a4d1.jpg\" \/>\n\t<meta property=\"og:image:width\" content=\"657\" \/>\n\t<meta property=\"og:image:height\" content=\"657\" \/>\n\t<meta property=\"og:image:type\" content=\"image\/jpeg\" \/>\n<meta name=\"twitter:card\" content=\"summary_large_image\" \/>\n<script type=\"application\/ld+json\" class=\"yoast-schema-graph\">{\"@context\":\"https:\\\/\\\/schema.org\",\"@graph\":[{\"@type\":\"WebPage\",\"@id\":\"https:\\\/\\\/wpe-encheres.com\\\/site\\\/produit\\\/caisson-sur-roulettes-en-metal-blanc-avec-top-aimante-en-tissu-de-differents-coloris-60-x-42-x-53-cm-74-unites-vendu-a-lunite-avec-faculte-de-reunion-localisation-6-rue-duret-75116-paris\\\/\",\"url\":\"https:\\\/\\\/wpe-encheres.com\\\/site\\\/produit\\\/caisson-sur-roulettes-en-metal-blanc-avec-top-aimante-en-tissu-de-differents-coloris-60-x-42-x-53-cm-74-unites-vendu-a-lunite-avec-faculte-de-reunion-localisation-6-rue-duret-75116-paris\\\/\",\"name\":\"Caisson sur roulettes en m\u00e9tal blanc, avec top aimant\u00e9 en tissu de diff\u00e9rents coloris, 60 x 42 x 53 cm. 74 Unit\u00e9s, vendu \u00e0 l'unit\u00e9 avec facult\u00e9 de r\u00e9union. Localisation : 6 rue Duret - 75116 Paris. (biblio -2, es 7, es 5, es 15, es 8, 1-36, 1-37, 1-38, 1-39, 1-42, 1-27, 1-28, 1-30, 1-31, 1-20, 1-19, 2-53, 2-54, 2-52, 2-48, op. spc. 2e, 2-43, 2-67, 2-64, 2-61, 2-69 , 3-90, 3-91, 3-87, 3-86, 3-93, 3-94, 3-85, 3-80, 3-81, 3-79, 3-78, 3-77, 3-83, 3-73, 3-71B, 3-71A, 3-70, 512, 515, 517A, 518) - wpe-encheres\",\"isPartOf\":{\"@id\":\"https:\\\/\\\/wpe-encheres.com\\\/site\\\/#website\"},\"primaryImageOfPage\":{\"@id\":\"https:\\\/\\\/wpe-encheres.com\\\/site\\\/produit\\\/caisson-sur-roulettes-en-metal-blanc-avec-top-aimante-en-tissu-de-differents-coloris-60-x-42-x-53-cm-74-unites-vendu-a-lunite-avec-faculte-de-reunion-localisation-6-rue-duret-75116-paris\\\/#primaryimage\"},\"image\":{\"@id\":\"https:\\\/\\\/wpe-encheres.com\\\/site\\\/produit\\\/caisson-sur-roulettes-en-metal-blanc-avec-top-aimante-en-tissu-de-differents-coloris-60-x-42-x-53-cm-74-unites-vendu-a-lunite-avec-faculte-de-reunion-localisation-6-rue-duret-75116-paris\\\/#primaryimage\"},\"thumbnailUrl\":\"https:\\\/\\\/wpe-encheres.com\\\/site\\\/wp-content\\\/uploads\\\/2025\\\/08\\\/684008963a4d1.jpg\",\"datePublished\":\"2025-08-31T15:20:21+00:00\",\"dateModified\":\"2025-12-01T18:11:40+00:00\",\"breadcrumb\":{\"@id\":\"https:\\\/\\\/wpe-encheres.com\\\/site\\\/produit\\\/caisson-sur-roulettes-en-metal-blanc-avec-top-aimante-en-tissu-de-differents-coloris-60-x-42-x-53-cm-74-unites-vendu-a-lunite-avec-faculte-de-reunion-localisation-6-rue-duret-75116-paris\\\/#breadcrumb\"},\"inLanguage\":\"fr-FR\",\"potentialAction\":[{\"@type\":\"ReadAction\",\"target\":[\"https:\\\/\\\/wpe-encheres.com\\\/site\\\/produit\\\/caisson-sur-roulettes-en-metal-blanc-avec-top-aimante-en-tissu-de-differents-coloris-60-x-42-x-53-cm-74-unites-vendu-a-lunite-avec-faculte-de-reunion-localisation-6-rue-duret-75116-paris\\\/\"]}]},{\"@type\":\"ImageObject\",\"inLanguage\":\"fr-FR\",\"@id\":\"https:\\\/\\\/wpe-encheres.com\\\/site\\\/produit\\\/caisson-sur-roulettes-en-metal-blanc-avec-top-aimante-en-tissu-de-differents-coloris-60-x-42-x-53-cm-74-unites-vendu-a-lunite-avec-faculte-de-reunion-localisation-6-rue-duret-75116-paris\\\/#primaryimage\",\"url\":\"https:\\\/\\\/wpe-encheres.com\\\/site\\\/wp-content\\\/uploads\\\/2025\\\/08\\\/684008963a4d1.jpg\",\"contentUrl\":\"https:\\\/\\\/wpe-encheres.com\\\/site\\\/wp-content\\\/uploads\\\/2025\\\/08\\\/684008963a4d1.jpg\",\"width\":657,\"height\":657},{\"@type\":\"BreadcrumbList\",\"@id\":\"https:\\\/\\\/wpe-encheres.com\\\/site\\\/produit\\\/caisson-sur-roulettes-en-metal-blanc-avec-top-aimante-en-tissu-de-differents-coloris-60-x-42-x-53-cm-74-unites-vendu-a-lunite-avec-faculte-de-reunion-localisation-6-rue-duret-75116-paris\\\/#breadcrumb\",\"itemListElement\":[{\"@type\":\"ListItem\",\"position\":1,\"name\":\"Accueil\",\"item\":\"https:\\\/\\\/wpe-encheres.com\\\/site\\\/\"},{\"@type\":\"ListItem\",\"position\":2,\"name\":\"Boutique\",\"item\":\"https:\\\/\\\/wpe-encheres.com\\\/site\\\/?page_id=22765\"},{\"@type\":\"ListItem\",\"position\":3,\"name\":\"Caisson sur roulettes en m\u00e9tal blanc, avec top aimant\u00e9 en tissu de diff\u00e9rents coloris, 60 x 42 x 53 cm. 74 Unit\u00e9s, vendu \u00e0 l&rsquo;unit\u00e9 avec facult\u00e9 de r\u00e9union. Localisation : 6 rue Duret &#8211; 75116 Paris. (biblio -2, es 7, es 5, es 15, es 8, 1-36, 1-37, 1-38, 1-39, 1-42, 1-27, 1-28, 1-30, 1-31, 1-20, 1-19, 2-53, 2-54, 2-52, 2-48, op. spc. 2e, 2-43, 2-67, 2-64, 2-61, 2-69 , 3-90, 3-91, 3-87, 3-86, 3-93, 3-94, 3-85, 3-80, 3-81, 3-79, 3-78, 3-77, 3-83, 3-73, 3-71B, 3-71A, 3-70, 512, 515, 517A, 518)\"}]},{\"@type\":\"WebSite\",\"@id\":\"https:\\\/\\\/wpe-encheres.com\\\/site\\\/#website\",\"url\":\"https:\\\/\\\/wpe-encheres.com\\\/site\\\/\",\"name\":\"wpe-encheres\",\"description\":\"\",\"publisher\":{\"@id\":\"https:\\\/\\\/wpe-encheres.com\\\/site\\\/#organization\"},\"potentialAction\":[{\"@type\":\"SearchAction\",\"target\":{\"@type\":\"EntryPoint\",\"urlTemplate\":\"https:\\\/\\\/wpe-encheres.com\\\/site\\\/?s={search_term_string}\"},\"query-input\":{\"@type\":\"PropertyValueSpecification\",\"valueRequired\":true,\"valueName\":\"search_term_string\"}}],\"inLanguage\":\"fr-FR\"},{\"@type\":\"Organization\",\"@id\":\"https:\\\/\\\/wpe-encheres.com\\\/site\\\/#organization\",\"name\":\"wpe encheres\",\"url\":\"https:\\\/\\\/wpe-encheres.com\\\/site\\\/\",\"logo\":{\"@type\":\"ImageObject\",\"inLanguage\":\"fr-FR\",\"@id\":\"https:\\\/\\\/wpe-encheres.com\\\/site\\\/#\\\/schema\\\/logo\\\/image\\\/\",\"url\":\"https:\\\/\\\/wpe-encheres.com\\\/site\\\/wp-content\\\/uploads\\\/2025\\\/08\\\/wpe-encheres-logo.png\",\"contentUrl\":\"https:\\\/\\\/wpe-encheres.com\\\/site\\\/wp-content\\\/uploads\\\/2025\\\/08\\\/wpe-encheres-logo.png\",\"width\":300,\"height\":110,\"caption\":\"wpe encheres\"},\"image\":{\"@id\":\"https:\\\/\\\/wpe-encheres.com\\\/site\\\/#\\\/schema\\\/logo\\\/image\\\/\"}}]}<\/script>\n<!-- \/ Yoast SEO plugin. -->","yoast_head_json":{"title":"Caisson sur roulettes en m\u00e9tal blanc, avec top aimant\u00e9 en tissu de diff\u00e9rents coloris, 60 x 42 x 53 cm. 74 Unit\u00e9s, vendu \u00e0 l'unit\u00e9 avec facult\u00e9 de r\u00e9union. Localisation : 6 rue Duret - 75116 Paris. (biblio -2, es 7, es 5, es 15, es 8, 1-36, 1-37, 1-38, 1-39, 1-42, 1-27, 1-28, 1-30, 1-31, 1-20, 1-19, 2-53, 2-54, 2-52, 2-48, op. spc. 2e, 2-43, 2-67, 2-64, 2-61, 2-69 , 3-90, 3-91, 3-87, 3-86, 3-93, 3-94, 3-85, 3-80, 3-81, 3-79, 3-78, 3-77, 3-83, 3-73, 3-71B, 3-71A, 3-70, 512, 515, 517A, 518) - wpe-encheres","robots":{"index":"index","follow":"follow","max-snippet":"max-snippet:-1","max-image-preview":"max-image-preview:large","max-video-preview":"max-video-preview:-1"},"canonical":"https:\/\/wpe-encheres.com\/site\/produit\/caisson-sur-roulettes-en-metal-blanc-avec-top-aimante-en-tissu-de-differents-coloris-60-x-42-x-53-cm-74-unites-vendu-a-lunite-avec-faculte-de-reunion-localisation-6-rue-duret-75116-paris\/","og_locale":"fr_FR","og_type":"article","og_title":"Caisson sur roulettes en m\u00e9tal blanc, avec top aimant\u00e9 en tissu de diff\u00e9rents coloris, 60 x 42 x 53 cm. 74 Unit\u00e9s, vendu \u00e0 l'unit\u00e9 avec facult\u00e9 de r\u00e9union. Localisation : 6 rue Duret - 75116 Paris. (biblio -2, es 7, es 5, es 15, es 8, 1-36, 1-37, 1-38, 1-39, 1-42, 1-27, 1-28, 1-30, 1-31, 1-20, 1-19, 2-53, 2-54, 2-52, 2-48, op. spc. 2e, 2-43, 2-67, 2-64, 2-61, 2-69 , 3-90, 3-91, 3-87, 3-86, 3-93, 3-94, 3-85, 3-80, 3-81, 3-79, 3-78, 3-77, 3-83, 3-73, 3-71B, 3-71A, 3-70, 512, 515, 517A, 518) - wpe-encheres","og_description":"Caisson sur roulettes en m\u00e9tal blanc, avec top aimant\u00e9 en tissu de diff\u00e9rents coloris, 60 x 42 x 53 cm. 74 Unit\u00e9s, vendu \u00e0 l'unit\u00e9 avec facult\u00e9 de r\u00e9union. Localisation : 6 rue Duret - 75116 Paris. (biblio -2, es 7, es 5, es 15, es 8, 1-36, 1-37, 1-38, 1-39, 1-42, 1-27, 1-28, 1-30, 1-31, 1-20, 1-19, 2-53, 2-54, 2-52, 2-48, op. spc. 2e, 2-43, 2-67, 2-64, 2-61, 2-69 , 3-90, 3-91, 3-87, 3-86, 3-93, 3-94, 3-85, 3-80, 3-81, 3-79, 3-78, 3-77, 3-83, 3-73, 3-71B, 3-71A, 3-70, 512, 515, 517A, 518)","og_url":"https:\/\/wpe-encheres.com\/site\/produit\/caisson-sur-roulettes-en-metal-blanc-avec-top-aimante-en-tissu-de-differents-coloris-60-x-42-x-53-cm-74-unites-vendu-a-lunite-avec-faculte-de-reunion-localisation-6-rue-duret-75116-paris\/","og_site_name":"wpe-encheres","article_modified_time":"2025-12-01T18:11:40+00:00","og_image":[{"width":657,"height":657,"url":"https:\/\/wpe-encheres.com\/site\/wp-content\/uploads\/2025\/08\/684008963a4d1.jpg","type":"image\/jpeg"}],"twitter_card":"summary_large_image","schema":{"@context":"https:\/\/schema.org","@graph":[{"@type":"WebPage","@id":"https:\/\/wpe-encheres.com\/site\/produit\/caisson-sur-roulettes-en-metal-blanc-avec-top-aimante-en-tissu-de-differents-coloris-60-x-42-x-53-cm-74-unites-vendu-a-lunite-avec-faculte-de-reunion-localisation-6-rue-duret-75116-paris\/","url":"https:\/\/wpe-encheres.com\/site\/produit\/caisson-sur-roulettes-en-metal-blanc-avec-top-aimante-en-tissu-de-differents-coloris-60-x-42-x-53-cm-74-unites-vendu-a-lunite-avec-faculte-de-reunion-localisation-6-rue-duret-75116-paris\/","name":"Caisson sur roulettes en m\u00e9tal blanc, avec top aimant\u00e9 en tissu de diff\u00e9rents coloris, 60 x 42 x 53 cm. 74 Unit\u00e9s, vendu \u00e0 l'unit\u00e9 avec facult\u00e9 de r\u00e9union. Localisation : 6 rue Duret - 75116 Paris. (biblio -2, es 7, es 5, es 15, es 8, 1-36, 1-37, 1-38, 1-39, 1-42, 1-27, 1-28, 1-30, 1-31, 1-20, 1-19, 2-53, 2-54, 2-52, 2-48, op. spc. 2e, 2-43, 2-67, 2-64, 2-61, 2-69 , 3-90, 3-91, 3-87, 3-86, 3-93, 3-94, 3-85, 3-80, 3-81, 3-79, 3-78, 3-77, 3-83, 3-73, 3-71B, 3-71A, 3-70, 512, 515, 517A, 518) - wpe-encheres","isPartOf":{"@id":"https:\/\/wpe-encheres.com\/site\/#website"},"primaryImageOfPage":{"@id":"https:\/\/wpe-encheres.com\/site\/produit\/caisson-sur-roulettes-en-metal-blanc-avec-top-aimante-en-tissu-de-differents-coloris-60-x-42-x-53-cm-74-unites-vendu-a-lunite-avec-faculte-de-reunion-localisation-6-rue-duret-75116-paris\/#primaryimage"},"image":{"@id":"https:\/\/wpe-encheres.com\/site\/produit\/caisson-sur-roulettes-en-metal-blanc-avec-top-aimante-en-tissu-de-differents-coloris-60-x-42-x-53-cm-74-unites-vendu-a-lunite-avec-faculte-de-reunion-localisation-6-rue-duret-75116-paris\/#primaryimage"},"thumbnailUrl":"https:\/\/wpe-encheres.com\/site\/wp-content\/uploads\/2025\/08\/684008963a4d1.jpg","datePublished":"2025-08-31T15:20:21+00:00","dateModified":"2025-12-01T18:11:40+00:00","breadcrumb":{"@id":"https:\/\/wpe-encheres.com\/site\/produit\/caisson-sur-roulettes-en-metal-blanc-avec-top-aimante-en-tissu-de-differents-coloris-60-x-42-x-53-cm-74-unites-vendu-a-lunite-avec-faculte-de-reunion-localisation-6-rue-duret-75116-paris\/#breadcrumb"},"inLanguage":"fr-FR","potentialAction":[{"@type":"ReadAction","target":["https:\/\/wpe-encheres.com\/site\/produit\/caisson-sur-roulettes-en-metal-blanc-avec-top-aimante-en-tissu-de-differents-coloris-60-x-42-x-53-cm-74-unites-vendu-a-lunite-avec-faculte-de-reunion-localisation-6-rue-duret-75116-paris\/"]}]},{"@type":"ImageObject","inLanguage":"fr-FR","@id":"https:\/\/wpe-encheres.com\/site\/produit\/caisson-sur-roulettes-en-metal-blanc-avec-top-aimante-en-tissu-de-differents-coloris-60-x-42-x-53-cm-74-unites-vendu-a-lunite-avec-faculte-de-reunion-localisation-6-rue-duret-75116-paris\/#primaryimage","url":"https:\/\/wpe-encheres.com\/site\/wp-content\/uploads\/2025\/08\/684008963a4d1.jpg","contentUrl":"https:\/\/wpe-encheres.com\/site\/wp-content\/uploads\/2025\/08\/684008963a4d1.jpg","width":657,"height":657},{"@type":"BreadcrumbList","@id":"https:\/\/wpe-encheres.com\/site\/produit\/caisson-sur-roulettes-en-metal-blanc-avec-top-aimante-en-tissu-de-differents-coloris-60-x-42-x-53-cm-74-unites-vendu-a-lunite-avec-faculte-de-reunion-localisation-6-rue-duret-75116-paris\/#breadcrumb","itemListElement":[{"@type":"ListItem","position":1,"name":"Accueil","item":"https:\/\/wpe-encheres.com\/site\/"},{"@type":"ListItem","position":2,"name":"Boutique","item":"https:\/\/wpe-encheres.com\/site\/?page_id=22765"},{"@type":"ListItem","position":3,"name":"Caisson sur roulettes en m\u00e9tal blanc, avec top aimant\u00e9 en tissu de diff\u00e9rents coloris, 60 x 42 x 53 cm. 74 Unit\u00e9s, vendu \u00e0 l&rsquo;unit\u00e9 avec facult\u00e9 de r\u00e9union. Localisation : 6 rue Duret &#8211; 75116 Paris. (biblio -2, es 7, es 5, es 15, es 8, 1-36, 1-37, 1-38, 1-39, 1-42, 1-27, 1-28, 1-30, 1-31, 1-20, 1-19, 2-53, 2-54, 2-52, 2-48, op. spc. 2e, 2-43, 2-67, 2-64, 2-61, 2-69 , 3-90, 3-91, 3-87, 3-86, 3-93, 3-94, 3-85, 3-80, 3-81, 3-79, 3-78, 3-77, 3-83, 3-73, 3-71B, 3-71A, 3-70, 512, 515, 517A, 518)"}]},{"@type":"WebSite","@id":"https:\/\/wpe-encheres.com\/site\/#website","url":"https:\/\/wpe-encheres.com\/site\/","name":"wpe-encheres","description":"","publisher":{"@id":"https:\/\/wpe-encheres.com\/site\/#organization"},"potentialAction":[{"@type":"SearchAction","target":{"@type":"EntryPoint","urlTemplate":"https:\/\/wpe-encheres.com\/site\/?s={search_term_string}"},"query-input":{"@type":"PropertyValueSpecification","valueRequired":true,"valueName":"search_term_string"}}],"inLanguage":"fr-FR"},{"@type":"Organization","@id":"https:\/\/wpe-encheres.com\/site\/#organization","name":"wpe encheres","url":"https:\/\/wpe-encheres.com\/site\/","logo":{"@type":"ImageObject","inLanguage":"fr-FR","@id":"https:\/\/wpe-encheres.com\/site\/#\/schema\/logo\/image\/","url":"https:\/\/wpe-encheres.com\/site\/wp-content\/uploads\/2025\/08\/wpe-encheres-logo.png","contentUrl":"https:\/\/wpe-encheres.com\/site\/wp-content\/uploads\/2025\/08\/wpe-encheres-logo.png","width":300,"height":110,"caption":"wpe encheres"},"image":{"@id":"https:\/\/wpe-encheres.com\/site\/#\/schema\/logo\/image\/"}}]}},"_links":{"self":[{"href":"https:\/\/wpe-encheres.com\/site\/wp-json\/wp\/v2\/product\/24820","targetHints":{"allow":["GET"]}}],"collection":[{"href":"https:\/\/wpe-encheres.com\/site\/wp-json\/wp\/v2\/product"}],"about":[{"href":"https:\/\/wpe-encheres.com\/site\/wp-json\/wp\/v2\/types\/product"}],"wp:featuredmedia":[{"embeddable":true,"href":"https:\/\/wpe-encheres.com\/site\/wp-json\/wp\/v2\/media\/24821"}],"wp:attachment":[{"href":"https:\/\/wpe-encheres.com\/site\/wp-json\/wp\/v2\/media?parent=24820"}],"wp:term":[{"taxonomy":"product_brand","embeddable":true,"href":"https:\/\/wpe-encheres.com\/site\/wp-json\/wp\/v2\/product_brand?post=24820"},{"taxonomy":"product_cat","embeddable":true,"href":"https:\/\/wpe-encheres.com\/site\/wp-json\/wp\/v2\/product_cat?post=24820"},{"taxonomy":"product_tag","embeddable":true,"href":"https:\/\/wpe-encheres.com\/site\/wp-json\/wp\/v2\/product_tag?post=24820"}],"curies":[{"name":"wp","href":"https:\/\/api.w.org\/{rel}","templated":true}]}}