{"id":24440,"date":"2025-08-31T17:17:02","date_gmt":"2025-08-31T15:17:02","guid":{"rendered":"https:\/\/wpe-encheres.com\/site\/produit\/comptoir-ou-banque-daccueil-compose-dun-billot-de-bois-decoupe-et-plaque-de-metal-en-partie-basse-cote-public-et-un-espace-de-travail-en-bois-stratifie-blanc-avec-niches-et-etageres-cote-prive-110\/"},"modified":"2025-12-01T19:12:38","modified_gmt":"2025-12-01T18:12:38","slug":"comptoir-ou-banque-daccueil-compose-dun-billot-de-bois-decoupe-et-plaque-de-metal-en-partie-basse-cote-public-et-un-espace-de-travail-en-bois-stratifie-blanc-avec-niches-et-etageres-cote-prive-110","status":"publish","type":"product","link":"https:\/\/wpe-encheres.com\/site\/produit\/comptoir-ou-banque-daccueil-compose-dun-billot-de-bois-decoupe-et-plaque-de-metal-en-partie-basse-cote-public-et-un-espace-de-travail-en-bois-stratifie-blanc-avec-niches-et-etageres-cote-prive-110\/","title":{"rendered":"Comptoir ou banque d&rsquo;accueil compos\u00e9 d&rsquo;un billot de bois d\u00e9coup\u00e9 et plaque de m\u00e9tal en partie basse c\u00f4t\u00e9 public, et un espace de travail en bois stratifi\u00e9 blanc avec niches et \u00e9tag\u00e8res c\u00f4t\u00e9 priv\u00e9. 110 x 330 x 130 cm. Localisation : 6 rue Duret &#8211; 75116 Paris (hall)"},"content":{"rendered":"<p>Comptoir ou banque d&rsquo;accueil compos\u00e9 d&rsquo;un billot de bois d\u00e9coup\u00e9 et plaque de m\u00e9tal en partie basse c\u00f4t\u00e9 public, et un espace de travail en bois stratifi\u00e9 blanc avec niches et \u00e9tag\u00e8res c\u00f4t\u00e9 priv\u00e9. 110 x 330 x 130 cm. Localisation : 6 rue Duret &#8211; 75116 Paris (hall)<\/p>\n","protected":false},"excerpt":{"rendered":"<p>Comptoir ou banque d&rsquo;accueil compos\u00e9 d&rsquo;un billot de bois d\u00e9coup\u00e9 et plaque de m\u00e9tal en partie basse c\u00f4t\u00e9 public, et un espace de travail en bois stratifi\u00e9 blanc avec niches et \u00e9tag\u00e8res c\u00f4t\u00e9 priv\u00e9. 110 x 330 x 130 cm. Localisation : 6 rue Duret &#8211; 75116 Paris (hall)<\/p>\n","protected":false},"featured_media":24441,"template":"","meta":{"_acf_changed":false},"product_brand":[],"product_cat":[24],"product_tag":[32],"class_list":{"0":"post-24440","1":"product","2":"type-product","3":"status-publish","4":"has-post-thumbnail","6":"product_cat-mobilier-de-bureau-equipement-du-bureau","7":"product_tag-vente-du-18-juin-2025","9":"first","10":"outofstock","11":"product-type-simple"},"acf":[],"yoast_head":"<!-- This site is optimized with the Yoast SEO plugin v27.3 - https:\/\/yoast.com\/product\/yoast-seo-wordpress\/ -->\n<title>Comptoir ou banque d&#039;accueil compos\u00e9 d&#039;un billot de bois d\u00e9coup\u00e9 et plaque de m\u00e9tal en partie basse c\u00f4t\u00e9 public, et un espace de travail en bois stratifi\u00e9 blanc avec niches et \u00e9tag\u00e8res c\u00f4t\u00e9 priv\u00e9. 110 x 330 x 130 cm. Localisation : 6 rue Duret - 75116 Paris (hall) - wpe-encheres<\/title>\n<meta name=\"robots\" content=\"index, follow, max-snippet:-1, max-image-preview:large, max-video-preview:-1\" \/>\n<link rel=\"canonical\" href=\"https:\/\/wpe-encheres.com\/site\/produit\/comptoir-ou-banque-daccueil-compose-dun-billot-de-bois-decoupe-et-plaque-de-metal-en-partie-basse-cote-public-et-un-espace-de-travail-en-bois-stratifie-blanc-avec-niches-et-etageres-cote-prive-110\/\" \/>\n<meta property=\"og:locale\" content=\"fr_FR\" \/>\n<meta property=\"og:type\" content=\"article\" \/>\n<meta property=\"og:title\" content=\"Comptoir ou banque d&#039;accueil compos\u00e9 d&#039;un billot de bois d\u00e9coup\u00e9 et plaque de m\u00e9tal en partie basse c\u00f4t\u00e9 public, et un espace de travail en bois stratifi\u00e9 blanc avec niches et \u00e9tag\u00e8res c\u00f4t\u00e9 priv\u00e9. 110 x 330 x 130 cm. Localisation : 6 rue Duret - 75116 Paris (hall) - wpe-encheres\" \/>\n<meta property=\"og:description\" content=\"Comptoir ou banque d&#039;accueil compos\u00e9 d&#039;un billot de bois d\u00e9coup\u00e9 et plaque de m\u00e9tal en partie basse c\u00f4t\u00e9 public, et un espace de travail en bois stratifi\u00e9 blanc avec niches et \u00e9tag\u00e8res c\u00f4t\u00e9 priv\u00e9. 110 x 330 x 130 cm. Localisation : 6 rue Duret - 75116 Paris (hall)\" \/>\n<meta property=\"og:url\" content=\"https:\/\/wpe-encheres.com\/site\/produit\/comptoir-ou-banque-daccueil-compose-dun-billot-de-bois-decoupe-et-plaque-de-metal-en-partie-basse-cote-public-et-un-espace-de-travail-en-bois-stratifie-blanc-avec-niches-et-etageres-cote-prive-110\/\" \/>\n<meta property=\"og:site_name\" content=\"wpe-encheres\" \/>\n<meta property=\"article:modified_time\" content=\"2025-12-01T18:12:38+00:00\" \/>\n<meta property=\"og:image\" content=\"https:\/\/wpe-encheres.com\/site\/wp-content\/uploads\/2025\/08\/6841a672e1c7d.jpg\" \/>\n\t<meta property=\"og:image:width\" content=\"886\" \/>\n\t<meta property=\"og:image:height\" content=\"603\" \/>\n\t<meta property=\"og:image:type\" content=\"image\/jpeg\" \/>\n<meta name=\"twitter:card\" content=\"summary_large_image\" \/>\n<script type=\"application\/ld+json\" class=\"yoast-schema-graph\">{\"@context\":\"https:\\\/\\\/schema.org\",\"@graph\":[{\"@type\":\"WebPage\",\"@id\":\"https:\\\/\\\/wpe-encheres.com\\\/site\\\/produit\\\/comptoir-ou-banque-daccueil-compose-dun-billot-de-bois-decoupe-et-plaque-de-metal-en-partie-basse-cote-public-et-un-espace-de-travail-en-bois-stratifie-blanc-avec-niches-et-etageres-cote-prive-110\\\/\",\"url\":\"https:\\\/\\\/wpe-encheres.com\\\/site\\\/produit\\\/comptoir-ou-banque-daccueil-compose-dun-billot-de-bois-decoupe-et-plaque-de-metal-en-partie-basse-cote-public-et-un-espace-de-travail-en-bois-stratifie-blanc-avec-niches-et-etageres-cote-prive-110\\\/\",\"name\":\"Comptoir ou banque d'accueil compos\u00e9 d'un billot de bois d\u00e9coup\u00e9 et plaque de m\u00e9tal en partie basse c\u00f4t\u00e9 public, et un espace de travail en bois stratifi\u00e9 blanc avec niches et \u00e9tag\u00e8res c\u00f4t\u00e9 priv\u00e9. 110 x 330 x 130 cm. Localisation : 6 rue Duret - 75116 Paris (hall) - wpe-encheres\",\"isPartOf\":{\"@id\":\"https:\\\/\\\/wpe-encheres.com\\\/site\\\/#website\"},\"primaryImageOfPage\":{\"@id\":\"https:\\\/\\\/wpe-encheres.com\\\/site\\\/produit\\\/comptoir-ou-banque-daccueil-compose-dun-billot-de-bois-decoupe-et-plaque-de-metal-en-partie-basse-cote-public-et-un-espace-de-travail-en-bois-stratifie-blanc-avec-niches-et-etageres-cote-prive-110\\\/#primaryimage\"},\"image\":{\"@id\":\"https:\\\/\\\/wpe-encheres.com\\\/site\\\/produit\\\/comptoir-ou-banque-daccueil-compose-dun-billot-de-bois-decoupe-et-plaque-de-metal-en-partie-basse-cote-public-et-un-espace-de-travail-en-bois-stratifie-blanc-avec-niches-et-etageres-cote-prive-110\\\/#primaryimage\"},\"thumbnailUrl\":\"https:\\\/\\\/wpe-encheres.com\\\/site\\\/wp-content\\\/uploads\\\/2025\\\/08\\\/6841a672e1c7d.jpg\",\"datePublished\":\"2025-08-31T15:17:02+00:00\",\"dateModified\":\"2025-12-01T18:12:38+00:00\",\"breadcrumb\":{\"@id\":\"https:\\\/\\\/wpe-encheres.com\\\/site\\\/produit\\\/comptoir-ou-banque-daccueil-compose-dun-billot-de-bois-decoupe-et-plaque-de-metal-en-partie-basse-cote-public-et-un-espace-de-travail-en-bois-stratifie-blanc-avec-niches-et-etageres-cote-prive-110\\\/#breadcrumb\"},\"inLanguage\":\"fr-FR\",\"potentialAction\":[{\"@type\":\"ReadAction\",\"target\":[\"https:\\\/\\\/wpe-encheres.com\\\/site\\\/produit\\\/comptoir-ou-banque-daccueil-compose-dun-billot-de-bois-decoupe-et-plaque-de-metal-en-partie-basse-cote-public-et-un-espace-de-travail-en-bois-stratifie-blanc-avec-niches-et-etageres-cote-prive-110\\\/\"]}]},{\"@type\":\"ImageObject\",\"inLanguage\":\"fr-FR\",\"@id\":\"https:\\\/\\\/wpe-encheres.com\\\/site\\\/produit\\\/comptoir-ou-banque-daccueil-compose-dun-billot-de-bois-decoupe-et-plaque-de-metal-en-partie-basse-cote-public-et-un-espace-de-travail-en-bois-stratifie-blanc-avec-niches-et-etageres-cote-prive-110\\\/#primaryimage\",\"url\":\"https:\\\/\\\/wpe-encheres.com\\\/site\\\/wp-content\\\/uploads\\\/2025\\\/08\\\/6841a672e1c7d.jpg\",\"contentUrl\":\"https:\\\/\\\/wpe-encheres.com\\\/site\\\/wp-content\\\/uploads\\\/2025\\\/08\\\/6841a672e1c7d.jpg\",\"width\":886,\"height\":603},{\"@type\":\"BreadcrumbList\",\"@id\":\"https:\\\/\\\/wpe-encheres.com\\\/site\\\/produit\\\/comptoir-ou-banque-daccueil-compose-dun-billot-de-bois-decoupe-et-plaque-de-metal-en-partie-basse-cote-public-et-un-espace-de-travail-en-bois-stratifie-blanc-avec-niches-et-etageres-cote-prive-110\\\/#breadcrumb\",\"itemListElement\":[{\"@type\":\"ListItem\",\"position\":1,\"name\":\"Accueil\",\"item\":\"https:\\\/\\\/wpe-encheres.com\\\/site\\\/\"},{\"@type\":\"ListItem\",\"position\":2,\"name\":\"Boutique\",\"item\":\"https:\\\/\\\/wpe-encheres.com\\\/site\\\/?page_id=22765\"},{\"@type\":\"ListItem\",\"position\":3,\"name\":\"Comptoir ou banque d&rsquo;accueil compos\u00e9 d&rsquo;un billot de bois d\u00e9coup\u00e9 et plaque de m\u00e9tal en partie basse c\u00f4t\u00e9 public, et un espace de travail en bois stratifi\u00e9 blanc avec niches et \u00e9tag\u00e8res c\u00f4t\u00e9 priv\u00e9. 110 x 330 x 130 cm. Localisation : 6 rue Duret &#8211; 75116 Paris (hall)\"}]},{\"@type\":\"WebSite\",\"@id\":\"https:\\\/\\\/wpe-encheres.com\\\/site\\\/#website\",\"url\":\"https:\\\/\\\/wpe-encheres.com\\\/site\\\/\",\"name\":\"wpe-encheres\",\"description\":\"\",\"publisher\":{\"@id\":\"https:\\\/\\\/wpe-encheres.com\\\/site\\\/#organization\"},\"potentialAction\":[{\"@type\":\"SearchAction\",\"target\":{\"@type\":\"EntryPoint\",\"urlTemplate\":\"https:\\\/\\\/wpe-encheres.com\\\/site\\\/?s={search_term_string}\"},\"query-input\":{\"@type\":\"PropertyValueSpecification\",\"valueRequired\":true,\"valueName\":\"search_term_string\"}}],\"inLanguage\":\"fr-FR\"},{\"@type\":\"Organization\",\"@id\":\"https:\\\/\\\/wpe-encheres.com\\\/site\\\/#organization\",\"name\":\"wpe encheres\",\"url\":\"https:\\\/\\\/wpe-encheres.com\\\/site\\\/\",\"logo\":{\"@type\":\"ImageObject\",\"inLanguage\":\"fr-FR\",\"@id\":\"https:\\\/\\\/wpe-encheres.com\\\/site\\\/#\\\/schema\\\/logo\\\/image\\\/\",\"url\":\"https:\\\/\\\/wpe-encheres.com\\\/site\\\/wp-content\\\/uploads\\\/2025\\\/08\\\/wpe-encheres-logo.png\",\"contentUrl\":\"https:\\\/\\\/wpe-encheres.com\\\/site\\\/wp-content\\\/uploads\\\/2025\\\/08\\\/wpe-encheres-logo.png\",\"width\":300,\"height\":110,\"caption\":\"wpe encheres\"},\"image\":{\"@id\":\"https:\\\/\\\/wpe-encheres.com\\\/site\\\/#\\\/schema\\\/logo\\\/image\\\/\"}}]}<\/script>\n<!-- \/ Yoast SEO plugin. -->","yoast_head_json":{"title":"Comptoir ou banque d'accueil compos\u00e9 d'un billot de bois d\u00e9coup\u00e9 et plaque de m\u00e9tal en partie basse c\u00f4t\u00e9 public, et un espace de travail en bois stratifi\u00e9 blanc avec niches et \u00e9tag\u00e8res c\u00f4t\u00e9 priv\u00e9. 110 x 330 x 130 cm. Localisation : 6 rue Duret - 75116 Paris (hall) - wpe-encheres","robots":{"index":"index","follow":"follow","max-snippet":"max-snippet:-1","max-image-preview":"max-image-preview:large","max-video-preview":"max-video-preview:-1"},"canonical":"https:\/\/wpe-encheres.com\/site\/produit\/comptoir-ou-banque-daccueil-compose-dun-billot-de-bois-decoupe-et-plaque-de-metal-en-partie-basse-cote-public-et-un-espace-de-travail-en-bois-stratifie-blanc-avec-niches-et-etageres-cote-prive-110\/","og_locale":"fr_FR","og_type":"article","og_title":"Comptoir ou banque d'accueil compos\u00e9 d'un billot de bois d\u00e9coup\u00e9 et plaque de m\u00e9tal en partie basse c\u00f4t\u00e9 public, et un espace de travail en bois stratifi\u00e9 blanc avec niches et \u00e9tag\u00e8res c\u00f4t\u00e9 priv\u00e9. 110 x 330 x 130 cm. Localisation : 6 rue Duret - 75116 Paris (hall) - wpe-encheres","og_description":"Comptoir ou banque d'accueil compos\u00e9 d'un billot de bois d\u00e9coup\u00e9 et plaque de m\u00e9tal en partie basse c\u00f4t\u00e9 public, et un espace de travail en bois stratifi\u00e9 blanc avec niches et \u00e9tag\u00e8res c\u00f4t\u00e9 priv\u00e9. 110 x 330 x 130 cm. Localisation : 6 rue Duret - 75116 Paris (hall)","og_url":"https:\/\/wpe-encheres.com\/site\/produit\/comptoir-ou-banque-daccueil-compose-dun-billot-de-bois-decoupe-et-plaque-de-metal-en-partie-basse-cote-public-et-un-espace-de-travail-en-bois-stratifie-blanc-avec-niches-et-etageres-cote-prive-110\/","og_site_name":"wpe-encheres","article_modified_time":"2025-12-01T18:12:38+00:00","og_image":[{"width":886,"height":603,"url":"https:\/\/wpe-encheres.com\/site\/wp-content\/uploads\/2025\/08\/6841a672e1c7d.jpg","type":"image\/jpeg"}],"twitter_card":"summary_large_image","schema":{"@context":"https:\/\/schema.org","@graph":[{"@type":"WebPage","@id":"https:\/\/wpe-encheres.com\/site\/produit\/comptoir-ou-banque-daccueil-compose-dun-billot-de-bois-decoupe-et-plaque-de-metal-en-partie-basse-cote-public-et-un-espace-de-travail-en-bois-stratifie-blanc-avec-niches-et-etageres-cote-prive-110\/","url":"https:\/\/wpe-encheres.com\/site\/produit\/comptoir-ou-banque-daccueil-compose-dun-billot-de-bois-decoupe-et-plaque-de-metal-en-partie-basse-cote-public-et-un-espace-de-travail-en-bois-stratifie-blanc-avec-niches-et-etageres-cote-prive-110\/","name":"Comptoir ou banque d'accueil compos\u00e9 d'un billot de bois d\u00e9coup\u00e9 et plaque de m\u00e9tal en partie basse c\u00f4t\u00e9 public, et un espace de travail en bois stratifi\u00e9 blanc avec niches et \u00e9tag\u00e8res c\u00f4t\u00e9 priv\u00e9. 110 x 330 x 130 cm. Localisation : 6 rue Duret - 75116 Paris (hall) - wpe-encheres","isPartOf":{"@id":"https:\/\/wpe-encheres.com\/site\/#website"},"primaryImageOfPage":{"@id":"https:\/\/wpe-encheres.com\/site\/produit\/comptoir-ou-banque-daccueil-compose-dun-billot-de-bois-decoupe-et-plaque-de-metal-en-partie-basse-cote-public-et-un-espace-de-travail-en-bois-stratifie-blanc-avec-niches-et-etageres-cote-prive-110\/#primaryimage"},"image":{"@id":"https:\/\/wpe-encheres.com\/site\/produit\/comptoir-ou-banque-daccueil-compose-dun-billot-de-bois-decoupe-et-plaque-de-metal-en-partie-basse-cote-public-et-un-espace-de-travail-en-bois-stratifie-blanc-avec-niches-et-etageres-cote-prive-110\/#primaryimage"},"thumbnailUrl":"https:\/\/wpe-encheres.com\/site\/wp-content\/uploads\/2025\/08\/6841a672e1c7d.jpg","datePublished":"2025-08-31T15:17:02+00:00","dateModified":"2025-12-01T18:12:38+00:00","breadcrumb":{"@id":"https:\/\/wpe-encheres.com\/site\/produit\/comptoir-ou-banque-daccueil-compose-dun-billot-de-bois-decoupe-et-plaque-de-metal-en-partie-basse-cote-public-et-un-espace-de-travail-en-bois-stratifie-blanc-avec-niches-et-etageres-cote-prive-110\/#breadcrumb"},"inLanguage":"fr-FR","potentialAction":[{"@type":"ReadAction","target":["https:\/\/wpe-encheres.com\/site\/produit\/comptoir-ou-banque-daccueil-compose-dun-billot-de-bois-decoupe-et-plaque-de-metal-en-partie-basse-cote-public-et-un-espace-de-travail-en-bois-stratifie-blanc-avec-niches-et-etageres-cote-prive-110\/"]}]},{"@type":"ImageObject","inLanguage":"fr-FR","@id":"https:\/\/wpe-encheres.com\/site\/produit\/comptoir-ou-banque-daccueil-compose-dun-billot-de-bois-decoupe-et-plaque-de-metal-en-partie-basse-cote-public-et-un-espace-de-travail-en-bois-stratifie-blanc-avec-niches-et-etageres-cote-prive-110\/#primaryimage","url":"https:\/\/wpe-encheres.com\/site\/wp-content\/uploads\/2025\/08\/6841a672e1c7d.jpg","contentUrl":"https:\/\/wpe-encheres.com\/site\/wp-content\/uploads\/2025\/08\/6841a672e1c7d.jpg","width":886,"height":603},{"@type":"BreadcrumbList","@id":"https:\/\/wpe-encheres.com\/site\/produit\/comptoir-ou-banque-daccueil-compose-dun-billot-de-bois-decoupe-et-plaque-de-metal-en-partie-basse-cote-public-et-un-espace-de-travail-en-bois-stratifie-blanc-avec-niches-et-etageres-cote-prive-110\/#breadcrumb","itemListElement":[{"@type":"ListItem","position":1,"name":"Accueil","item":"https:\/\/wpe-encheres.com\/site\/"},{"@type":"ListItem","position":2,"name":"Boutique","item":"https:\/\/wpe-encheres.com\/site\/?page_id=22765"},{"@type":"ListItem","position":3,"name":"Comptoir ou banque d&rsquo;accueil compos\u00e9 d&rsquo;un billot de bois d\u00e9coup\u00e9 et plaque de m\u00e9tal en partie basse c\u00f4t\u00e9 public, et un espace de travail en bois stratifi\u00e9 blanc avec niches et \u00e9tag\u00e8res c\u00f4t\u00e9 priv\u00e9. 110 x 330 x 130 cm. Localisation : 6 rue Duret &#8211; 75116 Paris (hall)"}]},{"@type":"WebSite","@id":"https:\/\/wpe-encheres.com\/site\/#website","url":"https:\/\/wpe-encheres.com\/site\/","name":"wpe-encheres","description":"","publisher":{"@id":"https:\/\/wpe-encheres.com\/site\/#organization"},"potentialAction":[{"@type":"SearchAction","target":{"@type":"EntryPoint","urlTemplate":"https:\/\/wpe-encheres.com\/site\/?s={search_term_string}"},"query-input":{"@type":"PropertyValueSpecification","valueRequired":true,"valueName":"search_term_string"}}],"inLanguage":"fr-FR"},{"@type":"Organization","@id":"https:\/\/wpe-encheres.com\/site\/#organization","name":"wpe encheres","url":"https:\/\/wpe-encheres.com\/site\/","logo":{"@type":"ImageObject","inLanguage":"fr-FR","@id":"https:\/\/wpe-encheres.com\/site\/#\/schema\/logo\/image\/","url":"https:\/\/wpe-encheres.com\/site\/wp-content\/uploads\/2025\/08\/wpe-encheres-logo.png","contentUrl":"https:\/\/wpe-encheres.com\/site\/wp-content\/uploads\/2025\/08\/wpe-encheres-logo.png","width":300,"height":110,"caption":"wpe encheres"},"image":{"@id":"https:\/\/wpe-encheres.com\/site\/#\/schema\/logo\/image\/"}}]}},"_links":{"self":[{"href":"https:\/\/wpe-encheres.com\/site\/wp-json\/wp\/v2\/product\/24440","targetHints":{"allow":["GET"]}}],"collection":[{"href":"https:\/\/wpe-encheres.com\/site\/wp-json\/wp\/v2\/product"}],"about":[{"href":"https:\/\/wpe-encheres.com\/site\/wp-json\/wp\/v2\/types\/product"}],"wp:featuredmedia":[{"embeddable":true,"href":"https:\/\/wpe-encheres.com\/site\/wp-json\/wp\/v2\/media\/24441"}],"wp:attachment":[{"href":"https:\/\/wpe-encheres.com\/site\/wp-json\/wp\/v2\/media?parent=24440"}],"wp:term":[{"taxonomy":"product_brand","embeddable":true,"href":"https:\/\/wpe-encheres.com\/site\/wp-json\/wp\/v2\/product_brand?post=24440"},{"taxonomy":"product_cat","embeddable":true,"href":"https:\/\/wpe-encheres.com\/site\/wp-json\/wp\/v2\/product_cat?post=24440"},{"taxonomy":"product_tag","embeddable":true,"href":"https:\/\/wpe-encheres.com\/site\/wp-json\/wp\/v2\/product_tag?post=24440"}],"curies":[{"name":"wp","href":"https:\/\/api.w.org\/{rel}","templated":true}]}}