{"id":24435,"date":"2025-08-31T17:17:02","date_gmt":"2025-08-31T15:17:02","guid":{"rendered":"https:\/\/wpe-encheres.com\/site\/produit\/fauteuil-de-direction-pivotant-ajustable-design-antonio-citterio-modele-id-trim-edition-vitra-structure-en-aluminium-garniture-en-cuir-noir-dossier-capitonne-avec-support-lombaire-integre-et-tetier\/"},"modified":"2025-12-01T19:12:53","modified_gmt":"2025-12-01T18:12:53","slug":"fauteuil-de-direction-pivotant-ajustable-design-antonio-citterio-modele-id-trim-edition-vitra-structure-en-aluminium-garniture-en-cuir-noir-dossier-capitonne-avec-support-lombaire-integre-et-tetier","status":"publish","type":"product","link":"https:\/\/wpe-encheres.com\/site\/produit\/fauteuil-de-direction-pivotant-ajustable-design-antonio-citterio-modele-id-trim-edition-vitra-structure-en-aluminium-garniture-en-cuir-noir-dossier-capitonne-avec-support-lombaire-integre-et-tetier\/","title":{"rendered":"Fauteuil de direction pivotant ajustable design Antonio Citterio mod\u00e8le ID Trim \u00e9dition Vitra, structure en aluminium, garniture en cuir noir, dossier capitonn\u00e9 avec support lombaire int\u00e9gr\u00e9 et t\u00eati\u00e8re, pi\u00e8tement en \u00e9toile \u00e0 5 branches sur roulettes. 132 x 60 x 65 cm. 4 unit\u00e9s. Vendu \u00e0 l&rsquo;unit\u00e9 avec facult\u00e9 de r\u00e9union. Localisation : 6 rue Duret &#8211; 75116 Paris : 2-47, 2-66, 3-82, 3-75"},"content":{"rendered":"<p>Fauteuil de direction pivotant ajustable design Antonio Citterio mod\u00e8le ID Trim \u00e9dition Vitra, structure en aluminium, garniture en cuir noir, dossier capitonn\u00e9 avec support lombaire int\u00e9gr\u00e9 et t\u00eati\u00e8re, pi\u00e8tement en \u00e9toile \u00e0 5 branches sur roulettes. 132 x 60 x 65 cm. 4 unit\u00e9s. Vendu \u00e0 l&rsquo;unit\u00e9 avec facult\u00e9 de r\u00e9union. Localisation : 6 rue Duret &#8211; 75116 Paris : 2-47, 2-66, 3-82, 3-75<\/p>\n","protected":false},"excerpt":{"rendered":"<p>Fauteuil de direction pivotant ajustable design Antonio Citterio mod\u00e8le ID Trim \u00e9dition Vitra, structure en aluminium, garniture en cuir noir, dossier capitonn\u00e9 avec support lombaire int\u00e9gr\u00e9 et t\u00eati\u00e8re, pi\u00e8tement en \u00e9toile \u00e0 5 branches sur roulettes. 132 x 60 x 65 cm. 4 unit\u00e9s. Vendu \u00e0 l&rsquo;unit\u00e9 avec facult\u00e9 de r\u00e9union. Localisation : 6 rue Duret &#8211; 75116 Paris : 2-47, 2-66, 3-82, 3-75<\/p>\n","protected":false},"featured_media":24436,"template":"","meta":{"_acf_changed":false},"product_brand":[],"product_cat":[24],"product_tag":[32],"class_list":{"0":"post-24435","1":"product","2":"type-product","3":"status-publish","4":"has-post-thumbnail","6":"product_cat-mobilier-de-bureau-equipement-du-bureau","7":"product_tag-vente-du-18-juin-2025","9":"first","10":"outofstock","11":"product-type-simple"},"acf":[],"yoast_head":"<!-- This site is optimized with the Yoast SEO plugin v27.3 - https:\/\/yoast.com\/product\/yoast-seo-wordpress\/ -->\n<title>Fauteuil de direction pivotant ajustable design Antonio Citterio mod\u00e8le ID Trim \u00e9dition Vitra, structure en aluminium, garniture en cuir noir, dossier capitonn\u00e9 avec support lombaire int\u00e9gr\u00e9 et t\u00eati\u00e8re, pi\u00e8tement en \u00e9toile \u00e0 5 branches sur roulettes. 132 x 60 x 65 cm. 4 unit\u00e9s. Vendu \u00e0 l&#039;unit\u00e9 avec facult\u00e9 de r\u00e9union. Localisation : 6 rue Duret - 75116 Paris : 2-47, 2-66, 3-82, 3-75 - wpe-encheres<\/title>\n<meta name=\"robots\" content=\"index, follow, max-snippet:-1, max-image-preview:large, max-video-preview:-1\" \/>\n<link rel=\"canonical\" href=\"https:\/\/wpe-encheres.com\/site\/produit\/fauteuil-de-direction-pivotant-ajustable-design-antonio-citterio-modele-id-trim-edition-vitra-structure-en-aluminium-garniture-en-cuir-noir-dossier-capitonne-avec-support-lombaire-integre-et-tetier\/\" \/>\n<meta property=\"og:locale\" content=\"fr_FR\" \/>\n<meta property=\"og:type\" content=\"article\" \/>\n<meta property=\"og:title\" content=\"Fauteuil de direction pivotant ajustable design Antonio Citterio mod\u00e8le ID Trim \u00e9dition Vitra, structure en aluminium, garniture en cuir noir, dossier capitonn\u00e9 avec support lombaire int\u00e9gr\u00e9 et t\u00eati\u00e8re, pi\u00e8tement en \u00e9toile \u00e0 5 branches sur roulettes. 132 x 60 x 65 cm. 4 unit\u00e9s. Vendu \u00e0 l&#039;unit\u00e9 avec facult\u00e9 de r\u00e9union. Localisation : 6 rue Duret - 75116 Paris : 2-47, 2-66, 3-82, 3-75 - wpe-encheres\" \/>\n<meta property=\"og:description\" content=\"Fauteuil de direction pivotant ajustable design Antonio Citterio mod\u00e8le ID Trim \u00e9dition Vitra, structure en aluminium, garniture en cuir noir, dossier capitonn\u00e9 avec support lombaire int\u00e9gr\u00e9 et t\u00eati\u00e8re, pi\u00e8tement en \u00e9toile \u00e0 5 branches sur roulettes. 132 x 60 x 65 cm. 4 unit\u00e9s. Vendu \u00e0 l&#039;unit\u00e9 avec facult\u00e9 de r\u00e9union. Localisation : 6 rue Duret - 75116 Paris : 2-47, 2-66, 3-82, 3-75\" \/>\n<meta property=\"og:url\" content=\"https:\/\/wpe-encheres.com\/site\/produit\/fauteuil-de-direction-pivotant-ajustable-design-antonio-citterio-modele-id-trim-edition-vitra-structure-en-aluminium-garniture-en-cuir-noir-dossier-capitonne-avec-support-lombaire-integre-et-tetier\/\" \/>\n<meta property=\"og:site_name\" content=\"wpe-encheres\" \/>\n<meta property=\"article:modified_time\" content=\"2025-12-01T18:12:53+00:00\" \/>\n<meta property=\"og:image\" content=\"https:\/\/wpe-encheres.com\/site\/wp-content\/uploads\/2025\/08\/682e1151efd61.jpg\" \/>\n\t<meta property=\"og:image:width\" content=\"582\" \/>\n\t<meta property=\"og:image:height\" content=\"989\" \/>\n\t<meta property=\"og:image:type\" content=\"image\/jpeg\" \/>\n<meta name=\"twitter:card\" content=\"summary_large_image\" \/>\n<script type=\"application\/ld+json\" class=\"yoast-schema-graph\">{\"@context\":\"https:\\\/\\\/schema.org\",\"@graph\":[{\"@type\":\"WebPage\",\"@id\":\"https:\\\/\\\/wpe-encheres.com\\\/site\\\/produit\\\/fauteuil-de-direction-pivotant-ajustable-design-antonio-citterio-modele-id-trim-edition-vitra-structure-en-aluminium-garniture-en-cuir-noir-dossier-capitonne-avec-support-lombaire-integre-et-tetier\\\/\",\"url\":\"https:\\\/\\\/wpe-encheres.com\\\/site\\\/produit\\\/fauteuil-de-direction-pivotant-ajustable-design-antonio-citterio-modele-id-trim-edition-vitra-structure-en-aluminium-garniture-en-cuir-noir-dossier-capitonne-avec-support-lombaire-integre-et-tetier\\\/\",\"name\":\"Fauteuil de direction pivotant ajustable design Antonio Citterio mod\u00e8le ID Trim \u00e9dition Vitra, structure en aluminium, garniture en cuir noir, dossier capitonn\u00e9 avec support lombaire int\u00e9gr\u00e9 et t\u00eati\u00e8re, pi\u00e8tement en \u00e9toile \u00e0 5 branches sur roulettes. 132 x 60 x 65 cm. 4 unit\u00e9s. Vendu \u00e0 l'unit\u00e9 avec facult\u00e9 de r\u00e9union. Localisation : 6 rue Duret - 75116 Paris : 2-47, 2-66, 3-82, 3-75 - wpe-encheres\",\"isPartOf\":{\"@id\":\"https:\\\/\\\/wpe-encheres.com\\\/site\\\/#website\"},\"primaryImageOfPage\":{\"@id\":\"https:\\\/\\\/wpe-encheres.com\\\/site\\\/produit\\\/fauteuil-de-direction-pivotant-ajustable-design-antonio-citterio-modele-id-trim-edition-vitra-structure-en-aluminium-garniture-en-cuir-noir-dossier-capitonne-avec-support-lombaire-integre-et-tetier\\\/#primaryimage\"},\"image\":{\"@id\":\"https:\\\/\\\/wpe-encheres.com\\\/site\\\/produit\\\/fauteuil-de-direction-pivotant-ajustable-design-antonio-citterio-modele-id-trim-edition-vitra-structure-en-aluminium-garniture-en-cuir-noir-dossier-capitonne-avec-support-lombaire-integre-et-tetier\\\/#primaryimage\"},\"thumbnailUrl\":\"https:\\\/\\\/wpe-encheres.com\\\/site\\\/wp-content\\\/uploads\\\/2025\\\/08\\\/682e1151efd61.jpg\",\"datePublished\":\"2025-08-31T15:17:02+00:00\",\"dateModified\":\"2025-12-01T18:12:53+00:00\",\"breadcrumb\":{\"@id\":\"https:\\\/\\\/wpe-encheres.com\\\/site\\\/produit\\\/fauteuil-de-direction-pivotant-ajustable-design-antonio-citterio-modele-id-trim-edition-vitra-structure-en-aluminium-garniture-en-cuir-noir-dossier-capitonne-avec-support-lombaire-integre-et-tetier\\\/#breadcrumb\"},\"inLanguage\":\"fr-FR\",\"potentialAction\":[{\"@type\":\"ReadAction\",\"target\":[\"https:\\\/\\\/wpe-encheres.com\\\/site\\\/produit\\\/fauteuil-de-direction-pivotant-ajustable-design-antonio-citterio-modele-id-trim-edition-vitra-structure-en-aluminium-garniture-en-cuir-noir-dossier-capitonne-avec-support-lombaire-integre-et-tetier\\\/\"]}]},{\"@type\":\"ImageObject\",\"inLanguage\":\"fr-FR\",\"@id\":\"https:\\\/\\\/wpe-encheres.com\\\/site\\\/produit\\\/fauteuil-de-direction-pivotant-ajustable-design-antonio-citterio-modele-id-trim-edition-vitra-structure-en-aluminium-garniture-en-cuir-noir-dossier-capitonne-avec-support-lombaire-integre-et-tetier\\\/#primaryimage\",\"url\":\"https:\\\/\\\/wpe-encheres.com\\\/site\\\/wp-content\\\/uploads\\\/2025\\\/08\\\/682e1151efd61.jpg\",\"contentUrl\":\"https:\\\/\\\/wpe-encheres.com\\\/site\\\/wp-content\\\/uploads\\\/2025\\\/08\\\/682e1151efd61.jpg\",\"width\":582,\"height\":989},{\"@type\":\"BreadcrumbList\",\"@id\":\"https:\\\/\\\/wpe-encheres.com\\\/site\\\/produit\\\/fauteuil-de-direction-pivotant-ajustable-design-antonio-citterio-modele-id-trim-edition-vitra-structure-en-aluminium-garniture-en-cuir-noir-dossier-capitonne-avec-support-lombaire-integre-et-tetier\\\/#breadcrumb\",\"itemListElement\":[{\"@type\":\"ListItem\",\"position\":1,\"name\":\"Accueil\",\"item\":\"https:\\\/\\\/wpe-encheres.com\\\/site\\\/\"},{\"@type\":\"ListItem\",\"position\":2,\"name\":\"Boutique\",\"item\":\"https:\\\/\\\/wpe-encheres.com\\\/site\\\/?page_id=22765\"},{\"@type\":\"ListItem\",\"position\":3,\"name\":\"Fauteuil de direction pivotant ajustable design Antonio Citterio mod\u00e8le ID Trim \u00e9dition Vitra, structure en aluminium, garniture en cuir noir, dossier capitonn\u00e9 avec support lombaire int\u00e9gr\u00e9 et t\u00eati\u00e8re, pi\u00e8tement en \u00e9toile \u00e0 5 branches sur roulettes. 132 x 60 x 65 cm. 4 unit\u00e9s. Vendu \u00e0 l&rsquo;unit\u00e9 avec facult\u00e9 de r\u00e9union. Localisation : 6 rue Duret &#8211; 75116 Paris : 2-47, 2-66, 3-82, 3-75\"}]},{\"@type\":\"WebSite\",\"@id\":\"https:\\\/\\\/wpe-encheres.com\\\/site\\\/#website\",\"url\":\"https:\\\/\\\/wpe-encheres.com\\\/site\\\/\",\"name\":\"wpe-encheres\",\"description\":\"\",\"publisher\":{\"@id\":\"https:\\\/\\\/wpe-encheres.com\\\/site\\\/#organization\"},\"potentialAction\":[{\"@type\":\"SearchAction\",\"target\":{\"@type\":\"EntryPoint\",\"urlTemplate\":\"https:\\\/\\\/wpe-encheres.com\\\/site\\\/?s={search_term_string}\"},\"query-input\":{\"@type\":\"PropertyValueSpecification\",\"valueRequired\":true,\"valueName\":\"search_term_string\"}}],\"inLanguage\":\"fr-FR\"},{\"@type\":\"Organization\",\"@id\":\"https:\\\/\\\/wpe-encheres.com\\\/site\\\/#organization\",\"name\":\"wpe encheres\",\"url\":\"https:\\\/\\\/wpe-encheres.com\\\/site\\\/\",\"logo\":{\"@type\":\"ImageObject\",\"inLanguage\":\"fr-FR\",\"@id\":\"https:\\\/\\\/wpe-encheres.com\\\/site\\\/#\\\/schema\\\/logo\\\/image\\\/\",\"url\":\"https:\\\/\\\/wpe-encheres.com\\\/site\\\/wp-content\\\/uploads\\\/2025\\\/08\\\/wpe-encheres-logo.png\",\"contentUrl\":\"https:\\\/\\\/wpe-encheres.com\\\/site\\\/wp-content\\\/uploads\\\/2025\\\/08\\\/wpe-encheres-logo.png\",\"width\":300,\"height\":110,\"caption\":\"wpe encheres\"},\"image\":{\"@id\":\"https:\\\/\\\/wpe-encheres.com\\\/site\\\/#\\\/schema\\\/logo\\\/image\\\/\"}}]}<\/script>\n<!-- \/ Yoast SEO plugin. -->","yoast_head_json":{"title":"Fauteuil de direction pivotant ajustable design Antonio Citterio mod\u00e8le ID Trim \u00e9dition Vitra, structure en aluminium, garniture en cuir noir, dossier capitonn\u00e9 avec support lombaire int\u00e9gr\u00e9 et t\u00eati\u00e8re, pi\u00e8tement en \u00e9toile \u00e0 5 branches sur roulettes. 132 x 60 x 65 cm. 4 unit\u00e9s. Vendu \u00e0 l'unit\u00e9 avec facult\u00e9 de r\u00e9union. Localisation : 6 rue Duret - 75116 Paris : 2-47, 2-66, 3-82, 3-75 - wpe-encheres","robots":{"index":"index","follow":"follow","max-snippet":"max-snippet:-1","max-image-preview":"max-image-preview:large","max-video-preview":"max-video-preview:-1"},"canonical":"https:\/\/wpe-encheres.com\/site\/produit\/fauteuil-de-direction-pivotant-ajustable-design-antonio-citterio-modele-id-trim-edition-vitra-structure-en-aluminium-garniture-en-cuir-noir-dossier-capitonne-avec-support-lombaire-integre-et-tetier\/","og_locale":"fr_FR","og_type":"article","og_title":"Fauteuil de direction pivotant ajustable design Antonio Citterio mod\u00e8le ID Trim \u00e9dition Vitra, structure en aluminium, garniture en cuir noir, dossier capitonn\u00e9 avec support lombaire int\u00e9gr\u00e9 et t\u00eati\u00e8re, pi\u00e8tement en \u00e9toile \u00e0 5 branches sur roulettes. 132 x 60 x 65 cm. 4 unit\u00e9s. Vendu \u00e0 l'unit\u00e9 avec facult\u00e9 de r\u00e9union. Localisation : 6 rue Duret - 75116 Paris : 2-47, 2-66, 3-82, 3-75 - wpe-encheres","og_description":"Fauteuil de direction pivotant ajustable design Antonio Citterio mod\u00e8le ID Trim \u00e9dition Vitra, structure en aluminium, garniture en cuir noir, dossier capitonn\u00e9 avec support lombaire int\u00e9gr\u00e9 et t\u00eati\u00e8re, pi\u00e8tement en \u00e9toile \u00e0 5 branches sur roulettes. 132 x 60 x 65 cm. 4 unit\u00e9s. Vendu \u00e0 l'unit\u00e9 avec facult\u00e9 de r\u00e9union. Localisation : 6 rue Duret - 75116 Paris : 2-47, 2-66, 3-82, 3-75","og_url":"https:\/\/wpe-encheres.com\/site\/produit\/fauteuil-de-direction-pivotant-ajustable-design-antonio-citterio-modele-id-trim-edition-vitra-structure-en-aluminium-garniture-en-cuir-noir-dossier-capitonne-avec-support-lombaire-integre-et-tetier\/","og_site_name":"wpe-encheres","article_modified_time":"2025-12-01T18:12:53+00:00","og_image":[{"width":582,"height":989,"url":"https:\/\/wpe-encheres.com\/site\/wp-content\/uploads\/2025\/08\/682e1151efd61.jpg","type":"image\/jpeg"}],"twitter_card":"summary_large_image","schema":{"@context":"https:\/\/schema.org","@graph":[{"@type":"WebPage","@id":"https:\/\/wpe-encheres.com\/site\/produit\/fauteuil-de-direction-pivotant-ajustable-design-antonio-citterio-modele-id-trim-edition-vitra-structure-en-aluminium-garniture-en-cuir-noir-dossier-capitonne-avec-support-lombaire-integre-et-tetier\/","url":"https:\/\/wpe-encheres.com\/site\/produit\/fauteuil-de-direction-pivotant-ajustable-design-antonio-citterio-modele-id-trim-edition-vitra-structure-en-aluminium-garniture-en-cuir-noir-dossier-capitonne-avec-support-lombaire-integre-et-tetier\/","name":"Fauteuil de direction pivotant ajustable design Antonio Citterio mod\u00e8le ID Trim \u00e9dition Vitra, structure en aluminium, garniture en cuir noir, dossier capitonn\u00e9 avec support lombaire int\u00e9gr\u00e9 et t\u00eati\u00e8re, pi\u00e8tement en \u00e9toile \u00e0 5 branches sur roulettes. 132 x 60 x 65 cm. 4 unit\u00e9s. Vendu \u00e0 l'unit\u00e9 avec facult\u00e9 de r\u00e9union. Localisation : 6 rue Duret - 75116 Paris : 2-47, 2-66, 3-82, 3-75 - wpe-encheres","isPartOf":{"@id":"https:\/\/wpe-encheres.com\/site\/#website"},"primaryImageOfPage":{"@id":"https:\/\/wpe-encheres.com\/site\/produit\/fauteuil-de-direction-pivotant-ajustable-design-antonio-citterio-modele-id-trim-edition-vitra-structure-en-aluminium-garniture-en-cuir-noir-dossier-capitonne-avec-support-lombaire-integre-et-tetier\/#primaryimage"},"image":{"@id":"https:\/\/wpe-encheres.com\/site\/produit\/fauteuil-de-direction-pivotant-ajustable-design-antonio-citterio-modele-id-trim-edition-vitra-structure-en-aluminium-garniture-en-cuir-noir-dossier-capitonne-avec-support-lombaire-integre-et-tetier\/#primaryimage"},"thumbnailUrl":"https:\/\/wpe-encheres.com\/site\/wp-content\/uploads\/2025\/08\/682e1151efd61.jpg","datePublished":"2025-08-31T15:17:02+00:00","dateModified":"2025-12-01T18:12:53+00:00","breadcrumb":{"@id":"https:\/\/wpe-encheres.com\/site\/produit\/fauteuil-de-direction-pivotant-ajustable-design-antonio-citterio-modele-id-trim-edition-vitra-structure-en-aluminium-garniture-en-cuir-noir-dossier-capitonne-avec-support-lombaire-integre-et-tetier\/#breadcrumb"},"inLanguage":"fr-FR","potentialAction":[{"@type":"ReadAction","target":["https:\/\/wpe-encheres.com\/site\/produit\/fauteuil-de-direction-pivotant-ajustable-design-antonio-citterio-modele-id-trim-edition-vitra-structure-en-aluminium-garniture-en-cuir-noir-dossier-capitonne-avec-support-lombaire-integre-et-tetier\/"]}]},{"@type":"ImageObject","inLanguage":"fr-FR","@id":"https:\/\/wpe-encheres.com\/site\/produit\/fauteuil-de-direction-pivotant-ajustable-design-antonio-citterio-modele-id-trim-edition-vitra-structure-en-aluminium-garniture-en-cuir-noir-dossier-capitonne-avec-support-lombaire-integre-et-tetier\/#primaryimage","url":"https:\/\/wpe-encheres.com\/site\/wp-content\/uploads\/2025\/08\/682e1151efd61.jpg","contentUrl":"https:\/\/wpe-encheres.com\/site\/wp-content\/uploads\/2025\/08\/682e1151efd61.jpg","width":582,"height":989},{"@type":"BreadcrumbList","@id":"https:\/\/wpe-encheres.com\/site\/produit\/fauteuil-de-direction-pivotant-ajustable-design-antonio-citterio-modele-id-trim-edition-vitra-structure-en-aluminium-garniture-en-cuir-noir-dossier-capitonne-avec-support-lombaire-integre-et-tetier\/#breadcrumb","itemListElement":[{"@type":"ListItem","position":1,"name":"Accueil","item":"https:\/\/wpe-encheres.com\/site\/"},{"@type":"ListItem","position":2,"name":"Boutique","item":"https:\/\/wpe-encheres.com\/site\/?page_id=22765"},{"@type":"ListItem","position":3,"name":"Fauteuil de direction pivotant ajustable design Antonio Citterio mod\u00e8le ID Trim \u00e9dition Vitra, structure en aluminium, garniture en cuir noir, dossier capitonn\u00e9 avec support lombaire int\u00e9gr\u00e9 et t\u00eati\u00e8re, pi\u00e8tement en \u00e9toile \u00e0 5 branches sur roulettes. 132 x 60 x 65 cm. 4 unit\u00e9s. Vendu \u00e0 l&rsquo;unit\u00e9 avec facult\u00e9 de r\u00e9union. Localisation : 6 rue Duret &#8211; 75116 Paris : 2-47, 2-66, 3-82, 3-75"}]},{"@type":"WebSite","@id":"https:\/\/wpe-encheres.com\/site\/#website","url":"https:\/\/wpe-encheres.com\/site\/","name":"wpe-encheres","description":"","publisher":{"@id":"https:\/\/wpe-encheres.com\/site\/#organization"},"potentialAction":[{"@type":"SearchAction","target":{"@type":"EntryPoint","urlTemplate":"https:\/\/wpe-encheres.com\/site\/?s={search_term_string}"},"query-input":{"@type":"PropertyValueSpecification","valueRequired":true,"valueName":"search_term_string"}}],"inLanguage":"fr-FR"},{"@type":"Organization","@id":"https:\/\/wpe-encheres.com\/site\/#organization","name":"wpe encheres","url":"https:\/\/wpe-encheres.com\/site\/","logo":{"@type":"ImageObject","inLanguage":"fr-FR","@id":"https:\/\/wpe-encheres.com\/site\/#\/schema\/logo\/image\/","url":"https:\/\/wpe-encheres.com\/site\/wp-content\/uploads\/2025\/08\/wpe-encheres-logo.png","contentUrl":"https:\/\/wpe-encheres.com\/site\/wp-content\/uploads\/2025\/08\/wpe-encheres-logo.png","width":300,"height":110,"caption":"wpe encheres"},"image":{"@id":"https:\/\/wpe-encheres.com\/site\/#\/schema\/logo\/image\/"}}]}},"_links":{"self":[{"href":"https:\/\/wpe-encheres.com\/site\/wp-json\/wp\/v2\/product\/24435","targetHints":{"allow":["GET"]}}],"collection":[{"href":"https:\/\/wpe-encheres.com\/site\/wp-json\/wp\/v2\/product"}],"about":[{"href":"https:\/\/wpe-encheres.com\/site\/wp-json\/wp\/v2\/types\/product"}],"wp:featuredmedia":[{"embeddable":true,"href":"https:\/\/wpe-encheres.com\/site\/wp-json\/wp\/v2\/media\/24436"}],"wp:attachment":[{"href":"https:\/\/wpe-encheres.com\/site\/wp-json\/wp\/v2\/media?parent=24435"}],"wp:term":[{"taxonomy":"product_brand","embeddable":true,"href":"https:\/\/wpe-encheres.com\/site\/wp-json\/wp\/v2\/product_brand?post=24435"},{"taxonomy":"product_cat","embeddable":true,"href":"https:\/\/wpe-encheres.com\/site\/wp-json\/wp\/v2\/product_cat?post=24435"},{"taxonomy":"product_tag","embeddable":true,"href":"https:\/\/wpe-encheres.com\/site\/wp-json\/wp\/v2\/product_tag?post=24435"}],"curies":[{"name":"wp","href":"https:\/\/api.w.org\/{rel}","templated":true}]}}