{"id":24396,"date":"2025-08-31T17:17:02","date_gmt":"2025-08-31T15:17:02","guid":{"rendered":"https:\/\/wpe-encheres.com\/site\/produit\/fauteuil-design-philip-stark-modele-dr-yes-edition-kartell-en-polypropylene-orange-80-x-55-x-55-cm-39-unites-vendu-a-lunite-avec-faculte-de-reunion-localisation-6-rue-duret-75116-paris-2-s\/"},"modified":"2025-12-01T19:12:55","modified_gmt":"2025-12-01T18:12:55","slug":"fauteuil-design-philip-stark-modele-dr-yes-edition-kartell-en-polypropylene-orange-80-x-55-x-55-cm-39-unites-vendu-a-lunite-avec-faculte-de-reunion-localisation-6-rue-duret-75116-paris-2-s","status":"publish","type":"product","link":"https:\/\/wpe-encheres.com\/site\/produit\/fauteuil-design-philip-stark-modele-dr-yes-edition-kartell-en-polypropylene-orange-80-x-55-x-55-cm-39-unites-vendu-a-lunite-avec-faculte-de-reunion-localisation-6-rue-duret-75116-paris-2-s\/","title":{"rendered":"Fauteuil design Philip Stark mod\u00e8le Dr.Yes \u00e9dition Kartell en polypropyl\u00e8ne orange. 80 x 55 x 55 cm. 39 unit\u00e9s.. Vendu \u00e0 l&rsquo;unit\u00e9 avec facult\u00e9 de r\u00e9union Localisation : 6 rue Duret &#8211; 75116 Paris : -2 salle r\u00e9union, -2 vestiaire, es 12"},"content":{"rendered":"<p>Fauteuil design Philip Stark mod\u00e8le Dr.Yes \u00e9dition Kartell en polypropyl\u00e8ne orange. 80 x 55 x 55 cm. 39 unit\u00e9s.. Vendu \u00e0 l&rsquo;unit\u00e9 avec facult\u00e9 de r\u00e9union Localisation : 6 rue Duret &#8211; 75116 Paris : -2 salle r\u00e9union, -2 vestiaire, es 12<\/p>\n","protected":false},"excerpt":{"rendered":"<p>Fauteuil design Philip Stark mod\u00e8le Dr.Yes \u00e9dition Kartell en polypropyl\u00e8ne orange. 80 x 55 x 55 cm. 39 unit\u00e9s.. Vendu \u00e0 l&rsquo;unit\u00e9 avec facult\u00e9 de r\u00e9union Localisation : 6 rue Duret &#8211; 75116 Paris : -2 salle r\u00e9union, -2 vestiaire, es 12<\/p>\n","protected":false},"featured_media":24397,"template":"","meta":{"_acf_changed":false},"product_brand":[],"product_cat":[22],"product_tag":[32],"class_list":{"0":"post-24396","1":"product","2":"type-product","3":"status-publish","4":"has-post-thumbnail","6":"product_cat-mobilier-design-haut-de-gamme","7":"product_tag-vente-du-18-juin-2025","9":"first","10":"outofstock","11":"product-type-simple"},"acf":[],"yoast_head":"<!-- This site is optimized with the Yoast SEO plugin v27.3 - https:\/\/yoast.com\/product\/yoast-seo-wordpress\/ -->\n<title>Fauteuil design Philip Stark mod\u00e8le Dr.Yes \u00e9dition Kartell en polypropyl\u00e8ne orange. 80 x 55 x 55 cm. 39 unit\u00e9s.. Vendu \u00e0 l&#039;unit\u00e9 avec facult\u00e9 de r\u00e9union Localisation : 6 rue Duret - 75116 Paris : -2 salle r\u00e9union, -2 vestiaire, es 12 - wpe-encheres<\/title>\n<meta name=\"robots\" content=\"index, follow, max-snippet:-1, max-image-preview:large, max-video-preview:-1\" \/>\n<link rel=\"canonical\" href=\"https:\/\/wpe-encheres.com\/site\/produit\/fauteuil-design-philip-stark-modele-dr-yes-edition-kartell-en-polypropylene-orange-80-x-55-x-55-cm-39-unites-vendu-a-lunite-avec-faculte-de-reunion-localisation-6-rue-duret-75116-paris-2-s\/\" \/>\n<meta property=\"og:locale\" content=\"fr_FR\" \/>\n<meta property=\"og:type\" content=\"article\" \/>\n<meta property=\"og:title\" content=\"Fauteuil design Philip Stark mod\u00e8le Dr.Yes \u00e9dition Kartell en polypropyl\u00e8ne orange. 80 x 55 x 55 cm. 39 unit\u00e9s.. Vendu \u00e0 l&#039;unit\u00e9 avec facult\u00e9 de r\u00e9union Localisation : 6 rue Duret - 75116 Paris : -2 salle r\u00e9union, -2 vestiaire, es 12 - wpe-encheres\" \/>\n<meta property=\"og:description\" content=\"Fauteuil design Philip Stark mod\u00e8le Dr.Yes \u00e9dition Kartell en polypropyl\u00e8ne orange. 80 x 55 x 55 cm. 39 unit\u00e9s.. Vendu \u00e0 l&#039;unit\u00e9 avec facult\u00e9 de r\u00e9union Localisation : 6 rue Duret - 75116 Paris : -2 salle r\u00e9union, -2 vestiaire, es 12\" \/>\n<meta property=\"og:url\" content=\"https:\/\/wpe-encheres.com\/site\/produit\/fauteuil-design-philip-stark-modele-dr-yes-edition-kartell-en-polypropylene-orange-80-x-55-x-55-cm-39-unites-vendu-a-lunite-avec-faculte-de-reunion-localisation-6-rue-duret-75116-paris-2-s\/\" \/>\n<meta property=\"og:site_name\" content=\"wpe-encheres\" \/>\n<meta property=\"article:modified_time\" content=\"2025-12-01T18:12:55+00:00\" \/>\n<meta property=\"og:image\" content=\"https:\/\/wpe-encheres.com\/site\/wp-content\/uploads\/2025\/08\/682b659274726.jpg\" \/>\n\t<meta property=\"og:image:width\" content=\"594\" \/>\n\t<meta property=\"og:image:height\" content=\"819\" \/>\n\t<meta property=\"og:image:type\" content=\"image\/jpeg\" \/>\n<meta name=\"twitter:card\" content=\"summary_large_image\" \/>\n<script type=\"application\/ld+json\" class=\"yoast-schema-graph\">{\"@context\":\"https:\\\/\\\/schema.org\",\"@graph\":[{\"@type\":\"WebPage\",\"@id\":\"https:\\\/\\\/wpe-encheres.com\\\/site\\\/produit\\\/fauteuil-design-philip-stark-modele-dr-yes-edition-kartell-en-polypropylene-orange-80-x-55-x-55-cm-39-unites-vendu-a-lunite-avec-faculte-de-reunion-localisation-6-rue-duret-75116-paris-2-s\\\/\",\"url\":\"https:\\\/\\\/wpe-encheres.com\\\/site\\\/produit\\\/fauteuil-design-philip-stark-modele-dr-yes-edition-kartell-en-polypropylene-orange-80-x-55-x-55-cm-39-unites-vendu-a-lunite-avec-faculte-de-reunion-localisation-6-rue-duret-75116-paris-2-s\\\/\",\"name\":\"Fauteuil design Philip Stark mod\u00e8le Dr.Yes \u00e9dition Kartell en polypropyl\u00e8ne orange. 80 x 55 x 55 cm. 39 unit\u00e9s.. Vendu \u00e0 l'unit\u00e9 avec facult\u00e9 de r\u00e9union Localisation : 6 rue Duret - 75116 Paris : -2 salle r\u00e9union, -2 vestiaire, es 12 - wpe-encheres\",\"isPartOf\":{\"@id\":\"https:\\\/\\\/wpe-encheres.com\\\/site\\\/#website\"},\"primaryImageOfPage\":{\"@id\":\"https:\\\/\\\/wpe-encheres.com\\\/site\\\/produit\\\/fauteuil-design-philip-stark-modele-dr-yes-edition-kartell-en-polypropylene-orange-80-x-55-x-55-cm-39-unites-vendu-a-lunite-avec-faculte-de-reunion-localisation-6-rue-duret-75116-paris-2-s\\\/#primaryimage\"},\"image\":{\"@id\":\"https:\\\/\\\/wpe-encheres.com\\\/site\\\/produit\\\/fauteuil-design-philip-stark-modele-dr-yes-edition-kartell-en-polypropylene-orange-80-x-55-x-55-cm-39-unites-vendu-a-lunite-avec-faculte-de-reunion-localisation-6-rue-duret-75116-paris-2-s\\\/#primaryimage\"},\"thumbnailUrl\":\"https:\\\/\\\/wpe-encheres.com\\\/site\\\/wp-content\\\/uploads\\\/2025\\\/08\\\/682b659274726.jpg\",\"datePublished\":\"2025-08-31T15:17:02+00:00\",\"dateModified\":\"2025-12-01T18:12:55+00:00\",\"breadcrumb\":{\"@id\":\"https:\\\/\\\/wpe-encheres.com\\\/site\\\/produit\\\/fauteuil-design-philip-stark-modele-dr-yes-edition-kartell-en-polypropylene-orange-80-x-55-x-55-cm-39-unites-vendu-a-lunite-avec-faculte-de-reunion-localisation-6-rue-duret-75116-paris-2-s\\\/#breadcrumb\"},\"inLanguage\":\"fr-FR\",\"potentialAction\":[{\"@type\":\"ReadAction\",\"target\":[\"https:\\\/\\\/wpe-encheres.com\\\/site\\\/produit\\\/fauteuil-design-philip-stark-modele-dr-yes-edition-kartell-en-polypropylene-orange-80-x-55-x-55-cm-39-unites-vendu-a-lunite-avec-faculte-de-reunion-localisation-6-rue-duret-75116-paris-2-s\\\/\"]}]},{\"@type\":\"ImageObject\",\"inLanguage\":\"fr-FR\",\"@id\":\"https:\\\/\\\/wpe-encheres.com\\\/site\\\/produit\\\/fauteuil-design-philip-stark-modele-dr-yes-edition-kartell-en-polypropylene-orange-80-x-55-x-55-cm-39-unites-vendu-a-lunite-avec-faculte-de-reunion-localisation-6-rue-duret-75116-paris-2-s\\\/#primaryimage\",\"url\":\"https:\\\/\\\/wpe-encheres.com\\\/site\\\/wp-content\\\/uploads\\\/2025\\\/08\\\/682b659274726.jpg\",\"contentUrl\":\"https:\\\/\\\/wpe-encheres.com\\\/site\\\/wp-content\\\/uploads\\\/2025\\\/08\\\/682b659274726.jpg\",\"width\":594,\"height\":819},{\"@type\":\"BreadcrumbList\",\"@id\":\"https:\\\/\\\/wpe-encheres.com\\\/site\\\/produit\\\/fauteuil-design-philip-stark-modele-dr-yes-edition-kartell-en-polypropylene-orange-80-x-55-x-55-cm-39-unites-vendu-a-lunite-avec-faculte-de-reunion-localisation-6-rue-duret-75116-paris-2-s\\\/#breadcrumb\",\"itemListElement\":[{\"@type\":\"ListItem\",\"position\":1,\"name\":\"Accueil\",\"item\":\"https:\\\/\\\/wpe-encheres.com\\\/site\\\/\"},{\"@type\":\"ListItem\",\"position\":2,\"name\":\"Boutique\",\"item\":\"https:\\\/\\\/wpe-encheres.com\\\/site\\\/?page_id=22765\"},{\"@type\":\"ListItem\",\"position\":3,\"name\":\"Fauteuil design Philip Stark mod\u00e8le Dr.Yes \u00e9dition Kartell en polypropyl\u00e8ne orange. 80 x 55 x 55 cm. 39 unit\u00e9s.. Vendu \u00e0 l&rsquo;unit\u00e9 avec facult\u00e9 de r\u00e9union Localisation : 6 rue Duret &#8211; 75116 Paris : -2 salle r\u00e9union, -2 vestiaire, es 12\"}]},{\"@type\":\"WebSite\",\"@id\":\"https:\\\/\\\/wpe-encheres.com\\\/site\\\/#website\",\"url\":\"https:\\\/\\\/wpe-encheres.com\\\/site\\\/\",\"name\":\"wpe-encheres\",\"description\":\"\",\"publisher\":{\"@id\":\"https:\\\/\\\/wpe-encheres.com\\\/site\\\/#organization\"},\"potentialAction\":[{\"@type\":\"SearchAction\",\"target\":{\"@type\":\"EntryPoint\",\"urlTemplate\":\"https:\\\/\\\/wpe-encheres.com\\\/site\\\/?s={search_term_string}\"},\"query-input\":{\"@type\":\"PropertyValueSpecification\",\"valueRequired\":true,\"valueName\":\"search_term_string\"}}],\"inLanguage\":\"fr-FR\"},{\"@type\":\"Organization\",\"@id\":\"https:\\\/\\\/wpe-encheres.com\\\/site\\\/#organization\",\"name\":\"wpe encheres\",\"url\":\"https:\\\/\\\/wpe-encheres.com\\\/site\\\/\",\"logo\":{\"@type\":\"ImageObject\",\"inLanguage\":\"fr-FR\",\"@id\":\"https:\\\/\\\/wpe-encheres.com\\\/site\\\/#\\\/schema\\\/logo\\\/image\\\/\",\"url\":\"https:\\\/\\\/wpe-encheres.com\\\/site\\\/wp-content\\\/uploads\\\/2025\\\/08\\\/wpe-encheres-logo.png\",\"contentUrl\":\"https:\\\/\\\/wpe-encheres.com\\\/site\\\/wp-content\\\/uploads\\\/2025\\\/08\\\/wpe-encheres-logo.png\",\"width\":300,\"height\":110,\"caption\":\"wpe encheres\"},\"image\":{\"@id\":\"https:\\\/\\\/wpe-encheres.com\\\/site\\\/#\\\/schema\\\/logo\\\/image\\\/\"}}]}<\/script>\n<!-- \/ Yoast SEO plugin. -->","yoast_head_json":{"title":"Fauteuil design Philip Stark mod\u00e8le Dr.Yes \u00e9dition Kartell en polypropyl\u00e8ne orange. 80 x 55 x 55 cm. 39 unit\u00e9s.. Vendu \u00e0 l'unit\u00e9 avec facult\u00e9 de r\u00e9union Localisation : 6 rue Duret - 75116 Paris : -2 salle r\u00e9union, -2 vestiaire, es 12 - wpe-encheres","robots":{"index":"index","follow":"follow","max-snippet":"max-snippet:-1","max-image-preview":"max-image-preview:large","max-video-preview":"max-video-preview:-1"},"canonical":"https:\/\/wpe-encheres.com\/site\/produit\/fauteuil-design-philip-stark-modele-dr-yes-edition-kartell-en-polypropylene-orange-80-x-55-x-55-cm-39-unites-vendu-a-lunite-avec-faculte-de-reunion-localisation-6-rue-duret-75116-paris-2-s\/","og_locale":"fr_FR","og_type":"article","og_title":"Fauteuil design Philip Stark mod\u00e8le Dr.Yes \u00e9dition Kartell en polypropyl\u00e8ne orange. 80 x 55 x 55 cm. 39 unit\u00e9s.. Vendu \u00e0 l'unit\u00e9 avec facult\u00e9 de r\u00e9union Localisation : 6 rue Duret - 75116 Paris : -2 salle r\u00e9union, -2 vestiaire, es 12 - wpe-encheres","og_description":"Fauteuil design Philip Stark mod\u00e8le Dr.Yes \u00e9dition Kartell en polypropyl\u00e8ne orange. 80 x 55 x 55 cm. 39 unit\u00e9s.. Vendu \u00e0 l'unit\u00e9 avec facult\u00e9 de r\u00e9union Localisation : 6 rue Duret - 75116 Paris : -2 salle r\u00e9union, -2 vestiaire, es 12","og_url":"https:\/\/wpe-encheres.com\/site\/produit\/fauteuil-design-philip-stark-modele-dr-yes-edition-kartell-en-polypropylene-orange-80-x-55-x-55-cm-39-unites-vendu-a-lunite-avec-faculte-de-reunion-localisation-6-rue-duret-75116-paris-2-s\/","og_site_name":"wpe-encheres","article_modified_time":"2025-12-01T18:12:55+00:00","og_image":[{"width":594,"height":819,"url":"https:\/\/wpe-encheres.com\/site\/wp-content\/uploads\/2025\/08\/682b659274726.jpg","type":"image\/jpeg"}],"twitter_card":"summary_large_image","schema":{"@context":"https:\/\/schema.org","@graph":[{"@type":"WebPage","@id":"https:\/\/wpe-encheres.com\/site\/produit\/fauteuil-design-philip-stark-modele-dr-yes-edition-kartell-en-polypropylene-orange-80-x-55-x-55-cm-39-unites-vendu-a-lunite-avec-faculte-de-reunion-localisation-6-rue-duret-75116-paris-2-s\/","url":"https:\/\/wpe-encheres.com\/site\/produit\/fauteuil-design-philip-stark-modele-dr-yes-edition-kartell-en-polypropylene-orange-80-x-55-x-55-cm-39-unites-vendu-a-lunite-avec-faculte-de-reunion-localisation-6-rue-duret-75116-paris-2-s\/","name":"Fauteuil design Philip Stark mod\u00e8le Dr.Yes \u00e9dition Kartell en polypropyl\u00e8ne orange. 80 x 55 x 55 cm. 39 unit\u00e9s.. Vendu \u00e0 l'unit\u00e9 avec facult\u00e9 de r\u00e9union Localisation : 6 rue Duret - 75116 Paris : -2 salle r\u00e9union, -2 vestiaire, es 12 - wpe-encheres","isPartOf":{"@id":"https:\/\/wpe-encheres.com\/site\/#website"},"primaryImageOfPage":{"@id":"https:\/\/wpe-encheres.com\/site\/produit\/fauteuil-design-philip-stark-modele-dr-yes-edition-kartell-en-polypropylene-orange-80-x-55-x-55-cm-39-unites-vendu-a-lunite-avec-faculte-de-reunion-localisation-6-rue-duret-75116-paris-2-s\/#primaryimage"},"image":{"@id":"https:\/\/wpe-encheres.com\/site\/produit\/fauteuil-design-philip-stark-modele-dr-yes-edition-kartell-en-polypropylene-orange-80-x-55-x-55-cm-39-unites-vendu-a-lunite-avec-faculte-de-reunion-localisation-6-rue-duret-75116-paris-2-s\/#primaryimage"},"thumbnailUrl":"https:\/\/wpe-encheres.com\/site\/wp-content\/uploads\/2025\/08\/682b659274726.jpg","datePublished":"2025-08-31T15:17:02+00:00","dateModified":"2025-12-01T18:12:55+00:00","breadcrumb":{"@id":"https:\/\/wpe-encheres.com\/site\/produit\/fauteuil-design-philip-stark-modele-dr-yes-edition-kartell-en-polypropylene-orange-80-x-55-x-55-cm-39-unites-vendu-a-lunite-avec-faculte-de-reunion-localisation-6-rue-duret-75116-paris-2-s\/#breadcrumb"},"inLanguage":"fr-FR","potentialAction":[{"@type":"ReadAction","target":["https:\/\/wpe-encheres.com\/site\/produit\/fauteuil-design-philip-stark-modele-dr-yes-edition-kartell-en-polypropylene-orange-80-x-55-x-55-cm-39-unites-vendu-a-lunite-avec-faculte-de-reunion-localisation-6-rue-duret-75116-paris-2-s\/"]}]},{"@type":"ImageObject","inLanguage":"fr-FR","@id":"https:\/\/wpe-encheres.com\/site\/produit\/fauteuil-design-philip-stark-modele-dr-yes-edition-kartell-en-polypropylene-orange-80-x-55-x-55-cm-39-unites-vendu-a-lunite-avec-faculte-de-reunion-localisation-6-rue-duret-75116-paris-2-s\/#primaryimage","url":"https:\/\/wpe-encheres.com\/site\/wp-content\/uploads\/2025\/08\/682b659274726.jpg","contentUrl":"https:\/\/wpe-encheres.com\/site\/wp-content\/uploads\/2025\/08\/682b659274726.jpg","width":594,"height":819},{"@type":"BreadcrumbList","@id":"https:\/\/wpe-encheres.com\/site\/produit\/fauteuil-design-philip-stark-modele-dr-yes-edition-kartell-en-polypropylene-orange-80-x-55-x-55-cm-39-unites-vendu-a-lunite-avec-faculte-de-reunion-localisation-6-rue-duret-75116-paris-2-s\/#breadcrumb","itemListElement":[{"@type":"ListItem","position":1,"name":"Accueil","item":"https:\/\/wpe-encheres.com\/site\/"},{"@type":"ListItem","position":2,"name":"Boutique","item":"https:\/\/wpe-encheres.com\/site\/?page_id=22765"},{"@type":"ListItem","position":3,"name":"Fauteuil design Philip Stark mod\u00e8le Dr.Yes \u00e9dition Kartell en polypropyl\u00e8ne orange. 80 x 55 x 55 cm. 39 unit\u00e9s.. Vendu \u00e0 l&rsquo;unit\u00e9 avec facult\u00e9 de r\u00e9union Localisation : 6 rue Duret &#8211; 75116 Paris : -2 salle r\u00e9union, -2 vestiaire, es 12"}]},{"@type":"WebSite","@id":"https:\/\/wpe-encheres.com\/site\/#website","url":"https:\/\/wpe-encheres.com\/site\/","name":"wpe-encheres","description":"","publisher":{"@id":"https:\/\/wpe-encheres.com\/site\/#organization"},"potentialAction":[{"@type":"SearchAction","target":{"@type":"EntryPoint","urlTemplate":"https:\/\/wpe-encheres.com\/site\/?s={search_term_string}"},"query-input":{"@type":"PropertyValueSpecification","valueRequired":true,"valueName":"search_term_string"}}],"inLanguage":"fr-FR"},{"@type":"Organization","@id":"https:\/\/wpe-encheres.com\/site\/#organization","name":"wpe encheres","url":"https:\/\/wpe-encheres.com\/site\/","logo":{"@type":"ImageObject","inLanguage":"fr-FR","@id":"https:\/\/wpe-encheres.com\/site\/#\/schema\/logo\/image\/","url":"https:\/\/wpe-encheres.com\/site\/wp-content\/uploads\/2025\/08\/wpe-encheres-logo.png","contentUrl":"https:\/\/wpe-encheres.com\/site\/wp-content\/uploads\/2025\/08\/wpe-encheres-logo.png","width":300,"height":110,"caption":"wpe encheres"},"image":{"@id":"https:\/\/wpe-encheres.com\/site\/#\/schema\/logo\/image\/"}}]}},"_links":{"self":[{"href":"https:\/\/wpe-encheres.com\/site\/wp-json\/wp\/v2\/product\/24396","targetHints":{"allow":["GET"]}}],"collection":[{"href":"https:\/\/wpe-encheres.com\/site\/wp-json\/wp\/v2\/product"}],"about":[{"href":"https:\/\/wpe-encheres.com\/site\/wp-json\/wp\/v2\/types\/product"}],"wp:featuredmedia":[{"embeddable":true,"href":"https:\/\/wpe-encheres.com\/site\/wp-json\/wp\/v2\/media\/24397"}],"wp:attachment":[{"href":"https:\/\/wpe-encheres.com\/site\/wp-json\/wp\/v2\/media?parent=24396"}],"wp:term":[{"taxonomy":"product_brand","embeddable":true,"href":"https:\/\/wpe-encheres.com\/site\/wp-json\/wp\/v2\/product_brand?post=24396"},{"taxonomy":"product_cat","embeddable":true,"href":"https:\/\/wpe-encheres.com\/site\/wp-json\/wp\/v2\/product_cat?post=24396"},{"taxonomy":"product_tag","embeddable":true,"href":"https:\/\/wpe-encheres.com\/site\/wp-json\/wp\/v2\/product_tag?post=24396"}],"curies":[{"name":"wp","href":"https:\/\/api.w.org\/{rel}","templated":true}]}}