{"id":24214,"date":"2025-08-31T17:15:29","date_gmt":"2025-08-31T15:15:29","guid":{"rendered":"https:\/\/wpe-encheres.com\/site\/produit\/chaise-ikea-design-maja-ganszyniec-modele-ronninge-edition-en-bois-noir-avec-dossier-incurve-80-x-45-x-50-cm-12-unites-vendu-a-lunite-avec-faculte-de-reunion-localisation-10-rue-petit-75019-p\/"},"modified":"2025-12-01T19:13:06","modified_gmt":"2025-12-01T18:13:06","slug":"chaise-ikea-design-maja-ganszyniec-modele-ronninge-edition-en-bois-noir-avec-dossier-incurve-80-x-45-x-50-cm-12-unites-vendu-a-lunite-avec-faculte-de-reunion-localisation-10-rue-petit-75019-p","status":"publish","type":"product","link":"https:\/\/wpe-encheres.com\/site\/produit\/chaise-ikea-design-maja-ganszyniec-modele-ronninge-edition-en-bois-noir-avec-dossier-incurve-80-x-45-x-50-cm-12-unites-vendu-a-lunite-avec-faculte-de-reunion-localisation-10-rue-petit-75019-p\/","title":{"rendered":"Chaise IKEA design Maja Ganszyniec mod\u00e8le R\u00f4nninge \u00e9dition en bois noir avec dossier incurv\u00e9. 80 x 45 x 50 cm. 12 unit\u00e9s. Vendu \u00e0 l&rsquo;unit\u00e9 avec facult\u00e9 de r\u00e9union. Localisation : 10 rue Petit &#8211; 75019 Paris (3\u00e8me)"},"content":{"rendered":"<p>Chaise IKEA design Maja Ganszyniec mod\u00e8le R\u00f4nninge \u00e9dition en bois noir avec dossier incurv\u00e9. 80 x 45 x 50 cm. 12 unit\u00e9s. Vendu \u00e0 l&rsquo;unit\u00e9 avec facult\u00e9 de r\u00e9union. Localisation : 10 rue Petit &#8211; 75019 Paris (3\u00e8me)<\/p>\n","protected":false},"excerpt":{"rendered":"<p>Chaise IKEA design Maja Ganszyniec mod\u00e8le R\u00f4nninge \u00e9dition en bois noir avec dossier incurv\u00e9. 80 x 45 x 50 cm. 12 unit\u00e9s. Vendu \u00e0 l&rsquo;unit\u00e9 avec facult\u00e9 de r\u00e9union. Localisation : 10 rue Petit &#8211; 75019 Paris (3\u00e8me)<\/p>\n","protected":false},"featured_media":24215,"template":"","meta":{"_acf_changed":false},"product_brand":[],"product_cat":[22],"product_tag":[32],"class_list":{"0":"post-24214","1":"product","2":"type-product","3":"status-publish","4":"has-post-thumbnail","6":"product_cat-mobilier-design-haut-de-gamme","7":"product_tag-vente-du-18-juin-2025","9":"first","10":"outofstock","11":"product-type-simple"},"acf":[],"yoast_head":"<!-- This site is optimized with the Yoast SEO plugin v27.3 - https:\/\/yoast.com\/product\/yoast-seo-wordpress\/ -->\n<title>Chaise IKEA design Maja Ganszyniec mod\u00e8le R\u00f4nninge \u00e9dition en bois noir avec dossier incurv\u00e9. 80 x 45 x 50 cm. 12 unit\u00e9s. Vendu \u00e0 l&#039;unit\u00e9 avec facult\u00e9 de r\u00e9union. Localisation : 10 rue Petit - 75019 Paris (3\u00e8me) - wpe-encheres<\/title>\n<meta name=\"robots\" content=\"index, follow, max-snippet:-1, max-image-preview:large, max-video-preview:-1\" \/>\n<link rel=\"canonical\" href=\"https:\/\/wpe-encheres.com\/site\/produit\/chaise-ikea-design-maja-ganszyniec-modele-ronninge-edition-en-bois-noir-avec-dossier-incurve-80-x-45-x-50-cm-12-unites-vendu-a-lunite-avec-faculte-de-reunion-localisation-10-rue-petit-75019-p\/\" \/>\n<meta property=\"og:locale\" content=\"fr_FR\" \/>\n<meta property=\"og:type\" content=\"article\" \/>\n<meta property=\"og:title\" content=\"Chaise IKEA design Maja Ganszyniec mod\u00e8le R\u00f4nninge \u00e9dition en bois noir avec dossier incurv\u00e9. 80 x 45 x 50 cm. 12 unit\u00e9s. Vendu \u00e0 l&#039;unit\u00e9 avec facult\u00e9 de r\u00e9union. Localisation : 10 rue Petit - 75019 Paris (3\u00e8me) - wpe-encheres\" \/>\n<meta property=\"og:description\" content=\"Chaise IKEA design Maja Ganszyniec mod\u00e8le R\u00f4nninge \u00e9dition en bois noir avec dossier incurv\u00e9. 80 x 45 x 50 cm. 12 unit\u00e9s. Vendu \u00e0 l&#039;unit\u00e9 avec facult\u00e9 de r\u00e9union. Localisation : 10 rue Petit - 75019 Paris (3\u00e8me)\" \/>\n<meta property=\"og:url\" content=\"https:\/\/wpe-encheres.com\/site\/produit\/chaise-ikea-design-maja-ganszyniec-modele-ronninge-edition-en-bois-noir-avec-dossier-incurve-80-x-45-x-50-cm-12-unites-vendu-a-lunite-avec-faculte-de-reunion-localisation-10-rue-petit-75019-p\/\" \/>\n<meta property=\"og:site_name\" content=\"wpe-encheres\" \/>\n<meta property=\"article:modified_time\" content=\"2025-12-01T18:13:06+00:00\" \/>\n<meta property=\"og:image\" content=\"https:\/\/wpe-encheres.com\/site\/wp-content\/uploads\/2025\/08\/682b1212b8b32.jpg\" \/>\n\t<meta property=\"og:image:width\" content=\"625\" \/>\n\t<meta property=\"og:image:height\" content=\"898\" \/>\n\t<meta property=\"og:image:type\" content=\"image\/jpeg\" \/>\n<meta name=\"twitter:card\" content=\"summary_large_image\" \/>\n<script type=\"application\/ld+json\" class=\"yoast-schema-graph\">{\"@context\":\"https:\\\/\\\/schema.org\",\"@graph\":[{\"@type\":\"WebPage\",\"@id\":\"https:\\\/\\\/wpe-encheres.com\\\/site\\\/produit\\\/chaise-ikea-design-maja-ganszyniec-modele-ronninge-edition-en-bois-noir-avec-dossier-incurve-80-x-45-x-50-cm-12-unites-vendu-a-lunite-avec-faculte-de-reunion-localisation-10-rue-petit-75019-p\\\/\",\"url\":\"https:\\\/\\\/wpe-encheres.com\\\/site\\\/produit\\\/chaise-ikea-design-maja-ganszyniec-modele-ronninge-edition-en-bois-noir-avec-dossier-incurve-80-x-45-x-50-cm-12-unites-vendu-a-lunite-avec-faculte-de-reunion-localisation-10-rue-petit-75019-p\\\/\",\"name\":\"Chaise IKEA design Maja Ganszyniec mod\u00e8le R\u00f4nninge \u00e9dition en bois noir avec dossier incurv\u00e9. 80 x 45 x 50 cm. 12 unit\u00e9s. Vendu \u00e0 l'unit\u00e9 avec facult\u00e9 de r\u00e9union. Localisation : 10 rue Petit - 75019 Paris (3\u00e8me) - wpe-encheres\",\"isPartOf\":{\"@id\":\"https:\\\/\\\/wpe-encheres.com\\\/site\\\/#website\"},\"primaryImageOfPage\":{\"@id\":\"https:\\\/\\\/wpe-encheres.com\\\/site\\\/produit\\\/chaise-ikea-design-maja-ganszyniec-modele-ronninge-edition-en-bois-noir-avec-dossier-incurve-80-x-45-x-50-cm-12-unites-vendu-a-lunite-avec-faculte-de-reunion-localisation-10-rue-petit-75019-p\\\/#primaryimage\"},\"image\":{\"@id\":\"https:\\\/\\\/wpe-encheres.com\\\/site\\\/produit\\\/chaise-ikea-design-maja-ganszyniec-modele-ronninge-edition-en-bois-noir-avec-dossier-incurve-80-x-45-x-50-cm-12-unites-vendu-a-lunite-avec-faculte-de-reunion-localisation-10-rue-petit-75019-p\\\/#primaryimage\"},\"thumbnailUrl\":\"https:\\\/\\\/wpe-encheres.com\\\/site\\\/wp-content\\\/uploads\\\/2025\\\/08\\\/682b1212b8b32.jpg\",\"datePublished\":\"2025-08-31T15:15:29+00:00\",\"dateModified\":\"2025-12-01T18:13:06+00:00\",\"breadcrumb\":{\"@id\":\"https:\\\/\\\/wpe-encheres.com\\\/site\\\/produit\\\/chaise-ikea-design-maja-ganszyniec-modele-ronninge-edition-en-bois-noir-avec-dossier-incurve-80-x-45-x-50-cm-12-unites-vendu-a-lunite-avec-faculte-de-reunion-localisation-10-rue-petit-75019-p\\\/#breadcrumb\"},\"inLanguage\":\"fr-FR\",\"potentialAction\":[{\"@type\":\"ReadAction\",\"target\":[\"https:\\\/\\\/wpe-encheres.com\\\/site\\\/produit\\\/chaise-ikea-design-maja-ganszyniec-modele-ronninge-edition-en-bois-noir-avec-dossier-incurve-80-x-45-x-50-cm-12-unites-vendu-a-lunite-avec-faculte-de-reunion-localisation-10-rue-petit-75019-p\\\/\"]}]},{\"@type\":\"ImageObject\",\"inLanguage\":\"fr-FR\",\"@id\":\"https:\\\/\\\/wpe-encheres.com\\\/site\\\/produit\\\/chaise-ikea-design-maja-ganszyniec-modele-ronninge-edition-en-bois-noir-avec-dossier-incurve-80-x-45-x-50-cm-12-unites-vendu-a-lunite-avec-faculte-de-reunion-localisation-10-rue-petit-75019-p\\\/#primaryimage\",\"url\":\"https:\\\/\\\/wpe-encheres.com\\\/site\\\/wp-content\\\/uploads\\\/2025\\\/08\\\/682b1212b8b32.jpg\",\"contentUrl\":\"https:\\\/\\\/wpe-encheres.com\\\/site\\\/wp-content\\\/uploads\\\/2025\\\/08\\\/682b1212b8b32.jpg\",\"width\":625,\"height\":898},{\"@type\":\"BreadcrumbList\",\"@id\":\"https:\\\/\\\/wpe-encheres.com\\\/site\\\/produit\\\/chaise-ikea-design-maja-ganszyniec-modele-ronninge-edition-en-bois-noir-avec-dossier-incurve-80-x-45-x-50-cm-12-unites-vendu-a-lunite-avec-faculte-de-reunion-localisation-10-rue-petit-75019-p\\\/#breadcrumb\",\"itemListElement\":[{\"@type\":\"ListItem\",\"position\":1,\"name\":\"Accueil\",\"item\":\"https:\\\/\\\/wpe-encheres.com\\\/site\\\/\"},{\"@type\":\"ListItem\",\"position\":2,\"name\":\"Boutique\",\"item\":\"https:\\\/\\\/wpe-encheres.com\\\/site\\\/?page_id=22765\"},{\"@type\":\"ListItem\",\"position\":3,\"name\":\"Chaise IKEA design Maja Ganszyniec mod\u00e8le R\u00f4nninge \u00e9dition en bois noir avec dossier incurv\u00e9. 80 x 45 x 50 cm. 12 unit\u00e9s. Vendu \u00e0 l&rsquo;unit\u00e9 avec facult\u00e9 de r\u00e9union. Localisation : 10 rue Petit &#8211; 75019 Paris (3\u00e8me)\"}]},{\"@type\":\"WebSite\",\"@id\":\"https:\\\/\\\/wpe-encheres.com\\\/site\\\/#website\",\"url\":\"https:\\\/\\\/wpe-encheres.com\\\/site\\\/\",\"name\":\"wpe-encheres\",\"description\":\"\",\"publisher\":{\"@id\":\"https:\\\/\\\/wpe-encheres.com\\\/site\\\/#organization\"},\"potentialAction\":[{\"@type\":\"SearchAction\",\"target\":{\"@type\":\"EntryPoint\",\"urlTemplate\":\"https:\\\/\\\/wpe-encheres.com\\\/site\\\/?s={search_term_string}\"},\"query-input\":{\"@type\":\"PropertyValueSpecification\",\"valueRequired\":true,\"valueName\":\"search_term_string\"}}],\"inLanguage\":\"fr-FR\"},{\"@type\":\"Organization\",\"@id\":\"https:\\\/\\\/wpe-encheres.com\\\/site\\\/#organization\",\"name\":\"wpe encheres\",\"url\":\"https:\\\/\\\/wpe-encheres.com\\\/site\\\/\",\"logo\":{\"@type\":\"ImageObject\",\"inLanguage\":\"fr-FR\",\"@id\":\"https:\\\/\\\/wpe-encheres.com\\\/site\\\/#\\\/schema\\\/logo\\\/image\\\/\",\"url\":\"https:\\\/\\\/wpe-encheres.com\\\/site\\\/wp-content\\\/uploads\\\/2025\\\/08\\\/wpe-encheres-logo.png\",\"contentUrl\":\"https:\\\/\\\/wpe-encheres.com\\\/site\\\/wp-content\\\/uploads\\\/2025\\\/08\\\/wpe-encheres-logo.png\",\"width\":300,\"height\":110,\"caption\":\"wpe encheres\"},\"image\":{\"@id\":\"https:\\\/\\\/wpe-encheres.com\\\/site\\\/#\\\/schema\\\/logo\\\/image\\\/\"}}]}<\/script>\n<!-- \/ Yoast SEO plugin. -->","yoast_head_json":{"title":"Chaise IKEA design Maja Ganszyniec mod\u00e8le R\u00f4nninge \u00e9dition en bois noir avec dossier incurv\u00e9. 80 x 45 x 50 cm. 12 unit\u00e9s. Vendu \u00e0 l'unit\u00e9 avec facult\u00e9 de r\u00e9union. Localisation : 10 rue Petit - 75019 Paris (3\u00e8me) - wpe-encheres","robots":{"index":"index","follow":"follow","max-snippet":"max-snippet:-1","max-image-preview":"max-image-preview:large","max-video-preview":"max-video-preview:-1"},"canonical":"https:\/\/wpe-encheres.com\/site\/produit\/chaise-ikea-design-maja-ganszyniec-modele-ronninge-edition-en-bois-noir-avec-dossier-incurve-80-x-45-x-50-cm-12-unites-vendu-a-lunite-avec-faculte-de-reunion-localisation-10-rue-petit-75019-p\/","og_locale":"fr_FR","og_type":"article","og_title":"Chaise IKEA design Maja Ganszyniec mod\u00e8le R\u00f4nninge \u00e9dition en bois noir avec dossier incurv\u00e9. 80 x 45 x 50 cm. 12 unit\u00e9s. Vendu \u00e0 l'unit\u00e9 avec facult\u00e9 de r\u00e9union. Localisation : 10 rue Petit - 75019 Paris (3\u00e8me) - wpe-encheres","og_description":"Chaise IKEA design Maja Ganszyniec mod\u00e8le R\u00f4nninge \u00e9dition en bois noir avec dossier incurv\u00e9. 80 x 45 x 50 cm. 12 unit\u00e9s. Vendu \u00e0 l'unit\u00e9 avec facult\u00e9 de r\u00e9union. Localisation : 10 rue Petit - 75019 Paris (3\u00e8me)","og_url":"https:\/\/wpe-encheres.com\/site\/produit\/chaise-ikea-design-maja-ganszyniec-modele-ronninge-edition-en-bois-noir-avec-dossier-incurve-80-x-45-x-50-cm-12-unites-vendu-a-lunite-avec-faculte-de-reunion-localisation-10-rue-petit-75019-p\/","og_site_name":"wpe-encheres","article_modified_time":"2025-12-01T18:13:06+00:00","og_image":[{"width":625,"height":898,"url":"https:\/\/wpe-encheres.com\/site\/wp-content\/uploads\/2025\/08\/682b1212b8b32.jpg","type":"image\/jpeg"}],"twitter_card":"summary_large_image","schema":{"@context":"https:\/\/schema.org","@graph":[{"@type":"WebPage","@id":"https:\/\/wpe-encheres.com\/site\/produit\/chaise-ikea-design-maja-ganszyniec-modele-ronninge-edition-en-bois-noir-avec-dossier-incurve-80-x-45-x-50-cm-12-unites-vendu-a-lunite-avec-faculte-de-reunion-localisation-10-rue-petit-75019-p\/","url":"https:\/\/wpe-encheres.com\/site\/produit\/chaise-ikea-design-maja-ganszyniec-modele-ronninge-edition-en-bois-noir-avec-dossier-incurve-80-x-45-x-50-cm-12-unites-vendu-a-lunite-avec-faculte-de-reunion-localisation-10-rue-petit-75019-p\/","name":"Chaise IKEA design Maja Ganszyniec mod\u00e8le R\u00f4nninge \u00e9dition en bois noir avec dossier incurv\u00e9. 80 x 45 x 50 cm. 12 unit\u00e9s. Vendu \u00e0 l'unit\u00e9 avec facult\u00e9 de r\u00e9union. Localisation : 10 rue Petit - 75019 Paris (3\u00e8me) - wpe-encheres","isPartOf":{"@id":"https:\/\/wpe-encheres.com\/site\/#website"},"primaryImageOfPage":{"@id":"https:\/\/wpe-encheres.com\/site\/produit\/chaise-ikea-design-maja-ganszyniec-modele-ronninge-edition-en-bois-noir-avec-dossier-incurve-80-x-45-x-50-cm-12-unites-vendu-a-lunite-avec-faculte-de-reunion-localisation-10-rue-petit-75019-p\/#primaryimage"},"image":{"@id":"https:\/\/wpe-encheres.com\/site\/produit\/chaise-ikea-design-maja-ganszyniec-modele-ronninge-edition-en-bois-noir-avec-dossier-incurve-80-x-45-x-50-cm-12-unites-vendu-a-lunite-avec-faculte-de-reunion-localisation-10-rue-petit-75019-p\/#primaryimage"},"thumbnailUrl":"https:\/\/wpe-encheres.com\/site\/wp-content\/uploads\/2025\/08\/682b1212b8b32.jpg","datePublished":"2025-08-31T15:15:29+00:00","dateModified":"2025-12-01T18:13:06+00:00","breadcrumb":{"@id":"https:\/\/wpe-encheres.com\/site\/produit\/chaise-ikea-design-maja-ganszyniec-modele-ronninge-edition-en-bois-noir-avec-dossier-incurve-80-x-45-x-50-cm-12-unites-vendu-a-lunite-avec-faculte-de-reunion-localisation-10-rue-petit-75019-p\/#breadcrumb"},"inLanguage":"fr-FR","potentialAction":[{"@type":"ReadAction","target":["https:\/\/wpe-encheres.com\/site\/produit\/chaise-ikea-design-maja-ganszyniec-modele-ronninge-edition-en-bois-noir-avec-dossier-incurve-80-x-45-x-50-cm-12-unites-vendu-a-lunite-avec-faculte-de-reunion-localisation-10-rue-petit-75019-p\/"]}]},{"@type":"ImageObject","inLanguage":"fr-FR","@id":"https:\/\/wpe-encheres.com\/site\/produit\/chaise-ikea-design-maja-ganszyniec-modele-ronninge-edition-en-bois-noir-avec-dossier-incurve-80-x-45-x-50-cm-12-unites-vendu-a-lunite-avec-faculte-de-reunion-localisation-10-rue-petit-75019-p\/#primaryimage","url":"https:\/\/wpe-encheres.com\/site\/wp-content\/uploads\/2025\/08\/682b1212b8b32.jpg","contentUrl":"https:\/\/wpe-encheres.com\/site\/wp-content\/uploads\/2025\/08\/682b1212b8b32.jpg","width":625,"height":898},{"@type":"BreadcrumbList","@id":"https:\/\/wpe-encheres.com\/site\/produit\/chaise-ikea-design-maja-ganszyniec-modele-ronninge-edition-en-bois-noir-avec-dossier-incurve-80-x-45-x-50-cm-12-unites-vendu-a-lunite-avec-faculte-de-reunion-localisation-10-rue-petit-75019-p\/#breadcrumb","itemListElement":[{"@type":"ListItem","position":1,"name":"Accueil","item":"https:\/\/wpe-encheres.com\/site\/"},{"@type":"ListItem","position":2,"name":"Boutique","item":"https:\/\/wpe-encheres.com\/site\/?page_id=22765"},{"@type":"ListItem","position":3,"name":"Chaise IKEA design Maja Ganszyniec mod\u00e8le R\u00f4nninge \u00e9dition en bois noir avec dossier incurv\u00e9. 80 x 45 x 50 cm. 12 unit\u00e9s. Vendu \u00e0 l&rsquo;unit\u00e9 avec facult\u00e9 de r\u00e9union. Localisation : 10 rue Petit &#8211; 75019 Paris (3\u00e8me)"}]},{"@type":"WebSite","@id":"https:\/\/wpe-encheres.com\/site\/#website","url":"https:\/\/wpe-encheres.com\/site\/","name":"wpe-encheres","description":"","publisher":{"@id":"https:\/\/wpe-encheres.com\/site\/#organization"},"potentialAction":[{"@type":"SearchAction","target":{"@type":"EntryPoint","urlTemplate":"https:\/\/wpe-encheres.com\/site\/?s={search_term_string}"},"query-input":{"@type":"PropertyValueSpecification","valueRequired":true,"valueName":"search_term_string"}}],"inLanguage":"fr-FR"},{"@type":"Organization","@id":"https:\/\/wpe-encheres.com\/site\/#organization","name":"wpe encheres","url":"https:\/\/wpe-encheres.com\/site\/","logo":{"@type":"ImageObject","inLanguage":"fr-FR","@id":"https:\/\/wpe-encheres.com\/site\/#\/schema\/logo\/image\/","url":"https:\/\/wpe-encheres.com\/site\/wp-content\/uploads\/2025\/08\/wpe-encheres-logo.png","contentUrl":"https:\/\/wpe-encheres.com\/site\/wp-content\/uploads\/2025\/08\/wpe-encheres-logo.png","width":300,"height":110,"caption":"wpe encheres"},"image":{"@id":"https:\/\/wpe-encheres.com\/site\/#\/schema\/logo\/image\/"}}]}},"_links":{"self":[{"href":"https:\/\/wpe-encheres.com\/site\/wp-json\/wp\/v2\/product\/24214","targetHints":{"allow":["GET"]}}],"collection":[{"href":"https:\/\/wpe-encheres.com\/site\/wp-json\/wp\/v2\/product"}],"about":[{"href":"https:\/\/wpe-encheres.com\/site\/wp-json\/wp\/v2\/types\/product"}],"wp:featuredmedia":[{"embeddable":true,"href":"https:\/\/wpe-encheres.com\/site\/wp-json\/wp\/v2\/media\/24215"}],"wp:attachment":[{"href":"https:\/\/wpe-encheres.com\/site\/wp-json\/wp\/v2\/media?parent=24214"}],"wp:term":[{"taxonomy":"product_brand","embeddable":true,"href":"https:\/\/wpe-encheres.com\/site\/wp-json\/wp\/v2\/product_brand?post=24214"},{"taxonomy":"product_cat","embeddable":true,"href":"https:\/\/wpe-encheres.com\/site\/wp-json\/wp\/v2\/product_cat?post=24214"},{"taxonomy":"product_tag","embeddable":true,"href":"https:\/\/wpe-encheres.com\/site\/wp-json\/wp\/v2\/product_tag?post=24214"}],"curies":[{"name":"wp","href":"https:\/\/api.w.org\/{rel}","templated":true}]}}