{"id":24159,"date":"2025-08-31T17:14:53","date_gmt":"2025-08-31T15:14:53","guid":{"rendered":"https:\/\/wpe-encheres.com\/site\/produit\/espace-dattente-design-jasper-morrison-modele-vega-comprenant-3-sieges-solidarises-recouverts-de-tissu-noir-et-blanc-structure-en-acier-chrome-75-x-168-x-58-cm-localisation-10-rue-petit-75019\/"},"modified":"2025-12-01T19:13:09","modified_gmt":"2025-12-01T18:13:09","slug":"espace-dattente-design-jasper-morrison-modele-vega-comprenant-3-sieges-solidarises-recouverts-de-tissu-noir-et-blanc-structure-en-acier-chrome-75-x-168-x-58-cm-localisation-10-rue-petit-75019","status":"publish","type":"product","link":"https:\/\/wpe-encheres.com\/site\/produit\/espace-dattente-design-jasper-morrison-modele-vega-comprenant-3-sieges-solidarises-recouverts-de-tissu-noir-et-blanc-structure-en-acier-chrome-75-x-168-x-58-cm-localisation-10-rue-petit-75019\/","title":{"rendered":"Espace d&rsquo;attente design Jasper Morrison mod\u00e8le Vega comprenant 3 si\u00e8ges solidaris\u00e9s recouverts de tissu noir et blanc, structure en acier chrom\u00e9. 75 x 168 x 58 cm. Localisation : 10 rue Petit &#8211; 75019 Paris (2eme)"},"content":{"rendered":"<p>Espace d&rsquo;attente design Jasper Morrison mod\u00e8le Vega comprenant 3 si\u00e8ges solidaris\u00e9s recouverts de tissu noir et blanc, structure en acier chrom\u00e9. 75 x 168 x 58 cm. Localisation : 10 rue Petit &#8211; 75019 Paris (2eme)<\/p>\n","protected":false},"excerpt":{"rendered":"<p>Espace d&rsquo;attente design Jasper Morrison mod\u00e8le Vega comprenant 3 si\u00e8ges solidaris\u00e9s recouverts de tissu noir et blanc, structure en acier chrom\u00e9. 75 x 168 x 58 cm. Localisation : 10 rue Petit &#8211; 75019 Paris (2eme)<\/p>\n","protected":false},"featured_media":24160,"template":"","meta":{"_acf_changed":false},"product_brand":[],"product_cat":[24],"product_tag":[32],"class_list":{"0":"post-24159","1":"product","2":"type-product","3":"status-publish","4":"has-post-thumbnail","6":"product_cat-mobilier-de-bureau-equipement-du-bureau","7":"product_tag-vente-du-18-juin-2025","9":"first","10":"outofstock","11":"product-type-simple"},"acf":[],"yoast_head":"<!-- This site is optimized with the Yoast SEO plugin v27.3 - https:\/\/yoast.com\/product\/yoast-seo-wordpress\/ -->\n<title>Espace d&#039;attente design Jasper Morrison mod\u00e8le Vega comprenant 3 si\u00e8ges solidaris\u00e9s recouverts de tissu noir et blanc, structure en acier chrom\u00e9. 75 x 168 x 58 cm. Localisation : 10 rue Petit - 75019 Paris (2eme) - wpe-encheres<\/title>\n<meta name=\"robots\" content=\"index, follow, max-snippet:-1, max-image-preview:large, max-video-preview:-1\" \/>\n<link rel=\"canonical\" href=\"https:\/\/wpe-encheres.com\/site\/produit\/espace-dattente-design-jasper-morrison-modele-vega-comprenant-3-sieges-solidarises-recouverts-de-tissu-noir-et-blanc-structure-en-acier-chrome-75-x-168-x-58-cm-localisation-10-rue-petit-75019\/\" \/>\n<meta property=\"og:locale\" content=\"fr_FR\" \/>\n<meta property=\"og:type\" content=\"article\" \/>\n<meta property=\"og:title\" content=\"Espace d&#039;attente design Jasper Morrison mod\u00e8le Vega comprenant 3 si\u00e8ges solidaris\u00e9s recouverts de tissu noir et blanc, structure en acier chrom\u00e9. 75 x 168 x 58 cm. Localisation : 10 rue Petit - 75019 Paris (2eme) - wpe-encheres\" \/>\n<meta property=\"og:description\" content=\"Espace d&#039;attente design Jasper Morrison mod\u00e8le Vega comprenant 3 si\u00e8ges solidaris\u00e9s recouverts de tissu noir et blanc, structure en acier chrom\u00e9. 75 x 168 x 58 cm. Localisation : 10 rue Petit - 75019 Paris (2eme)\" \/>\n<meta property=\"og:url\" content=\"https:\/\/wpe-encheres.com\/site\/produit\/espace-dattente-design-jasper-morrison-modele-vega-comprenant-3-sieges-solidarises-recouverts-de-tissu-noir-et-blanc-structure-en-acier-chrome-75-x-168-x-58-cm-localisation-10-rue-petit-75019\/\" \/>\n<meta property=\"og:site_name\" content=\"wpe-encheres\" \/>\n<meta property=\"article:modified_time\" content=\"2025-12-01T18:13:09+00:00\" \/>\n<meta property=\"og:image\" content=\"https:\/\/wpe-encheres.com\/site\/wp-content\/uploads\/2025\/08\/681e11f1859b3.jpg\" \/>\n\t<meta property=\"og:image:width\" content=\"771\" \/>\n\t<meta property=\"og:image:height\" content=\"754\" \/>\n\t<meta property=\"og:image:type\" content=\"image\/jpeg\" \/>\n<meta name=\"twitter:card\" content=\"summary_large_image\" \/>\n<script type=\"application\/ld+json\" class=\"yoast-schema-graph\">{\"@context\":\"https:\\\/\\\/schema.org\",\"@graph\":[{\"@type\":\"WebPage\",\"@id\":\"https:\\\/\\\/wpe-encheres.com\\\/site\\\/produit\\\/espace-dattente-design-jasper-morrison-modele-vega-comprenant-3-sieges-solidarises-recouverts-de-tissu-noir-et-blanc-structure-en-acier-chrome-75-x-168-x-58-cm-localisation-10-rue-petit-75019\\\/\",\"url\":\"https:\\\/\\\/wpe-encheres.com\\\/site\\\/produit\\\/espace-dattente-design-jasper-morrison-modele-vega-comprenant-3-sieges-solidarises-recouverts-de-tissu-noir-et-blanc-structure-en-acier-chrome-75-x-168-x-58-cm-localisation-10-rue-petit-75019\\\/\",\"name\":\"Espace d'attente design Jasper Morrison mod\u00e8le Vega comprenant 3 si\u00e8ges solidaris\u00e9s recouverts de tissu noir et blanc, structure en acier chrom\u00e9. 75 x 168 x 58 cm. Localisation : 10 rue Petit - 75019 Paris (2eme) - wpe-encheres\",\"isPartOf\":{\"@id\":\"https:\\\/\\\/wpe-encheres.com\\\/site\\\/#website\"},\"primaryImageOfPage\":{\"@id\":\"https:\\\/\\\/wpe-encheres.com\\\/site\\\/produit\\\/espace-dattente-design-jasper-morrison-modele-vega-comprenant-3-sieges-solidarises-recouverts-de-tissu-noir-et-blanc-structure-en-acier-chrome-75-x-168-x-58-cm-localisation-10-rue-petit-75019\\\/#primaryimage\"},\"image\":{\"@id\":\"https:\\\/\\\/wpe-encheres.com\\\/site\\\/produit\\\/espace-dattente-design-jasper-morrison-modele-vega-comprenant-3-sieges-solidarises-recouverts-de-tissu-noir-et-blanc-structure-en-acier-chrome-75-x-168-x-58-cm-localisation-10-rue-petit-75019\\\/#primaryimage\"},\"thumbnailUrl\":\"https:\\\/\\\/wpe-encheres.com\\\/site\\\/wp-content\\\/uploads\\\/2025\\\/08\\\/681e11f1859b3.jpg\",\"datePublished\":\"2025-08-31T15:14:53+00:00\",\"dateModified\":\"2025-12-01T18:13:09+00:00\",\"breadcrumb\":{\"@id\":\"https:\\\/\\\/wpe-encheres.com\\\/site\\\/produit\\\/espace-dattente-design-jasper-morrison-modele-vega-comprenant-3-sieges-solidarises-recouverts-de-tissu-noir-et-blanc-structure-en-acier-chrome-75-x-168-x-58-cm-localisation-10-rue-petit-75019\\\/#breadcrumb\"},\"inLanguage\":\"fr-FR\",\"potentialAction\":[{\"@type\":\"ReadAction\",\"target\":[\"https:\\\/\\\/wpe-encheres.com\\\/site\\\/produit\\\/espace-dattente-design-jasper-morrison-modele-vega-comprenant-3-sieges-solidarises-recouverts-de-tissu-noir-et-blanc-structure-en-acier-chrome-75-x-168-x-58-cm-localisation-10-rue-petit-75019\\\/\"]}]},{\"@type\":\"ImageObject\",\"inLanguage\":\"fr-FR\",\"@id\":\"https:\\\/\\\/wpe-encheres.com\\\/site\\\/produit\\\/espace-dattente-design-jasper-morrison-modele-vega-comprenant-3-sieges-solidarises-recouverts-de-tissu-noir-et-blanc-structure-en-acier-chrome-75-x-168-x-58-cm-localisation-10-rue-petit-75019\\\/#primaryimage\",\"url\":\"https:\\\/\\\/wpe-encheres.com\\\/site\\\/wp-content\\\/uploads\\\/2025\\\/08\\\/681e11f1859b3.jpg\",\"contentUrl\":\"https:\\\/\\\/wpe-encheres.com\\\/site\\\/wp-content\\\/uploads\\\/2025\\\/08\\\/681e11f1859b3.jpg\",\"width\":771,\"height\":754},{\"@type\":\"BreadcrumbList\",\"@id\":\"https:\\\/\\\/wpe-encheres.com\\\/site\\\/produit\\\/espace-dattente-design-jasper-morrison-modele-vega-comprenant-3-sieges-solidarises-recouverts-de-tissu-noir-et-blanc-structure-en-acier-chrome-75-x-168-x-58-cm-localisation-10-rue-petit-75019\\\/#breadcrumb\",\"itemListElement\":[{\"@type\":\"ListItem\",\"position\":1,\"name\":\"Accueil\",\"item\":\"https:\\\/\\\/wpe-encheres.com\\\/site\\\/\"},{\"@type\":\"ListItem\",\"position\":2,\"name\":\"Boutique\",\"item\":\"https:\\\/\\\/wpe-encheres.com\\\/site\\\/?page_id=22765\"},{\"@type\":\"ListItem\",\"position\":3,\"name\":\"Espace d&rsquo;attente design Jasper Morrison mod\u00e8le Vega comprenant 3 si\u00e8ges solidaris\u00e9s recouverts de tissu noir et blanc, structure en acier chrom\u00e9. 75 x 168 x 58 cm. Localisation : 10 rue Petit &#8211; 75019 Paris (2eme)\"}]},{\"@type\":\"WebSite\",\"@id\":\"https:\\\/\\\/wpe-encheres.com\\\/site\\\/#website\",\"url\":\"https:\\\/\\\/wpe-encheres.com\\\/site\\\/\",\"name\":\"wpe-encheres\",\"description\":\"\",\"publisher\":{\"@id\":\"https:\\\/\\\/wpe-encheres.com\\\/site\\\/#organization\"},\"potentialAction\":[{\"@type\":\"SearchAction\",\"target\":{\"@type\":\"EntryPoint\",\"urlTemplate\":\"https:\\\/\\\/wpe-encheres.com\\\/site\\\/?s={search_term_string}\"},\"query-input\":{\"@type\":\"PropertyValueSpecification\",\"valueRequired\":true,\"valueName\":\"search_term_string\"}}],\"inLanguage\":\"fr-FR\"},{\"@type\":\"Organization\",\"@id\":\"https:\\\/\\\/wpe-encheres.com\\\/site\\\/#organization\",\"name\":\"wpe encheres\",\"url\":\"https:\\\/\\\/wpe-encheres.com\\\/site\\\/\",\"logo\":{\"@type\":\"ImageObject\",\"inLanguage\":\"fr-FR\",\"@id\":\"https:\\\/\\\/wpe-encheres.com\\\/site\\\/#\\\/schema\\\/logo\\\/image\\\/\",\"url\":\"https:\\\/\\\/wpe-encheres.com\\\/site\\\/wp-content\\\/uploads\\\/2025\\\/08\\\/wpe-encheres-logo.png\",\"contentUrl\":\"https:\\\/\\\/wpe-encheres.com\\\/site\\\/wp-content\\\/uploads\\\/2025\\\/08\\\/wpe-encheres-logo.png\",\"width\":300,\"height\":110,\"caption\":\"wpe encheres\"},\"image\":{\"@id\":\"https:\\\/\\\/wpe-encheres.com\\\/site\\\/#\\\/schema\\\/logo\\\/image\\\/\"}}]}<\/script>\n<!-- \/ Yoast SEO plugin. -->","yoast_head_json":{"title":"Espace d'attente design Jasper Morrison mod\u00e8le Vega comprenant 3 si\u00e8ges solidaris\u00e9s recouverts de tissu noir et blanc, structure en acier chrom\u00e9. 75 x 168 x 58 cm. Localisation : 10 rue Petit - 75019 Paris (2eme) - wpe-encheres","robots":{"index":"index","follow":"follow","max-snippet":"max-snippet:-1","max-image-preview":"max-image-preview:large","max-video-preview":"max-video-preview:-1"},"canonical":"https:\/\/wpe-encheres.com\/site\/produit\/espace-dattente-design-jasper-morrison-modele-vega-comprenant-3-sieges-solidarises-recouverts-de-tissu-noir-et-blanc-structure-en-acier-chrome-75-x-168-x-58-cm-localisation-10-rue-petit-75019\/","og_locale":"fr_FR","og_type":"article","og_title":"Espace d'attente design Jasper Morrison mod\u00e8le Vega comprenant 3 si\u00e8ges solidaris\u00e9s recouverts de tissu noir et blanc, structure en acier chrom\u00e9. 75 x 168 x 58 cm. Localisation : 10 rue Petit - 75019 Paris (2eme) - wpe-encheres","og_description":"Espace d'attente design Jasper Morrison mod\u00e8le Vega comprenant 3 si\u00e8ges solidaris\u00e9s recouverts de tissu noir et blanc, structure en acier chrom\u00e9. 75 x 168 x 58 cm. Localisation : 10 rue Petit - 75019 Paris (2eme)","og_url":"https:\/\/wpe-encheres.com\/site\/produit\/espace-dattente-design-jasper-morrison-modele-vega-comprenant-3-sieges-solidarises-recouverts-de-tissu-noir-et-blanc-structure-en-acier-chrome-75-x-168-x-58-cm-localisation-10-rue-petit-75019\/","og_site_name":"wpe-encheres","article_modified_time":"2025-12-01T18:13:09+00:00","og_image":[{"width":771,"height":754,"url":"https:\/\/wpe-encheres.com\/site\/wp-content\/uploads\/2025\/08\/681e11f1859b3.jpg","type":"image\/jpeg"}],"twitter_card":"summary_large_image","schema":{"@context":"https:\/\/schema.org","@graph":[{"@type":"WebPage","@id":"https:\/\/wpe-encheres.com\/site\/produit\/espace-dattente-design-jasper-morrison-modele-vega-comprenant-3-sieges-solidarises-recouverts-de-tissu-noir-et-blanc-structure-en-acier-chrome-75-x-168-x-58-cm-localisation-10-rue-petit-75019\/","url":"https:\/\/wpe-encheres.com\/site\/produit\/espace-dattente-design-jasper-morrison-modele-vega-comprenant-3-sieges-solidarises-recouverts-de-tissu-noir-et-blanc-structure-en-acier-chrome-75-x-168-x-58-cm-localisation-10-rue-petit-75019\/","name":"Espace d'attente design Jasper Morrison mod\u00e8le Vega comprenant 3 si\u00e8ges solidaris\u00e9s recouverts de tissu noir et blanc, structure en acier chrom\u00e9. 75 x 168 x 58 cm. Localisation : 10 rue Petit - 75019 Paris (2eme) - wpe-encheres","isPartOf":{"@id":"https:\/\/wpe-encheres.com\/site\/#website"},"primaryImageOfPage":{"@id":"https:\/\/wpe-encheres.com\/site\/produit\/espace-dattente-design-jasper-morrison-modele-vega-comprenant-3-sieges-solidarises-recouverts-de-tissu-noir-et-blanc-structure-en-acier-chrome-75-x-168-x-58-cm-localisation-10-rue-petit-75019\/#primaryimage"},"image":{"@id":"https:\/\/wpe-encheres.com\/site\/produit\/espace-dattente-design-jasper-morrison-modele-vega-comprenant-3-sieges-solidarises-recouverts-de-tissu-noir-et-blanc-structure-en-acier-chrome-75-x-168-x-58-cm-localisation-10-rue-petit-75019\/#primaryimage"},"thumbnailUrl":"https:\/\/wpe-encheres.com\/site\/wp-content\/uploads\/2025\/08\/681e11f1859b3.jpg","datePublished":"2025-08-31T15:14:53+00:00","dateModified":"2025-12-01T18:13:09+00:00","breadcrumb":{"@id":"https:\/\/wpe-encheres.com\/site\/produit\/espace-dattente-design-jasper-morrison-modele-vega-comprenant-3-sieges-solidarises-recouverts-de-tissu-noir-et-blanc-structure-en-acier-chrome-75-x-168-x-58-cm-localisation-10-rue-petit-75019\/#breadcrumb"},"inLanguage":"fr-FR","potentialAction":[{"@type":"ReadAction","target":["https:\/\/wpe-encheres.com\/site\/produit\/espace-dattente-design-jasper-morrison-modele-vega-comprenant-3-sieges-solidarises-recouverts-de-tissu-noir-et-blanc-structure-en-acier-chrome-75-x-168-x-58-cm-localisation-10-rue-petit-75019\/"]}]},{"@type":"ImageObject","inLanguage":"fr-FR","@id":"https:\/\/wpe-encheres.com\/site\/produit\/espace-dattente-design-jasper-morrison-modele-vega-comprenant-3-sieges-solidarises-recouverts-de-tissu-noir-et-blanc-structure-en-acier-chrome-75-x-168-x-58-cm-localisation-10-rue-petit-75019\/#primaryimage","url":"https:\/\/wpe-encheres.com\/site\/wp-content\/uploads\/2025\/08\/681e11f1859b3.jpg","contentUrl":"https:\/\/wpe-encheres.com\/site\/wp-content\/uploads\/2025\/08\/681e11f1859b3.jpg","width":771,"height":754},{"@type":"BreadcrumbList","@id":"https:\/\/wpe-encheres.com\/site\/produit\/espace-dattente-design-jasper-morrison-modele-vega-comprenant-3-sieges-solidarises-recouverts-de-tissu-noir-et-blanc-structure-en-acier-chrome-75-x-168-x-58-cm-localisation-10-rue-petit-75019\/#breadcrumb","itemListElement":[{"@type":"ListItem","position":1,"name":"Accueil","item":"https:\/\/wpe-encheres.com\/site\/"},{"@type":"ListItem","position":2,"name":"Boutique","item":"https:\/\/wpe-encheres.com\/site\/?page_id=22765"},{"@type":"ListItem","position":3,"name":"Espace d&rsquo;attente design Jasper Morrison mod\u00e8le Vega comprenant 3 si\u00e8ges solidaris\u00e9s recouverts de tissu noir et blanc, structure en acier chrom\u00e9. 75 x 168 x 58 cm. Localisation : 10 rue Petit &#8211; 75019 Paris (2eme)"}]},{"@type":"WebSite","@id":"https:\/\/wpe-encheres.com\/site\/#website","url":"https:\/\/wpe-encheres.com\/site\/","name":"wpe-encheres","description":"","publisher":{"@id":"https:\/\/wpe-encheres.com\/site\/#organization"},"potentialAction":[{"@type":"SearchAction","target":{"@type":"EntryPoint","urlTemplate":"https:\/\/wpe-encheres.com\/site\/?s={search_term_string}"},"query-input":{"@type":"PropertyValueSpecification","valueRequired":true,"valueName":"search_term_string"}}],"inLanguage":"fr-FR"},{"@type":"Organization","@id":"https:\/\/wpe-encheres.com\/site\/#organization","name":"wpe encheres","url":"https:\/\/wpe-encheres.com\/site\/","logo":{"@type":"ImageObject","inLanguage":"fr-FR","@id":"https:\/\/wpe-encheres.com\/site\/#\/schema\/logo\/image\/","url":"https:\/\/wpe-encheres.com\/site\/wp-content\/uploads\/2025\/08\/wpe-encheres-logo.png","contentUrl":"https:\/\/wpe-encheres.com\/site\/wp-content\/uploads\/2025\/08\/wpe-encheres-logo.png","width":300,"height":110,"caption":"wpe encheres"},"image":{"@id":"https:\/\/wpe-encheres.com\/site\/#\/schema\/logo\/image\/"}}]}},"_links":{"self":[{"href":"https:\/\/wpe-encheres.com\/site\/wp-json\/wp\/v2\/product\/24159","targetHints":{"allow":["GET"]}}],"collection":[{"href":"https:\/\/wpe-encheres.com\/site\/wp-json\/wp\/v2\/product"}],"about":[{"href":"https:\/\/wpe-encheres.com\/site\/wp-json\/wp\/v2\/types\/product"}],"wp:featuredmedia":[{"embeddable":true,"href":"https:\/\/wpe-encheres.com\/site\/wp-json\/wp\/v2\/media\/24160"}],"wp:attachment":[{"href":"https:\/\/wpe-encheres.com\/site\/wp-json\/wp\/v2\/media?parent=24159"}],"wp:term":[{"taxonomy":"product_brand","embeddable":true,"href":"https:\/\/wpe-encheres.com\/site\/wp-json\/wp\/v2\/product_brand?post=24159"},{"taxonomy":"product_cat","embeddable":true,"href":"https:\/\/wpe-encheres.com\/site\/wp-json\/wp\/v2\/product_cat?post=24159"},{"taxonomy":"product_tag","embeddable":true,"href":"https:\/\/wpe-encheres.com\/site\/wp-json\/wp\/v2\/product_tag?post=24159"}],"curies":[{"name":"wp","href":"https:\/\/api.w.org\/{rel}","templated":true}]}}