{"id":24143,"date":"2025-08-31T17:14:53","date_gmt":"2025-08-31T15:14:53","guid":{"rendered":"https:\/\/wpe-encheres.com\/site\/produit\/agnes-levy-nee-en-1956-pastel-sur-papier-verge-signe-et-date-1991-74-x-100-cm-avec-cadre-en-bois-naturel-localisation-10-rue-petit-75019-paris-1er\/"},"modified":"2025-12-01T19:13:10","modified_gmt":"2025-12-01T18:13:10","slug":"agnes-levy-nee-en-1956-pastel-sur-papier-verge-signe-et-date-1991-74-x-100-cm-avec-cadre-en-bois-naturel-localisation-10-rue-petit-75019-paris-1er","status":"publish","type":"product","link":"https:\/\/wpe-encheres.com\/site\/produit\/agnes-levy-nee-en-1956-pastel-sur-papier-verge-signe-et-date-1991-74-x-100-cm-avec-cadre-en-bois-naturel-localisation-10-rue-petit-75019-paris-1er\/","title":{"rendered":"Agn\u00e8s L\u00e9vy (n\u00e9e en 1956). Pastel sur papier verg\u00e9, sign\u00e9 et dat\u00e9 1991. 74 x 100 cm avec cadre en bois naturel. Localisation : 10 rue Petit &#8211; 75019 Paris (1er)"},"content":{"rendered":"<p>Agn\u00e8s L\u00e9vy (n\u00e9e en 1956). Pastel sur papier verg\u00e9, sign\u00e9 et dat\u00e9 1991. 74 x 100 cm avec cadre en bois naturel. Localisation : 10 rue Petit &#8211; 75019 Paris (1er)<\/p>\n","protected":false},"excerpt":{"rendered":"<p>Agn\u00e8s L\u00e9vy (n\u00e9e en 1956). Pastel sur papier verg\u00e9, sign\u00e9 et dat\u00e9 1991. 74 x 100 cm avec cadre en bois naturel. Localisation : 10 rue Petit &#8211; 75019 Paris (1er)<\/p>\n","protected":false},"featured_media":24144,"template":"","meta":{"_acf_changed":false},"product_brand":[],"product_cat":[34],"product_tag":[32],"class_list":{"0":"post-24143","1":"product","2":"type-product","3":"status-publish","4":"has-post-thumbnail","6":"product_cat-tableaux-dessins-pieces-encadrees-photos","7":"product_tag-vente-du-18-juin-2025","9":"first","10":"outofstock","11":"product-type-simple"},"acf":[],"yoast_head":"<!-- This site is optimized with the Yoast SEO plugin v27.3 - https:\/\/yoast.com\/product\/yoast-seo-wordpress\/ -->\n<title>Agn\u00e8s L\u00e9vy (n\u00e9e en 1956). Pastel sur papier verg\u00e9, sign\u00e9 et dat\u00e9 1991. 74 x 100 cm avec cadre en bois naturel. Localisation : 10 rue Petit - 75019 Paris (1er) - wpe-encheres<\/title>\n<meta name=\"robots\" content=\"index, follow, max-snippet:-1, max-image-preview:large, max-video-preview:-1\" \/>\n<link rel=\"canonical\" href=\"https:\/\/wpe-encheres.com\/site\/produit\/agnes-levy-nee-en-1956-pastel-sur-papier-verge-signe-et-date-1991-74-x-100-cm-avec-cadre-en-bois-naturel-localisation-10-rue-petit-75019-paris-1er\/\" \/>\n<meta property=\"og:locale\" content=\"fr_FR\" \/>\n<meta property=\"og:type\" content=\"article\" \/>\n<meta property=\"og:title\" content=\"Agn\u00e8s L\u00e9vy (n\u00e9e en 1956). Pastel sur papier verg\u00e9, sign\u00e9 et dat\u00e9 1991. 74 x 100 cm avec cadre en bois naturel. Localisation : 10 rue Petit - 75019 Paris (1er) - wpe-encheres\" \/>\n<meta property=\"og:description\" content=\"Agn\u00e8s L\u00e9vy (n\u00e9e en 1956). Pastel sur papier verg\u00e9, sign\u00e9 et dat\u00e9 1991. 74 x 100 cm avec cadre en bois naturel. Localisation : 10 rue Petit - 75019 Paris (1er)\" \/>\n<meta property=\"og:url\" content=\"https:\/\/wpe-encheres.com\/site\/produit\/agnes-levy-nee-en-1956-pastel-sur-papier-verge-signe-et-date-1991-74-x-100-cm-avec-cadre-en-bois-naturel-localisation-10-rue-petit-75019-paris-1er\/\" \/>\n<meta property=\"og:site_name\" content=\"wpe-encheres\" \/>\n<meta property=\"article:modified_time\" content=\"2025-12-01T18:13:10+00:00\" \/>\n<meta property=\"og:image\" content=\"https:\/\/wpe-encheres.com\/site\/wp-content\/uploads\/2025\/08\/681fb48d8bc4a.jpg\" \/>\n\t<meta property=\"og:image:width\" content=\"663\" \/>\n\t<meta property=\"og:image:height\" content=\"870\" \/>\n\t<meta property=\"og:image:type\" content=\"image\/jpeg\" \/>\n<meta name=\"twitter:card\" content=\"summary_large_image\" \/>\n<script type=\"application\/ld+json\" class=\"yoast-schema-graph\">{\"@context\":\"https:\\\/\\\/schema.org\",\"@graph\":[{\"@type\":\"WebPage\",\"@id\":\"https:\\\/\\\/wpe-encheres.com\\\/site\\\/produit\\\/agnes-levy-nee-en-1956-pastel-sur-papier-verge-signe-et-date-1991-74-x-100-cm-avec-cadre-en-bois-naturel-localisation-10-rue-petit-75019-paris-1er\\\/\",\"url\":\"https:\\\/\\\/wpe-encheres.com\\\/site\\\/produit\\\/agnes-levy-nee-en-1956-pastel-sur-papier-verge-signe-et-date-1991-74-x-100-cm-avec-cadre-en-bois-naturel-localisation-10-rue-petit-75019-paris-1er\\\/\",\"name\":\"Agn\u00e8s L\u00e9vy (n\u00e9e en 1956). Pastel sur papier verg\u00e9, sign\u00e9 et dat\u00e9 1991. 74 x 100 cm avec cadre en bois naturel. Localisation : 10 rue Petit - 75019 Paris (1er) - wpe-encheres\",\"isPartOf\":{\"@id\":\"https:\\\/\\\/wpe-encheres.com\\\/site\\\/#website\"},\"primaryImageOfPage\":{\"@id\":\"https:\\\/\\\/wpe-encheres.com\\\/site\\\/produit\\\/agnes-levy-nee-en-1956-pastel-sur-papier-verge-signe-et-date-1991-74-x-100-cm-avec-cadre-en-bois-naturel-localisation-10-rue-petit-75019-paris-1er\\\/#primaryimage\"},\"image\":{\"@id\":\"https:\\\/\\\/wpe-encheres.com\\\/site\\\/produit\\\/agnes-levy-nee-en-1956-pastel-sur-papier-verge-signe-et-date-1991-74-x-100-cm-avec-cadre-en-bois-naturel-localisation-10-rue-petit-75019-paris-1er\\\/#primaryimage\"},\"thumbnailUrl\":\"https:\\\/\\\/wpe-encheres.com\\\/site\\\/wp-content\\\/uploads\\\/2025\\\/08\\\/681fb48d8bc4a.jpg\",\"datePublished\":\"2025-08-31T15:14:53+00:00\",\"dateModified\":\"2025-12-01T18:13:10+00:00\",\"breadcrumb\":{\"@id\":\"https:\\\/\\\/wpe-encheres.com\\\/site\\\/produit\\\/agnes-levy-nee-en-1956-pastel-sur-papier-verge-signe-et-date-1991-74-x-100-cm-avec-cadre-en-bois-naturel-localisation-10-rue-petit-75019-paris-1er\\\/#breadcrumb\"},\"inLanguage\":\"fr-FR\",\"potentialAction\":[{\"@type\":\"ReadAction\",\"target\":[\"https:\\\/\\\/wpe-encheres.com\\\/site\\\/produit\\\/agnes-levy-nee-en-1956-pastel-sur-papier-verge-signe-et-date-1991-74-x-100-cm-avec-cadre-en-bois-naturel-localisation-10-rue-petit-75019-paris-1er\\\/\"]}]},{\"@type\":\"ImageObject\",\"inLanguage\":\"fr-FR\",\"@id\":\"https:\\\/\\\/wpe-encheres.com\\\/site\\\/produit\\\/agnes-levy-nee-en-1956-pastel-sur-papier-verge-signe-et-date-1991-74-x-100-cm-avec-cadre-en-bois-naturel-localisation-10-rue-petit-75019-paris-1er\\\/#primaryimage\",\"url\":\"https:\\\/\\\/wpe-encheres.com\\\/site\\\/wp-content\\\/uploads\\\/2025\\\/08\\\/681fb48d8bc4a.jpg\",\"contentUrl\":\"https:\\\/\\\/wpe-encheres.com\\\/site\\\/wp-content\\\/uploads\\\/2025\\\/08\\\/681fb48d8bc4a.jpg\",\"width\":663,\"height\":870},{\"@type\":\"BreadcrumbList\",\"@id\":\"https:\\\/\\\/wpe-encheres.com\\\/site\\\/produit\\\/agnes-levy-nee-en-1956-pastel-sur-papier-verge-signe-et-date-1991-74-x-100-cm-avec-cadre-en-bois-naturel-localisation-10-rue-petit-75019-paris-1er\\\/#breadcrumb\",\"itemListElement\":[{\"@type\":\"ListItem\",\"position\":1,\"name\":\"Accueil\",\"item\":\"https:\\\/\\\/wpe-encheres.com\\\/site\\\/\"},{\"@type\":\"ListItem\",\"position\":2,\"name\":\"Boutique\",\"item\":\"https:\\\/\\\/wpe-encheres.com\\\/site\\\/?page_id=22765\"},{\"@type\":\"ListItem\",\"position\":3,\"name\":\"Agn\u00e8s L\u00e9vy (n\u00e9e en 1956). Pastel sur papier verg\u00e9, sign\u00e9 et dat\u00e9 1991. 74 x 100 cm avec cadre en bois naturel. Localisation : 10 rue Petit &#8211; 75019 Paris (1er)\"}]},{\"@type\":\"WebSite\",\"@id\":\"https:\\\/\\\/wpe-encheres.com\\\/site\\\/#website\",\"url\":\"https:\\\/\\\/wpe-encheres.com\\\/site\\\/\",\"name\":\"wpe-encheres\",\"description\":\"\",\"publisher\":{\"@id\":\"https:\\\/\\\/wpe-encheres.com\\\/site\\\/#organization\"},\"potentialAction\":[{\"@type\":\"SearchAction\",\"target\":{\"@type\":\"EntryPoint\",\"urlTemplate\":\"https:\\\/\\\/wpe-encheres.com\\\/site\\\/?s={search_term_string}\"},\"query-input\":{\"@type\":\"PropertyValueSpecification\",\"valueRequired\":true,\"valueName\":\"search_term_string\"}}],\"inLanguage\":\"fr-FR\"},{\"@type\":\"Organization\",\"@id\":\"https:\\\/\\\/wpe-encheres.com\\\/site\\\/#organization\",\"name\":\"wpe encheres\",\"url\":\"https:\\\/\\\/wpe-encheres.com\\\/site\\\/\",\"logo\":{\"@type\":\"ImageObject\",\"inLanguage\":\"fr-FR\",\"@id\":\"https:\\\/\\\/wpe-encheres.com\\\/site\\\/#\\\/schema\\\/logo\\\/image\\\/\",\"url\":\"https:\\\/\\\/wpe-encheres.com\\\/site\\\/wp-content\\\/uploads\\\/2025\\\/08\\\/wpe-encheres-logo.png\",\"contentUrl\":\"https:\\\/\\\/wpe-encheres.com\\\/site\\\/wp-content\\\/uploads\\\/2025\\\/08\\\/wpe-encheres-logo.png\",\"width\":300,\"height\":110,\"caption\":\"wpe encheres\"},\"image\":{\"@id\":\"https:\\\/\\\/wpe-encheres.com\\\/site\\\/#\\\/schema\\\/logo\\\/image\\\/\"}}]}<\/script>\n<!-- \/ Yoast SEO plugin. -->","yoast_head_json":{"title":"Agn\u00e8s L\u00e9vy (n\u00e9e en 1956). Pastel sur papier verg\u00e9, sign\u00e9 et dat\u00e9 1991. 74 x 100 cm avec cadre en bois naturel. Localisation : 10 rue Petit - 75019 Paris (1er) - wpe-encheres","robots":{"index":"index","follow":"follow","max-snippet":"max-snippet:-1","max-image-preview":"max-image-preview:large","max-video-preview":"max-video-preview:-1"},"canonical":"https:\/\/wpe-encheres.com\/site\/produit\/agnes-levy-nee-en-1956-pastel-sur-papier-verge-signe-et-date-1991-74-x-100-cm-avec-cadre-en-bois-naturel-localisation-10-rue-petit-75019-paris-1er\/","og_locale":"fr_FR","og_type":"article","og_title":"Agn\u00e8s L\u00e9vy (n\u00e9e en 1956). Pastel sur papier verg\u00e9, sign\u00e9 et dat\u00e9 1991. 74 x 100 cm avec cadre en bois naturel. Localisation : 10 rue Petit - 75019 Paris (1er) - wpe-encheres","og_description":"Agn\u00e8s L\u00e9vy (n\u00e9e en 1956). Pastel sur papier verg\u00e9, sign\u00e9 et dat\u00e9 1991. 74 x 100 cm avec cadre en bois naturel. Localisation : 10 rue Petit - 75019 Paris (1er)","og_url":"https:\/\/wpe-encheres.com\/site\/produit\/agnes-levy-nee-en-1956-pastel-sur-papier-verge-signe-et-date-1991-74-x-100-cm-avec-cadre-en-bois-naturel-localisation-10-rue-petit-75019-paris-1er\/","og_site_name":"wpe-encheres","article_modified_time":"2025-12-01T18:13:10+00:00","og_image":[{"width":663,"height":870,"url":"https:\/\/wpe-encheres.com\/site\/wp-content\/uploads\/2025\/08\/681fb48d8bc4a.jpg","type":"image\/jpeg"}],"twitter_card":"summary_large_image","schema":{"@context":"https:\/\/schema.org","@graph":[{"@type":"WebPage","@id":"https:\/\/wpe-encheres.com\/site\/produit\/agnes-levy-nee-en-1956-pastel-sur-papier-verge-signe-et-date-1991-74-x-100-cm-avec-cadre-en-bois-naturel-localisation-10-rue-petit-75019-paris-1er\/","url":"https:\/\/wpe-encheres.com\/site\/produit\/agnes-levy-nee-en-1956-pastel-sur-papier-verge-signe-et-date-1991-74-x-100-cm-avec-cadre-en-bois-naturel-localisation-10-rue-petit-75019-paris-1er\/","name":"Agn\u00e8s L\u00e9vy (n\u00e9e en 1956). Pastel sur papier verg\u00e9, sign\u00e9 et dat\u00e9 1991. 74 x 100 cm avec cadre en bois naturel. Localisation : 10 rue Petit - 75019 Paris (1er) - wpe-encheres","isPartOf":{"@id":"https:\/\/wpe-encheres.com\/site\/#website"},"primaryImageOfPage":{"@id":"https:\/\/wpe-encheres.com\/site\/produit\/agnes-levy-nee-en-1956-pastel-sur-papier-verge-signe-et-date-1991-74-x-100-cm-avec-cadre-en-bois-naturel-localisation-10-rue-petit-75019-paris-1er\/#primaryimage"},"image":{"@id":"https:\/\/wpe-encheres.com\/site\/produit\/agnes-levy-nee-en-1956-pastel-sur-papier-verge-signe-et-date-1991-74-x-100-cm-avec-cadre-en-bois-naturel-localisation-10-rue-petit-75019-paris-1er\/#primaryimage"},"thumbnailUrl":"https:\/\/wpe-encheres.com\/site\/wp-content\/uploads\/2025\/08\/681fb48d8bc4a.jpg","datePublished":"2025-08-31T15:14:53+00:00","dateModified":"2025-12-01T18:13:10+00:00","breadcrumb":{"@id":"https:\/\/wpe-encheres.com\/site\/produit\/agnes-levy-nee-en-1956-pastel-sur-papier-verge-signe-et-date-1991-74-x-100-cm-avec-cadre-en-bois-naturel-localisation-10-rue-petit-75019-paris-1er\/#breadcrumb"},"inLanguage":"fr-FR","potentialAction":[{"@type":"ReadAction","target":["https:\/\/wpe-encheres.com\/site\/produit\/agnes-levy-nee-en-1956-pastel-sur-papier-verge-signe-et-date-1991-74-x-100-cm-avec-cadre-en-bois-naturel-localisation-10-rue-petit-75019-paris-1er\/"]}]},{"@type":"ImageObject","inLanguage":"fr-FR","@id":"https:\/\/wpe-encheres.com\/site\/produit\/agnes-levy-nee-en-1956-pastel-sur-papier-verge-signe-et-date-1991-74-x-100-cm-avec-cadre-en-bois-naturel-localisation-10-rue-petit-75019-paris-1er\/#primaryimage","url":"https:\/\/wpe-encheres.com\/site\/wp-content\/uploads\/2025\/08\/681fb48d8bc4a.jpg","contentUrl":"https:\/\/wpe-encheres.com\/site\/wp-content\/uploads\/2025\/08\/681fb48d8bc4a.jpg","width":663,"height":870},{"@type":"BreadcrumbList","@id":"https:\/\/wpe-encheres.com\/site\/produit\/agnes-levy-nee-en-1956-pastel-sur-papier-verge-signe-et-date-1991-74-x-100-cm-avec-cadre-en-bois-naturel-localisation-10-rue-petit-75019-paris-1er\/#breadcrumb","itemListElement":[{"@type":"ListItem","position":1,"name":"Accueil","item":"https:\/\/wpe-encheres.com\/site\/"},{"@type":"ListItem","position":2,"name":"Boutique","item":"https:\/\/wpe-encheres.com\/site\/?page_id=22765"},{"@type":"ListItem","position":3,"name":"Agn\u00e8s L\u00e9vy (n\u00e9e en 1956). Pastel sur papier verg\u00e9, sign\u00e9 et dat\u00e9 1991. 74 x 100 cm avec cadre en bois naturel. Localisation : 10 rue Petit &#8211; 75019 Paris (1er)"}]},{"@type":"WebSite","@id":"https:\/\/wpe-encheres.com\/site\/#website","url":"https:\/\/wpe-encheres.com\/site\/","name":"wpe-encheres","description":"","publisher":{"@id":"https:\/\/wpe-encheres.com\/site\/#organization"},"potentialAction":[{"@type":"SearchAction","target":{"@type":"EntryPoint","urlTemplate":"https:\/\/wpe-encheres.com\/site\/?s={search_term_string}"},"query-input":{"@type":"PropertyValueSpecification","valueRequired":true,"valueName":"search_term_string"}}],"inLanguage":"fr-FR"},{"@type":"Organization","@id":"https:\/\/wpe-encheres.com\/site\/#organization","name":"wpe encheres","url":"https:\/\/wpe-encheres.com\/site\/","logo":{"@type":"ImageObject","inLanguage":"fr-FR","@id":"https:\/\/wpe-encheres.com\/site\/#\/schema\/logo\/image\/","url":"https:\/\/wpe-encheres.com\/site\/wp-content\/uploads\/2025\/08\/wpe-encheres-logo.png","contentUrl":"https:\/\/wpe-encheres.com\/site\/wp-content\/uploads\/2025\/08\/wpe-encheres-logo.png","width":300,"height":110,"caption":"wpe encheres"},"image":{"@id":"https:\/\/wpe-encheres.com\/site\/#\/schema\/logo\/image\/"}}]}},"_links":{"self":[{"href":"https:\/\/wpe-encheres.com\/site\/wp-json\/wp\/v2\/product\/24143","targetHints":{"allow":["GET"]}}],"collection":[{"href":"https:\/\/wpe-encheres.com\/site\/wp-json\/wp\/v2\/product"}],"about":[{"href":"https:\/\/wpe-encheres.com\/site\/wp-json\/wp\/v2\/types\/product"}],"wp:featuredmedia":[{"embeddable":true,"href":"https:\/\/wpe-encheres.com\/site\/wp-json\/wp\/v2\/media\/24144"}],"wp:attachment":[{"href":"https:\/\/wpe-encheres.com\/site\/wp-json\/wp\/v2\/media?parent=24143"}],"wp:term":[{"taxonomy":"product_brand","embeddable":true,"href":"https:\/\/wpe-encheres.com\/site\/wp-json\/wp\/v2\/product_brand?post=24143"},{"taxonomy":"product_cat","embeddable":true,"href":"https:\/\/wpe-encheres.com\/site\/wp-json\/wp\/v2\/product_cat?post=24143"},{"taxonomy":"product_tag","embeddable":true,"href":"https:\/\/wpe-encheres.com\/site\/wp-json\/wp\/v2\/product_tag?post=24143"}],"curies":[{"name":"wp","href":"https:\/\/api.w.org\/{rel}","templated":true}]}}