{"id":6924,"date":"2024-09-06T15:38:04","date_gmt":"2024-09-06T13:38:04","guid":{"rendered":"https:\/\/www.wpe-encheres.com\/?page_id=6924"},"modified":"2025-08-31T11:08:55","modified_gmt":"2025-08-31T09:08:55","slug":"mentions-legales","status":"publish","type":"page","link":"https:\/\/wpe-encheres.com\/site\/mentions-legales\/","title":{"rendered":"Mentions l\u00e9gales"},"content":{"rendered":"<div class=\"wpb-content-wrapper\"><p>[vc_row css_animation=\u00a0\u00bb\u00a0\u00bb row_type=\u00a0\u00bbrow\u00a0\u00bb use_row_as_full_screen_section=\u00a0\u00bbno\u00a0\u00bb type=\u00a0\u00bbfull_width\u00a0\u00bb angled_section=\u00a0\u00bbno\u00a0\u00bb text_align=\u00a0\u00bbleft\u00a0\u00bb background_image_as_pattern=\u00a0\u00bbwithout_pattern\u00a0\u00bb][vc_column][vc_column_text css=\u00a0\u00bb\u00a0\u00bb]<\/p>\n<h1>Mentions l\u00e9gales<\/h1>\n<p>[\/vc_column_text][vc_empty_space][vc_column_text]<strong>\u00c9diteur<\/strong><\/p>\n<p>Le site internet accessible \u00e0 l\u2019adresse <strong>https:\/\/www.wpe-encheres.com<\/strong>\u00a0(ci-apr\u00e8s\u00a0le \u00ab\u00a0<strong>Site<\/strong> \u00bb) est produit et \u00e9dit\u00e9 par la soci\u00e9t\u00e9 WPE ENCHERES, soci\u00e9t\u00e9 de type SAS, immatricul\u00e9e au Registre du Commerce et des Soci\u00e9t\u00e9s de Paris sous le num\u00e9ro 932 629 710, dont le si\u00e8ge social est situ\u00e9 au 51 rue Censier 75005 Paris.<\/p>\n<p>T\u00e9l\u00e9phone : 06 81 99 37 06<\/p>\n<p>Adresse \u00e9lectronique contact@wpe-encheres.com<\/p>\n<p>Ci-apr\u00e8s d\u00e9sign\u00e9 l\u2019\u00ab\u00a0<strong>\u00c9diteur<\/strong> \u00bb,<strong>\u00a0<\/strong><\/p>\n<p><strong>\u00a0<\/strong><\/p>\n<p><strong>H\u00e9bergeur <\/strong><\/p>\n<p>Le Site est h\u00e9berg\u00e9 par la soci\u00e9t\u00e9 <strong>OVH<\/strong>, SAS, dont le si\u00e8ge social est situ\u00e9 \u00a02 rue Kellermann, 59100 Roubaix, France, inscrite au Registre du Commerce et des Soci\u00e9t\u00e9s de RCS Lille M\u00e9tropole sous le n424 761 419 00045\u00b0.<\/p>\n<p>Ci-apr\u00e8s d\u00e9sign\u00e9 l\u2019\u00ab <strong>H\u00e9bergeur<\/strong> \u00bb<\/p>\n<p>&nbsp;<\/p>\n<p><strong>\u00a0<\/strong><strong>Num\u00e9ro d&rsquo;agr\u00e9ment<\/strong><\/p>\n<p>Le num\u00e9ro d&rsquo;agr\u00e9ment de la soci\u00e9t\u00e9 Wpe ench\u00e8res est le 292-2024.<\/p>\n<p>&nbsp;<\/p>\n<p><strong>Directeur de la publication <\/strong><\/p>\n<p>Monsieur Yannick GEAY, Pr\u00e9sident<strong>\u00a0<\/strong><\/p>\n<p><strong>M\u00e9diation<\/strong><strong>\u00a0<\/strong><\/p>\n<p>A venir<\/p>\n<p><strong>\u00a0<\/strong>Plateforme de r\u00e8glement en ligne des litiges (dites plateforme \u00ab\u00a0RLL\u00a0\u00bb) :<br \/>\n<a href=\"https:\/\/webgate.ec.europa.eu\/odr\/main\/?event=main.home.show&amp;lng=FR\">https:\/\/webgate.ec.europa.eu\/odr\/main\/?event=main.home.show&amp;lng=FR<\/a><\/p>\n<p><strong>\u00a0<\/strong><\/p>\n<p><strong>Droit d\u2019auteur\u00a0:<\/strong><\/p>\n<p>Toutes les donn\u00e9es mentionn\u00e9es sur le Site (textes, photos, illustrations, animations, bases de donn\u00e9es) sont la propri\u00e9t\u00e9 exclusive de l\u2019\u00c9diteur. Tous droits de l\u2019auteur des \u0153uvres r\u00e9serv\u00e9s. Sauf autorisation expresse, la reproduction, ainsi que toute utilisation des \u0153uvres autre que pour une consultation individuelle et priv\u00e9e sont interdites.[\/vc_column_text][vc_empty_space][\/vc_column][\/vc_row]<\/p>\n<\/div>","protected":false},"excerpt":{"rendered":"<p>[vc_row css_animation=\u00a0\u00bb\u00a0\u00bb row_type=\u00a0\u00bbrow\u00a0\u00bb use_row_as_full_screen_section=\u00a0\u00bbno\u00a0\u00bb type=\u00a0\u00bbfull_width\u00a0\u00bb angled_section=\u00a0\u00bbno\u00a0\u00bb text_align=\u00a0\u00bbleft\u00a0\u00bb background_image_as_pattern=\u00a0\u00bbwithout_pattern\u00a0\u00bb][vc_column][vc_column_text css=\u00a0\u00bb\u00a0\u00bb] Mentions l\u00e9gales [\/vc_column_text][vc_empty_space][vc_column_text]\u00c9diteur Le site internet accessible \u00e0 l\u2019adresse https:\/\/www.wpe-encheres.com\u00a0(ci-apr\u00e8s\u00a0le \u00ab\u00a0Site \u00bb) est produit et \u00e9dit\u00e9 par la soci\u00e9t\u00e9 WPE ENCHERES, soci\u00e9t\u00e9 de type SAS, immatricul\u00e9e au Registre du Commerce et des Soci\u00e9t\u00e9s de Paris sous&#8230;<\/p>\n","protected":false},"author":1,"featured_media":0,"parent":0,"menu_order":0,"comment_status":"closed","ping_status":"closed","template":"","meta":{"_acf_changed":false,"footnotes":""},"class_list":["post-6924","page","type-page","status-publish","hentry"],"acf":[],"yoast_head":"<!-- This site is optimized with the Yoast SEO plugin v27.3 - https:\/\/yoast.com\/product\/yoast-seo-wordpress\/ -->\n<title>Mentions l\u00e9gales - wpe-encheres<\/title>\n<meta name=\"robots\" content=\"index, follow, max-snippet:-1, max-image-preview:large, max-video-preview:-1\" \/>\n<link rel=\"canonical\" href=\"https:\/\/wpe-encheres.com\/site\/mentions-legales\/\" \/>\n<meta property=\"og:locale\" content=\"fr_FR\" \/>\n<meta property=\"og:type\" content=\"article\" \/>\n<meta property=\"og:title\" content=\"Mentions l\u00e9gales - wpe-encheres\" \/>\n<meta property=\"og:description\" content=\"[vc_row css_animation=\u00a0\u00bb\u00a0\u00bb row_type=\u00a0\u00bbrow\u00a0\u00bb use_row_as_full_screen_section=\u00a0\u00bbno\u00a0\u00bb type=\u00a0\u00bbfull_width\u00a0\u00bb angled_section=\u00a0\u00bbno\u00a0\u00bb text_align=\u00a0\u00bbleft\u00a0\u00bb background_image_as_pattern=\u00a0\u00bbwithout_pattern\u00a0\u00bb][vc_column][vc_column_text css=\u00a0\u00bb\u00a0\u00bb] Mentions l\u00e9gales [\/vc_column_text][vc_empty_space][vc_column_text]\u00c9diteur Le site internet accessible \u00e0 l\u2019adresse https:\/\/www.wpe-encheres.com\u00a0(ci-apr\u00e8s\u00a0le \u00ab\u00a0Site \u00bb) est produit et \u00e9dit\u00e9 par la soci\u00e9t\u00e9 WPE ENCHERES, soci\u00e9t\u00e9 de type SAS, immatricul\u00e9e au Registre du Commerce et des Soci\u00e9t\u00e9s de Paris sous...\" \/>\n<meta property=\"og:url\" content=\"https:\/\/wpe-encheres.com\/site\/mentions-legales\/\" \/>\n<meta property=\"og:site_name\" content=\"wpe-encheres\" \/>\n<meta property=\"article:modified_time\" content=\"2025-08-31T09:08:55+00:00\" \/>\n<meta property=\"og:image\" content=\"https:\/\/wpe-encheres.com\/site\/wp-content\/uploads\/2025\/08\/wpe-encheres-logo.png\" \/>\n\t<meta property=\"og:image:width\" content=\"300\" \/>\n\t<meta property=\"og:image:height\" content=\"110\" \/>\n\t<meta property=\"og:image:type\" content=\"image\/png\" \/>\n<meta name=\"twitter:card\" content=\"summary_large_image\" \/>\n<meta name=\"twitter:label1\" content=\"Dur\u00e9e de lecture estim\u00e9e\" \/>\n\t<meta name=\"twitter:data1\" content=\"1 minute\" \/>\n<script type=\"application\/ld+json\" class=\"yoast-schema-graph\">{\"@context\":\"https:\\\/\\\/schema.org\",\"@graph\":[{\"@type\":\"WebPage\",\"@id\":\"https:\\\/\\\/wpe-encheres.com\\\/site\\\/mentions-legales\\\/\",\"url\":\"https:\\\/\\\/wpe-encheres.com\\\/site\\\/mentions-legales\\\/\",\"name\":\"Mentions l\u00e9gales - wpe-encheres\",\"isPartOf\":{\"@id\":\"https:\\\/\\\/wpe-encheres.com\\\/site\\\/#website\"},\"datePublished\":\"2024-09-06T13:38:04+00:00\",\"dateModified\":\"2025-08-31T09:08:55+00:00\",\"breadcrumb\":{\"@id\":\"https:\\\/\\\/wpe-encheres.com\\\/site\\\/mentions-legales\\\/#breadcrumb\"},\"inLanguage\":\"fr-FR\",\"potentialAction\":[{\"@type\":\"ReadAction\",\"target\":[\"https:\\\/\\\/wpe-encheres.com\\\/site\\\/mentions-legales\\\/\"]}]},{\"@type\":\"BreadcrumbList\",\"@id\":\"https:\\\/\\\/wpe-encheres.com\\\/site\\\/mentions-legales\\\/#breadcrumb\",\"itemListElement\":[{\"@type\":\"ListItem\",\"position\":1,\"name\":\"Accueil\",\"item\":\"https:\\\/\\\/wpe-encheres.com\\\/site\\\/\"},{\"@type\":\"ListItem\",\"position\":2,\"name\":\"Mentions l\u00e9gales\"}]},{\"@type\":\"WebSite\",\"@id\":\"https:\\\/\\\/wpe-encheres.com\\\/site\\\/#website\",\"url\":\"https:\\\/\\\/wpe-encheres.com\\\/site\\\/\",\"name\":\"wpe-encheres\",\"description\":\"\",\"publisher\":{\"@id\":\"https:\\\/\\\/wpe-encheres.com\\\/site\\\/#organization\"},\"potentialAction\":[{\"@type\":\"SearchAction\",\"target\":{\"@type\":\"EntryPoint\",\"urlTemplate\":\"https:\\\/\\\/wpe-encheres.com\\\/site\\\/?s={search_term_string}\"},\"query-input\":{\"@type\":\"PropertyValueSpecification\",\"valueRequired\":true,\"valueName\":\"search_term_string\"}}],\"inLanguage\":\"fr-FR\"},{\"@type\":\"Organization\",\"@id\":\"https:\\\/\\\/wpe-encheres.com\\\/site\\\/#organization\",\"name\":\"wpe encheres\",\"url\":\"https:\\\/\\\/wpe-encheres.com\\\/site\\\/\",\"logo\":{\"@type\":\"ImageObject\",\"inLanguage\":\"fr-FR\",\"@id\":\"https:\\\/\\\/wpe-encheres.com\\\/site\\\/#\\\/schema\\\/logo\\\/image\\\/\",\"url\":\"https:\\\/\\\/wpe-encheres.com\\\/site\\\/wp-content\\\/uploads\\\/2025\\\/08\\\/wpe-encheres-logo.png\",\"contentUrl\":\"https:\\\/\\\/wpe-encheres.com\\\/site\\\/wp-content\\\/uploads\\\/2025\\\/08\\\/wpe-encheres-logo.png\",\"width\":300,\"height\":110,\"caption\":\"wpe encheres\"},\"image\":{\"@id\":\"https:\\\/\\\/wpe-encheres.com\\\/site\\\/#\\\/schema\\\/logo\\\/image\\\/\"}}]}<\/script>\n<!-- \/ Yoast SEO plugin. -->","yoast_head_json":{"title":"Mentions l\u00e9gales - wpe-encheres","robots":{"index":"index","follow":"follow","max-snippet":"max-snippet:-1","max-image-preview":"max-image-preview:large","max-video-preview":"max-video-preview:-1"},"canonical":"https:\/\/wpe-encheres.com\/site\/mentions-legales\/","og_locale":"fr_FR","og_type":"article","og_title":"Mentions l\u00e9gales - wpe-encheres","og_description":"[vc_row css_animation=\u00a0\u00bb\u00a0\u00bb row_type=\u00a0\u00bbrow\u00a0\u00bb use_row_as_full_screen_section=\u00a0\u00bbno\u00a0\u00bb type=\u00a0\u00bbfull_width\u00a0\u00bb angled_section=\u00a0\u00bbno\u00a0\u00bb text_align=\u00a0\u00bbleft\u00a0\u00bb background_image_as_pattern=\u00a0\u00bbwithout_pattern\u00a0\u00bb][vc_column][vc_column_text css=\u00a0\u00bb\u00a0\u00bb] Mentions l\u00e9gales [\/vc_column_text][vc_empty_space][vc_column_text]\u00c9diteur Le site internet accessible \u00e0 l\u2019adresse https:\/\/www.wpe-encheres.com\u00a0(ci-apr\u00e8s\u00a0le \u00ab\u00a0Site \u00bb) est produit et \u00e9dit\u00e9 par la soci\u00e9t\u00e9 WPE ENCHERES, soci\u00e9t\u00e9 de type SAS, immatricul\u00e9e au Registre du Commerce et des Soci\u00e9t\u00e9s de Paris sous...","og_url":"https:\/\/wpe-encheres.com\/site\/mentions-legales\/","og_site_name":"wpe-encheres","article_modified_time":"2025-08-31T09:08:55+00:00","og_image":[{"width":300,"height":110,"url":"https:\/\/wpe-encheres.com\/site\/wp-content\/uploads\/2025\/08\/wpe-encheres-logo.png","type":"image\/png"}],"twitter_card":"summary_large_image","twitter_misc":{"Dur\u00e9e de lecture estim\u00e9e":"1 minute"},"schema":{"@context":"https:\/\/schema.org","@graph":[{"@type":"WebPage","@id":"https:\/\/wpe-encheres.com\/site\/mentions-legales\/","url":"https:\/\/wpe-encheres.com\/site\/mentions-legales\/","name":"Mentions l\u00e9gales - wpe-encheres","isPartOf":{"@id":"https:\/\/wpe-encheres.com\/site\/#website"},"datePublished":"2024-09-06T13:38:04+00:00","dateModified":"2025-08-31T09:08:55+00:00","breadcrumb":{"@id":"https:\/\/wpe-encheres.com\/site\/mentions-legales\/#breadcrumb"},"inLanguage":"fr-FR","potentialAction":[{"@type":"ReadAction","target":["https:\/\/wpe-encheres.com\/site\/mentions-legales\/"]}]},{"@type":"BreadcrumbList","@id":"https:\/\/wpe-encheres.com\/site\/mentions-legales\/#breadcrumb","itemListElement":[{"@type":"ListItem","position":1,"name":"Accueil","item":"https:\/\/wpe-encheres.com\/site\/"},{"@type":"ListItem","position":2,"name":"Mentions l\u00e9gales"}]},{"@type":"WebSite","@id":"https:\/\/wpe-encheres.com\/site\/#website","url":"https:\/\/wpe-encheres.com\/site\/","name":"wpe-encheres","description":"","publisher":{"@id":"https:\/\/wpe-encheres.com\/site\/#organization"},"potentialAction":[{"@type":"SearchAction","target":{"@type":"EntryPoint","urlTemplate":"https:\/\/wpe-encheres.com\/site\/?s={search_term_string}"},"query-input":{"@type":"PropertyValueSpecification","valueRequired":true,"valueName":"search_term_string"}}],"inLanguage":"fr-FR"},{"@type":"Organization","@id":"https:\/\/wpe-encheres.com\/site\/#organization","name":"wpe encheres","url":"https:\/\/wpe-encheres.com\/site\/","logo":{"@type":"ImageObject","inLanguage":"fr-FR","@id":"https:\/\/wpe-encheres.com\/site\/#\/schema\/logo\/image\/","url":"https:\/\/wpe-encheres.com\/site\/wp-content\/uploads\/2025\/08\/wpe-encheres-logo.png","contentUrl":"https:\/\/wpe-encheres.com\/site\/wp-content\/uploads\/2025\/08\/wpe-encheres-logo.png","width":300,"height":110,"caption":"wpe encheres"},"image":{"@id":"https:\/\/wpe-encheres.com\/site\/#\/schema\/logo\/image\/"}}]}},"_links":{"self":[{"href":"https:\/\/wpe-encheres.com\/site\/wp-json\/wp\/v2\/pages\/6924","targetHints":{"allow":["GET"]}}],"collection":[{"href":"https:\/\/wpe-encheres.com\/site\/wp-json\/wp\/v2\/pages"}],"about":[{"href":"https:\/\/wpe-encheres.com\/site\/wp-json\/wp\/v2\/types\/page"}],"author":[{"embeddable":true,"href":"https:\/\/wpe-encheres.com\/site\/wp-json\/wp\/v2\/users\/1"}],"replies":[{"embeddable":true,"href":"https:\/\/wpe-encheres.com\/site\/wp-json\/wp\/v2\/comments?post=6924"}],"version-history":[{"count":1,"href":"https:\/\/wpe-encheres.com\/site\/wp-json\/wp\/v2\/pages\/6924\/revisions"}],"predecessor-version":[{"id":23978,"href":"https:\/\/wpe-encheres.com\/site\/wp-json\/wp\/v2\/pages\/6924\/revisions\/23978"}],"wp:attachment":[{"href":"https:\/\/wpe-encheres.com\/site\/wp-json\/wp\/v2\/media?parent=6924"}],"curies":[{"name":"wp","href":"https:\/\/api.w.org\/{rel}","templated":true}]}}