{"id":6498,"date":"2024-03-26T08:46:45","date_gmt":"2024-03-26T07:46:45","guid":{"rendered":"https:\/\/www.wpe-encheres.com\/?page_id=6498"},"modified":"2025-12-09T19:13:00","modified_gmt":"2025-12-09T18:13:00","slug":"ventes-passees","status":"publish","type":"page","link":"https:\/\/wpe-encheres.com\/site\/ventes-passees\/","title":{"rendered":"ventes pass\u00e9es"},"content":{"rendered":"<div class=\"wpb-content-wrapper\"><p>[vc_row css_animation=\u00a0\u00bb\u00a0\u00bb row_type=\u00a0\u00bbrow\u00a0\u00bb use_row_as_full_screen_section=\u00a0\u00bbno\u00a0\u00bb type=\u00a0\u00bbfull_width\u00a0\u00bb angled_section=\u00a0\u00bbno\u00a0\u00bb text_align=\u00a0\u00bbleft\u00a0\u00bb background_image_as_pattern=\u00a0\u00bbwithout_pattern\u00a0\u00bb][vc_column][vc_column_text css=\u00a0\u00bb\u00a0\u00bb]<\/p>\n<h1>Ventes pass\u00e9es<\/h1>\n<p>[\/vc_column_text][\/vc_column][\/vc_row][vc_row css_animation=\u00a0\u00bb\u00a0\u00bb row_type=\u00a0\u00bbrow\u00a0\u00bb use_row_as_full_screen_section=\u00a0\u00bbno\u00a0\u00bb type=\u00a0\u00bbfull_width\u00a0\u00bb angled_section=\u00a0\u00bbno\u00a0\u00bb text_align=\u00a0\u00bbleft\u00a0\u00bb background_image_as_pattern=\u00a0\u00bbwithout_pattern\u00a0\u00bb][vc_column][vc_column_text]Vous trouverez ci-dessous la liste de nos ventes pass\u00e9es.[\/vc_column_text][vc_empty_space][vc_column_text css=\u00a0\u00bb\u00a0\u00bb]<div class=\"em em-view-container\" id=\"em-view-189519403\" data-view=\"list\">\r\n\t<div class=\"em em-list em-events-list\" id=\"em-events-list-189519403\" data-view-id=\"189519403\">\r\n\t<div class=\"em-event em-item \" style=\"--default-border:#195287;\">\r\n\t<div class=\"em-item-image \">\r\n\t\t\r\n\t\t<img src='https:\/\/wpe-encheres.com\/site\/wp-content\/uploads\/2026\/03\/vente-du-08-avril.jpg' alt='vente du 8 avril'\/>\r\n\t\t\r\n\t\t\r\n\t<\/div>\r\n\t<div class=\"em-item-info\">\r\n\t\t<h3 class=\"em-item-title\"><a href=\"https:\/\/wpe-encheres.com\/site\/ventes\/vente-du-8-avril\/\">vente du 8 avril<\/a><\/h3>\r\n\t\t\r\n\t\t<div class=\"em-event-meta em-item-meta\">\r\n\t\t\t<div class=\"em-item-meta-line em-event-date em-event-meta-datetime\">\r\n\t\t\t\t<span class=\"em-icon-calendar em-icon\"><\/span>\r\n\t\t\t\t8 avril 2026\u00a0\u00a0\u00a0\u00a0\r\n\t\t\t<\/div>\r\n\t\t\t<div class=\"em-item-meta-line em-event-time em-event-meta-datetime\">\r\n\t\t\t\t<span class=\"em-icon-clock em-icon\"><\/span>\r\n\t\t\t\t14h00 - 18h15\r\n\t\t\t<\/div>\r\n\t\t\t\r\n\t\t\t\r\n\t\t\t\r\n\t\t\t\r\n\t\t\t\r\n\t\t<\/div>\r\n\t\t<div class=\"em-item-desc\">\r\n\t\t\t<strong>Mercredi 8 avril 2026<\/strong> \u00e0 14h ne direct sur le Moniteur Live et dans nos locaux, exceptionnelle vente aux ench\u00e8res sans prix de r\u00e9serve du site de la<strong> soci\u00e9t\u00e9 BWI<\/strong> , \u00e9quipementier automobile international.\r\nAu programme des <strong>v\u00e9hicules tr\u00e8s faiblement kilom\u00e9tr\u00e9s<\/strong>, des <strong>\u00e9quipements de garage<\/strong> complets, des <strong>instruments de mesures<\/strong> techniques haut de gamme et r\u00e9cents, du <strong>mat\u00e9riel de manutention<\/strong>, des<strong> machines outils<\/strong> et une belle <strong>quantit\u00e9 de mati\u00e8re premi\u00e8re<\/strong>, m\u00e9taux, ferraille et divers.\r\n\t\t<\/div>\r\n\t\t<div class=\"em-item-actions input\">\r\n\t\t\t<a class=\"em-item-read-more button\" href=\"https:\/\/wpe-encheres.com\/site\/ventes\/vente-du-8-avril\/\">Plus d\u2019infos<\/a>\r\n\t\t\t\r\n\t\t<\/div>\r\n\t<\/div>\r\n<\/div><div class=\"em-event em-item \" style=\"--default-border:#195287;\">\r\n\t<div class=\"em-item-image \">\r\n\t\t\r\n\t\t<img src='https:\/\/wpe-encheres.com\/site\/wp-content\/uploads\/2026\/01\/vente-du-10-mars.jpg' alt='vente du mardi 10 mars 2026'\/>\r\n\t\t\r\n\t\t\r\n\t<\/div>\r\n\t<div class=\"em-item-info\">\r\n\t\t<h3 class=\"em-item-title\"><a href=\"https:\/\/wpe-encheres.com\/site\/ventes\/vente-du-mardi-10-mars-2026\/\">vente du mardi 10 mars 2026<\/a><\/h3>\r\n\t\t\r\n\t\t<div class=\"em-event-meta em-item-meta\">\r\n\t\t\t<div class=\"em-item-meta-line em-event-date em-event-meta-datetime\">\r\n\t\t\t\t<span class=\"em-icon-calendar em-icon\"><\/span>\r\n\t\t\t\t10 mars 2026\u00a0\u00a0\u00a0\u00a0\r\n\t\t\t<\/div>\r\n\t\t\t<div class=\"em-item-meta-line em-event-time em-event-meta-datetime\">\r\n\t\t\t\t<span class=\"em-icon-clock em-icon\"><\/span>\r\n\t\t\t\t14h00 - 18h30\r\n\t\t\t<\/div>\r\n\t\t\t\r\n\t\t\t\r\n\t\t\t\r\n\t\t\t\r\n\t\t\t\r\n\t\t<\/div>\r\n\t\t<div class=\"em-item-desc\">\r\n\t\t\tVente aux ench\u00e8res <strong>sans prix de r\u00e9serve<\/strong> du si\u00e8ge d'<strong>Eau de Paris<\/strong>, 800 postes de travails complets et des espaces communs design, et grande quantit\u00e9 de moniteurs et mat\u00e9riel informatique de la soci\u00e9t\u00e9 Engie \u00e0 la d\u00e9fense. <strong>BEAUCOUP DE TV ET ECRANS<\/strong>. Au programme, mobilier design haut de gamme, mobilier de bureau de qualit\u00e9, luminaires, mobilier d\u2019ext\u00e9rieur, plantes artificielles, mat\u00e9riel informatique r\u00e9cent, t\u00e9l\u00e9visions, moniteurs, vid\u00e9oprojecteurs, mat\u00e9riel audio r\u00e9cent, et divers\u2026\r\n\t\t<\/div>\r\n\t\t<div class=\"em-item-actions input\">\r\n\t\t\t<a class=\"em-item-read-more button\" href=\"https:\/\/wpe-encheres.com\/site\/ventes\/vente-du-mardi-10-mars-2026\/\">Plus d\u2019infos<\/a>\r\n\t\t\t\r\n\t\t<\/div>\r\n\t<\/div>\r\n<\/div><div class=\"em-event em-item \" style=\"--default-border:#195287;\">\r\n\t<div class=\"em-item-image \">\r\n\t\t\r\n\t\t<img src='https:\/\/wpe-encheres.com\/site\/wp-content\/uploads\/2026\/01\/vente-du-28-janvier.jpg' alt='vente du mardi 24 f\u00e9vrier 2026'\/>\r\n\t\t\r\n\t\t\r\n\t<\/div>\r\n\t<div class=\"em-item-info\">\r\n\t\t<h3 class=\"em-item-title\"><a href=\"https:\/\/wpe-encheres.com\/site\/ventes\/vente-du-mercredi-28-janvier-2026\/\">vente du mardi 24 f\u00e9vrier 2026<\/a><\/h3>\r\n\t\t\r\n\t\t<div class=\"em-event-meta em-item-meta\">\r\n\t\t\t<div class=\"em-item-meta-line em-event-date em-event-meta-datetime\">\r\n\t\t\t\t<span class=\"em-icon-calendar em-icon\"><\/span>\r\n\t\t\t\t24 f\u00e9vrier 2026\u00a0\u00a0\u00a0\u00a0\r\n\t\t\t<\/div>\r\n\t\t\t<div class=\"em-item-meta-line em-event-time em-event-meta-datetime\">\r\n\t\t\t\t<span class=\"em-icon-clock em-icon\"><\/span>\r\n\t\t\t\t14h00 - 18h15\r\n\t\t\t<\/div>\r\n\t\t\t\r\n\t\t\t\r\n\t\t\t\r\n\t\t\t\r\n\t\t\t\r\n\t\t<\/div>\r\n\t\t<div class=\"em-item-desc\">\r\n\t\t\t<strong>Mardi 24 f\u00e9vrier 2026 \u00e0 14H<\/strong>\r\n\r\nVente aux ench\u00e8res <strong>SANS PRIX DE RESERVE<\/strong> d'\u00e9quipement CHR et mobilier design haut de gamme.\r\nAu programme : du mat\u00e9riel CHR , h\u00f4tellerie et restauration haut de gamme, mobilier design, beaucoup d'\u00e9lectronique et plein de surprises...\r\n\t\t<\/div>\r\n\t\t<div class=\"em-item-actions input\">\r\n\t\t\t<a class=\"em-item-read-more button\" href=\"https:\/\/wpe-encheres.com\/site\/ventes\/vente-du-mercredi-28-janvier-2026\/\">Plus d\u2019infos<\/a>\r\n\t\t\t\r\n\t\t<\/div>\r\n\t<\/div>\r\n<\/div><div class=\"em-event em-item \" style=\"--default-border:#195287;\">\r\n\t<div class=\"em-item-image \">\r\n\t\t\r\n\t\t<img src='https:\/\/wpe-encheres.com\/site\/wp-content\/uploads\/2025\/12\/vente14012026-.jpg' alt='Vente du 14 janvier 2026'\/>\r\n\t\t\r\n\t\t\r\n\t<\/div>\r\n\t<div class=\"em-item-info\">\r\n\t\t<h3 class=\"em-item-title\"><a href=\"https:\/\/wpe-encheres.com\/site\/ventes\/vente-du-14-janvier-2026\/\">Vente du 14 janvier 2026<\/a><\/h3>\r\n\t\t\r\n\t\t<div class=\"em-event-meta em-item-meta\">\r\n\t\t\t<div class=\"em-item-meta-line em-event-date em-event-meta-datetime\">\r\n\t\t\t\t<span class=\"em-icon-calendar em-icon\"><\/span>\r\n\t\t\t\t14 janvier 2026\u00a0\u00a0\u00a0\u00a0\r\n\t\t\t<\/div>\r\n\t\t\t<div class=\"em-item-meta-line em-event-time em-event-meta-datetime\">\r\n\t\t\t\t<span class=\"em-icon-clock em-icon\"><\/span>\r\n\t\t\t\t14h00 - 18h30\r\n\t\t\t<\/div>\r\n\t\t\t\r\n\t\t\t\r\n\t\t\t\r\n\t\t\t\r\n\t\t\t\r\n\t\t<\/div>\r\n\t\t<div class=\"em-item-desc\">\r\n\t\t\t<strong>Vente aux ench\u00e8res WPE-ENCHERES, SANS PRIX DE RESERVE<\/strong>, du mobilier et des \u00e9quipements de la <strong>Banque HSBC Tour C\u0153ur D\u00e9fense<\/strong>, suite \u00e0 son d\u00e9m\u00e9nagement, et \u00e0 divers. Mobilier design haut de gamme, mobilier de bureau de qualit\u00e9, luminaires, mobilier d\u2019ext\u00e9rieur, mat\u00e9riel informatique r\u00e9cent, t\u00e9l\u00e9visions, moniteurs, vid\u00e9oprojecteurs, mat\u00e9riel audio r\u00e9cent, mat\u00e9riel de CHR, et divers\u2026\r\n\t\t<\/div>\r\n\t\t<div class=\"em-item-actions input\">\r\n\t\t\t<a class=\"em-item-read-more button\" href=\"https:\/\/wpe-encheres.com\/site\/ventes\/vente-du-14-janvier-2026\/\">Plus d\u2019infos<\/a>\r\n\t\t\t\r\n\t\t<\/div>\r\n\t<\/div>\r\n<\/div><div class=\"em-event em-item \" style=\"--default-border:#195287;\">\r\n\t<div class=\"em-item-image \">\r\n\t\t\r\n\t\t<img src='https:\/\/wpe-encheres.com\/site\/wp-content\/uploads\/2025\/11\/18dec.jpg' alt='Vente du 18 d\u00e9cembre'\/>\r\n\t\t\r\n\t\t\r\n\t<\/div>\r\n\t<div class=\"em-item-info\">\r\n\t\t<h3 class=\"em-item-title\"><a href=\"https:\/\/wpe-encheres.com\/site\/ventes\/vente-du-18-decembre\/\">Vente du 18 d\u00e9cembre<\/a><\/h3>\r\n\t\t\r\n\t\t<div class=\"em-event-meta em-item-meta\">\r\n\t\t\t<div class=\"em-item-meta-line em-event-date em-event-meta-datetime\">\r\n\t\t\t\t<span class=\"em-icon-calendar em-icon\"><\/span>\r\n\t\t\t\t18 d\u00e9cembre 2025\u00a0\u00a0\u00a0\u00a0\r\n\t\t\t<\/div>\r\n\t\t\t<div class=\"em-item-meta-line em-event-time em-event-meta-datetime\">\r\n\t\t\t\t<span class=\"em-icon-clock em-icon\"><\/span>\r\n\t\t\t\t14h00 - 18h00\r\n\t\t\t<\/div>\r\n\t\t\t\r\n\t\t\t\r\n\t\t\t\r\n\t\t\t\r\n\t\t\t\r\n\t\t<\/div>\r\n\t\t<div class=\"em-item-desc\">\r\n\t\t\tVente aux ench\u00e8res SANS PRIX DE RESERVE de mobilier Design haut de gamme: 24 fauteuils de <strong>Karl Friedrich Foster<\/strong> mod\u00e8le <strong>Texas \u00e9dition KFF<\/strong> et 44 fauteuils \u00a0<strong>Zanotta<\/strong> en cuir rouge.\r\n\r\n<b>Vente On Line sur Drouot Live le 18 d\u00e9cembre 2026 jusqu'\u00e0 16h.<\/b>\r\n\t\t<\/div>\r\n\t\t<div class=\"em-item-actions input\">\r\n\t\t\t<a class=\"em-item-read-more button\" href=\"https:\/\/wpe-encheres.com\/site\/ventes\/vente-du-18-decembre\/\">Plus d\u2019infos<\/a>\r\n\t\t\t\r\n\t\t<\/div>\r\n\t<\/div>\r\n<\/div><div class=\"em-pagination em-ajax\" data-em-ajax=\"id=189519403&amp;limit=5&amp;scope=past&amp;order=desc&amp;action=search_events\"> <span class=\"page-numbers current\">1<\/span> <a class=\"page-numbers\" href=\"\/site\/wp-json\/wp\/v2\/pages\/6498?pno=2\" title=\"2\">2<\/a>  <a class=\"page-numbers\" href=\"\/site\/wp-json\/wp\/v2\/pages\/6498?pno=3\" title=\"3\">3<\/a>  <a class=\"page-numbers\" href=\"\/site\/wp-json\/wp\/v2\/pages\/6498?pno=4\" title=\"4\">4<\/a>  <a class=\"page-numbers\" href=\"\/site\/wp-json\/wp\/v2\/pages\/6498?pno=5\" title=\"5\">5<\/a>  <a class=\"next page-numbers\" href=\"\/site\/wp-json\/wp\/v2\/pages\/6498?pno=2\" title=\"2\">&gt;<\/a>  <\/div>\t<\/div>\r\n<\/div>[\/vc_column_text][\/vc_column][\/vc_row][vc_row css_animation=\u00a0\u00bb\u00a0\u00bb row_type=\u00a0\u00bbrow\u00a0\u00bb use_row_as_full_screen_section=\u00a0\u00bbno\u00a0\u00bb type=\u00a0\u00bbfull_width\u00a0\u00bb angled_section=\u00a0\u00bbno\u00a0\u00bb text_align=\u00a0\u00bbleft\u00a0\u00bb background_image_as_pattern=\u00a0\u00bbwithout_pattern\u00a0\u00bb][vc_column][vc_empty_space][\/vc_column][\/vc_row]<\/p>\n<\/div>","protected":false},"excerpt":{"rendered":"<p>[vc_row css_animation=\u00a0\u00bb\u00a0\u00bb row_type=\u00a0\u00bbrow\u00a0\u00bb use_row_as_full_screen_section=\u00a0\u00bbno\u00a0\u00bb type=\u00a0\u00bbfull_width\u00a0\u00bb angled_section=\u00a0\u00bbno\u00a0\u00bb text_align=\u00a0\u00bbleft\u00a0\u00bb background_image_as_pattern=\u00a0\u00bbwithout_pattern\u00a0\u00bb][vc_column][vc_column_text css=\u00a0\u00bb\u00a0\u00bb] Ventes pass\u00e9es [\/vc_column_text][\/vc_column][\/vc_row][vc_row css_animation=\u00a0\u00bb\u00a0\u00bb row_type=\u00a0\u00bbrow\u00a0\u00bb use_row_as_full_screen_section=\u00a0\u00bbno\u00a0\u00bb type=\u00a0\u00bbfull_width\u00a0\u00bb angled_section=\u00a0\u00bbno\u00a0\u00bb text_align=\u00a0\u00bbleft\u00a0\u00bb background_image_as_pattern=\u00a0\u00bbwithout_pattern\u00a0\u00bb][vc_column][vc_column_text]Vous trouverez ci-dessous la liste de nos ventes pass\u00e9es.[\/vc_column_text][vc_empty_space][vc_column_text css=\u00a0\u00bb\u00a0\u00bb][\/vc_column_text][\/vc_column][\/vc_row][vc_row css_animation=\u00a0\u00bb\u00a0\u00bb row_type=\u00a0\u00bbrow\u00a0\u00bb use_row_as_full_screen_section=\u00a0\u00bbno\u00a0\u00bb type=\u00a0\u00bbfull_width\u00a0\u00bb angled_section=\u00a0\u00bbno\u00a0\u00bb text_align=\u00a0\u00bbleft\u00a0\u00bb background_image_as_pattern=\u00a0\u00bbwithout_pattern\u00a0\u00bb][vc_column][vc_empty_space][\/vc_column][\/vc_row]<\/p>\n","protected":false},"author":1,"featured_media":0,"parent":0,"menu_order":0,"comment_status":"closed","ping_status":"closed","template":"","meta":{"_acf_changed":false,"footnotes":""},"class_list":["post-6498","page","type-page","status-publish","hentry"],"acf":[],"yoast_head":"<!-- This site is optimized with the Yoast SEO plugin v27.3 - https:\/\/yoast.com\/product\/yoast-seo-wordpress\/ -->\n<title>ventes pass\u00e9es - wpe-encheres<\/title>\n<meta name=\"description\" content=\"Ventes pass\u00e9es de wpe-encheres\" \/>\n<meta name=\"robots\" content=\"index, follow, max-snippet:-1, max-image-preview:large, max-video-preview:-1\" \/>\n<link rel=\"canonical\" href=\"https:\/\/wpe-encheres.com\/site\/ventes-passees\/\" \/>\n<meta property=\"og:locale\" content=\"fr_FR\" \/>\n<meta property=\"og:type\" content=\"article\" \/>\n<meta property=\"og:title\" content=\"ventes pass\u00e9es - wpe-encheres\" \/>\n<meta property=\"og:description\" content=\"Ventes pass\u00e9es de wpe-encheres\" \/>\n<meta property=\"og:url\" content=\"https:\/\/wpe-encheres.com\/site\/ventes-passees\/\" \/>\n<meta property=\"og:site_name\" content=\"wpe-encheres\" \/>\n<meta property=\"article:modified_time\" content=\"2025-12-09T18:13:00+00:00\" \/>\n<meta property=\"og:image\" content=\"https:\/\/wpe-encheres.com\/site\/wp-content\/uploads\/2025\/08\/wpe-encheres-logo.png\" \/>\n\t<meta property=\"og:image:width\" content=\"300\" \/>\n\t<meta property=\"og:image:height\" content=\"110\" \/>\n\t<meta property=\"og:image:type\" content=\"image\/png\" \/>\n<meta name=\"twitter:card\" content=\"summary_large_image\" \/>\n<meta name=\"twitter:label1\" content=\"Dur\u00e9e de lecture estim\u00e9e\" \/>\n\t<meta name=\"twitter:data1\" content=\"1 minute\" \/>\n<script type=\"application\/ld+json\" class=\"yoast-schema-graph\">{\"@context\":\"https:\\\/\\\/schema.org\",\"@graph\":[{\"@type\":\"WebPage\",\"@id\":\"https:\\\/\\\/wpe-encheres.com\\\/site\\\/ventes-passees\\\/\",\"url\":\"https:\\\/\\\/wpe-encheres.com\\\/site\\\/ventes-passees\\\/\",\"name\":\"ventes pass\u00e9es - wpe-encheres\",\"isPartOf\":{\"@id\":\"https:\\\/\\\/wpe-encheres.com\\\/site\\\/#website\"},\"datePublished\":\"2024-03-26T07:46:45+00:00\",\"dateModified\":\"2025-12-09T18:13:00+00:00\",\"description\":\"Ventes pass\u00e9es de wpe-encheres\",\"breadcrumb\":{\"@id\":\"https:\\\/\\\/wpe-encheres.com\\\/site\\\/ventes-passees\\\/#breadcrumb\"},\"inLanguage\":\"fr-FR\",\"potentialAction\":[{\"@type\":\"ReadAction\",\"target\":[\"https:\\\/\\\/wpe-encheres.com\\\/site\\\/ventes-passees\\\/\"]}]},{\"@type\":\"BreadcrumbList\",\"@id\":\"https:\\\/\\\/wpe-encheres.com\\\/site\\\/ventes-passees\\\/#breadcrumb\",\"itemListElement\":[{\"@type\":\"ListItem\",\"position\":1,\"name\":\"Accueil\",\"item\":\"https:\\\/\\\/wpe-encheres.com\\\/site\\\/\"},{\"@type\":\"ListItem\",\"position\":2,\"name\":\"ventes pass\u00e9es\"}]},{\"@type\":\"WebSite\",\"@id\":\"https:\\\/\\\/wpe-encheres.com\\\/site\\\/#website\",\"url\":\"https:\\\/\\\/wpe-encheres.com\\\/site\\\/\",\"name\":\"wpe-encheres\",\"description\":\"\",\"publisher\":{\"@id\":\"https:\\\/\\\/wpe-encheres.com\\\/site\\\/#organization\"},\"potentialAction\":[{\"@type\":\"SearchAction\",\"target\":{\"@type\":\"EntryPoint\",\"urlTemplate\":\"https:\\\/\\\/wpe-encheres.com\\\/site\\\/?s={search_term_string}\"},\"query-input\":{\"@type\":\"PropertyValueSpecification\",\"valueRequired\":true,\"valueName\":\"search_term_string\"}}],\"inLanguage\":\"fr-FR\"},{\"@type\":\"Organization\",\"@id\":\"https:\\\/\\\/wpe-encheres.com\\\/site\\\/#organization\",\"name\":\"wpe encheres\",\"url\":\"https:\\\/\\\/wpe-encheres.com\\\/site\\\/\",\"logo\":{\"@type\":\"ImageObject\",\"inLanguage\":\"fr-FR\",\"@id\":\"https:\\\/\\\/wpe-encheres.com\\\/site\\\/#\\\/schema\\\/logo\\\/image\\\/\",\"url\":\"https:\\\/\\\/wpe-encheres.com\\\/site\\\/wp-content\\\/uploads\\\/2025\\\/08\\\/wpe-encheres-logo.png\",\"contentUrl\":\"https:\\\/\\\/wpe-encheres.com\\\/site\\\/wp-content\\\/uploads\\\/2025\\\/08\\\/wpe-encheres-logo.png\",\"width\":300,\"height\":110,\"caption\":\"wpe encheres\"},\"image\":{\"@id\":\"https:\\\/\\\/wpe-encheres.com\\\/site\\\/#\\\/schema\\\/logo\\\/image\\\/\"}}]}<\/script>\n<!-- \/ Yoast SEO plugin. -->","yoast_head_json":{"title":"ventes pass\u00e9es - wpe-encheres","description":"Ventes pass\u00e9es de wpe-encheres","robots":{"index":"index","follow":"follow","max-snippet":"max-snippet:-1","max-image-preview":"max-image-preview:large","max-video-preview":"max-video-preview:-1"},"canonical":"https:\/\/wpe-encheres.com\/site\/ventes-passees\/","og_locale":"fr_FR","og_type":"article","og_title":"ventes pass\u00e9es - wpe-encheres","og_description":"Ventes pass\u00e9es de wpe-encheres","og_url":"https:\/\/wpe-encheres.com\/site\/ventes-passees\/","og_site_name":"wpe-encheres","article_modified_time":"2025-12-09T18:13:00+00:00","og_image":[{"width":300,"height":110,"url":"https:\/\/wpe-encheres.com\/site\/wp-content\/uploads\/2025\/08\/wpe-encheres-logo.png","type":"image\/png"}],"twitter_card":"summary_large_image","twitter_misc":{"Dur\u00e9e de lecture estim\u00e9e":"1 minute"},"schema":{"@context":"https:\/\/schema.org","@graph":[{"@type":"WebPage","@id":"https:\/\/wpe-encheres.com\/site\/ventes-passees\/","url":"https:\/\/wpe-encheres.com\/site\/ventes-passees\/","name":"ventes pass\u00e9es - wpe-encheres","isPartOf":{"@id":"https:\/\/wpe-encheres.com\/site\/#website"},"datePublished":"2024-03-26T07:46:45+00:00","dateModified":"2025-12-09T18:13:00+00:00","description":"Ventes pass\u00e9es de wpe-encheres","breadcrumb":{"@id":"https:\/\/wpe-encheres.com\/site\/ventes-passees\/#breadcrumb"},"inLanguage":"fr-FR","potentialAction":[{"@type":"ReadAction","target":["https:\/\/wpe-encheres.com\/site\/ventes-passees\/"]}]},{"@type":"BreadcrumbList","@id":"https:\/\/wpe-encheres.com\/site\/ventes-passees\/#breadcrumb","itemListElement":[{"@type":"ListItem","position":1,"name":"Accueil","item":"https:\/\/wpe-encheres.com\/site\/"},{"@type":"ListItem","position":2,"name":"ventes pass\u00e9es"}]},{"@type":"WebSite","@id":"https:\/\/wpe-encheres.com\/site\/#website","url":"https:\/\/wpe-encheres.com\/site\/","name":"wpe-encheres","description":"","publisher":{"@id":"https:\/\/wpe-encheres.com\/site\/#organization"},"potentialAction":[{"@type":"SearchAction","target":{"@type":"EntryPoint","urlTemplate":"https:\/\/wpe-encheres.com\/site\/?s={search_term_string}"},"query-input":{"@type":"PropertyValueSpecification","valueRequired":true,"valueName":"search_term_string"}}],"inLanguage":"fr-FR"},{"@type":"Organization","@id":"https:\/\/wpe-encheres.com\/site\/#organization","name":"wpe encheres","url":"https:\/\/wpe-encheres.com\/site\/","logo":{"@type":"ImageObject","inLanguage":"fr-FR","@id":"https:\/\/wpe-encheres.com\/site\/#\/schema\/logo\/image\/","url":"https:\/\/wpe-encheres.com\/site\/wp-content\/uploads\/2025\/08\/wpe-encheres-logo.png","contentUrl":"https:\/\/wpe-encheres.com\/site\/wp-content\/uploads\/2025\/08\/wpe-encheres-logo.png","width":300,"height":110,"caption":"wpe encheres"},"image":{"@id":"https:\/\/wpe-encheres.com\/site\/#\/schema\/logo\/image\/"}}]}},"_links":{"self":[{"href":"https:\/\/wpe-encheres.com\/site\/wp-json\/wp\/v2\/pages\/6498","targetHints":{"allow":["GET"]}}],"collection":[{"href":"https:\/\/wpe-encheres.com\/site\/wp-json\/wp\/v2\/pages"}],"about":[{"href":"https:\/\/wpe-encheres.com\/site\/wp-json\/wp\/v2\/types\/page"}],"author":[{"embeddable":true,"href":"https:\/\/wpe-encheres.com\/site\/wp-json\/wp\/v2\/users\/1"}],"replies":[{"embeddable":true,"href":"https:\/\/wpe-encheres.com\/site\/wp-json\/wp\/v2\/comments?post=6498"}],"version-history":[{"count":15,"href":"https:\/\/wpe-encheres.com\/site\/wp-json\/wp\/v2\/pages\/6498\/revisions"}],"predecessor-version":[{"id":36714,"href":"https:\/\/wpe-encheres.com\/site\/wp-json\/wp\/v2\/pages\/6498\/revisions\/36714"}],"wp:attachment":[{"href":"https:\/\/wpe-encheres.com\/site\/wp-json\/wp\/v2\/media?parent=6498"}],"curies":[{"name":"wp","href":"https:\/\/api.w.org\/{rel}","templated":true}]}}