{"id":6114,"date":"2024-03-23T08:38:45","date_gmt":"2024-03-23T07:38:45","guid":{"rendered":"https:\/\/www.wpe-encheres.com\/?page_id=6114"},"modified":"2025-08-31T11:06:58","modified_gmt":"2025-08-31T09:06:58","slug":"liste-des-biens-valorisables","status":"publish","type":"page","link":"https:\/\/wpe-encheres.com\/site\/liste-des-biens-valorisables\/","title":{"rendered":"Liste des biens valorisables"},"content":{"rendered":"<div class=\"wpb-content-wrapper\"><p>[vc_row css_animation=\u00a0\u00bb\u00a0\u00bb row_type=\u00a0\u00bbrow\u00a0\u00bb use_row_as_full_screen_section=\u00a0\u00bbno\u00a0\u00bb type=\u00a0\u00bbfull_width\u00a0\u00bb angled_section=\u00a0\u00bbno\u00a0\u00bb text_align=\u00a0\u00bbleft\u00a0\u00bb background_image_as_pattern=\u00a0\u00bbwithout_pattern\u00a0\u00bb][vc_column][vc_column_text css=\u00a0\u00bb\u00a0\u00bb]<\/p>\n<h1>Liste des biens valorisables<\/h1>\n<p>[\/vc_column_text][vc_empty_space][vc_column_text]<\/p>\n<ul>\n<li>L\u2019ensemble du mobilier de bureau : le plus valorisable : mobilier de direction, accueil, salles de r\u00e9union, auditorium, armoires, chaises et fauteuils, caissons\u2026<\/li>\n<li>L\u2019ensemble des rayonnages d\u2019archives, palettier, armoires fortes, coffres-forts.<\/li>\n<li>Le mat\u00e9riel de restauration, cuisine, mobilier et \u00e9lectrom\u00e9nager\u2026<\/li>\n<li>L\u2019ensemble des luminaires : lampes, lustres, appliques, spots, int\u00e9rieur et ext\u00e9rieur.<\/li>\n<li>Le mobilier d\u2019ext\u00e9rieur : jardins, terrasses, auvent, bancs\u2026<\/li>\n<li>Le mat\u00e9riel informatique : UC, \u00e9crans, portables, vid\u00e9oprojecteurs, mat\u00e9riel audiovisuel, serveurs, baies, onduleurs, climatiseurs de salles informatiques, photocopieurs, imprimantes, scanners et c\u00e2bles. Nous vendons aussi tout ce mat\u00e9riel quand il est consid\u00e9r\u00e9 par vos services comme obsol\u00e8te, incomplet ou non fonctionnant.<\/li>\n<li>Le mat\u00e9riel de t\u00e9l\u00e9phonie : postes t\u00e9l\u00e9phoniques, PABX et ses cartes, bornes DECT.<\/li>\n<li>Les\u00a0v\u00e9hicules\u00a0roulants\u00a0et non\u00a0roulants.<\/li>\n<li>Les\u00a0plantes\u00a0vertes,\u00a0plantes\u00a0artificielles, fleurs,\u00a0\u00a0poissons\u00a0(aquariums\u00a0et\u00a0bassins)\u2026<\/li>\n<li>Les\u00a0\u00e9l\u00e9ments\u00a0de\u00a0s\u00e9curit\u00e9:\u00a0cam\u00e9ras,\u00a0extincteurs,\u00a0syst\u00e8me\u00a0de badges\u00a0et\u00a0alarmes.<\/li>\n<\/ul>\n<p>[\/vc_column_text][vc_empty_space][vc_separator type=\u00a0\u00bbnormal\u00a0\u00bb][vc_empty_space][vc_column_text]<\/p>\n<ul>\n<li>Le mat\u00e9riel technique li\u00e9 aux diff\u00e9rents immeubles \u00e0 savoir: les climatisations, appareils de chauffage, chaudi\u00e8res, les installations \u00e9lectriques types groupes \u00e9lectrog\u00e8nes, onduleurs, tableaux \u00e9lectriques.<\/li>\n<li>Le mat\u00e9riel technique type atelier :\u00a0machines-outils\u00a0(perceuses\u00a0colonnes, tours, presses\u2026),\u00a0portiques, paillasses\u00a0ou\u00a0\u00e9tablis,\u00a0cabine\u00a0de\u00a0peinture, four, petits\u00a0outillages\u00a0\u00e9lectroportatifs.<\/li>\n<li>Le mat\u00e9riel de manutention : chariots\u00a0\u00e9l\u00e9vateurs,\u00a0gerbeurs,\u00a0transpalettes, nacelles, chariots, dolly\u2026<\/li>\n<li>Les objets d\u2019art : peintures, sculptures, \u00e9l\u00e9ments d\u00e9coratifs des immeubles. Nous sommes aussi comp\u00e9tents pour faire l\u2019inventaire en valeur assurance, seul document valable aupr\u00e8s des assurances dans l\u2019\u00e9ventualit\u00e9 d\u2019un sinistre lors du d\u00e9m\u00e9nagement.<\/li>\n<li>Portes, cloisons,\u00a0barri\u00e8res, et\u00a0am\u00e9nagements\u00a0ext\u00e9rieurs.<\/li>\n<li>Infirmerie, salles de sports.<\/li>\n<li>Stock de pi\u00e8ces d\u00e9tach\u00e9es : toner, ampoules, appareils \u00e9lectriques, plomberie, climatisation, filtres, carrelage, staff, moquette\u2026<\/li>\n<li>Enfin tout le mat\u00e9riel technique li\u00e9 \u00e0 votre activit\u00e9 de recherche, d\u00e9veloppement et ou production \u00e0 voir ensemble sur place.<\/li>\n<\/ul>\n<p>[\/vc_column_text][vc_empty_space][\/vc_column][\/vc_row]<\/p>\n<\/div>","protected":false},"excerpt":{"rendered":"<p>[vc_row css_animation=\u00a0\u00bb\u00a0\u00bb row_type=\u00a0\u00bbrow\u00a0\u00bb use_row_as_full_screen_section=\u00a0\u00bbno\u00a0\u00bb type=\u00a0\u00bbfull_width\u00a0\u00bb angled_section=\u00a0\u00bbno\u00a0\u00bb text_align=\u00a0\u00bbleft\u00a0\u00bb background_image_as_pattern=\u00a0\u00bbwithout_pattern\u00a0\u00bb][vc_column][vc_column_text css=\u00a0\u00bb\u00a0\u00bb] Liste des biens valorisables [\/vc_column_text][vc_empty_space][vc_column_text] L\u2019ensemble du mobilier de bureau : le plus valorisable : mobilier de direction, accueil, salles de r\u00e9union, auditorium, armoires, chaises et fauteuils, caissons\u2026 L\u2019ensemble des rayonnages d\u2019archives, palettier, armoires fortes, coffres-forts&#8230;.<\/p>\n","protected":false},"author":1,"featured_media":0,"parent":0,"menu_order":0,"comment_status":"closed","ping_status":"closed","template":"","meta":{"_acf_changed":false,"footnotes":""},"class_list":["post-6114","page","type-page","status-publish","hentry"],"acf":[],"yoast_head":"<!-- This site is optimized with the Yoast SEO plugin v27.3 - https:\/\/yoast.com\/product\/yoast-seo-wordpress\/ -->\n<title>Liste des biens valorisables - wpe-encheres<\/title>\n<meta name=\"robots\" content=\"index, follow, max-snippet:-1, max-image-preview:large, max-video-preview:-1\" \/>\n<link rel=\"canonical\" href=\"https:\/\/wpe-encheres.com\/site\/liste-des-biens-valorisables\/\" \/>\n<meta property=\"og:locale\" content=\"fr_FR\" \/>\n<meta property=\"og:type\" content=\"article\" \/>\n<meta property=\"og:title\" content=\"Liste des biens valorisables - wpe-encheres\" \/>\n<meta property=\"og:description\" content=\"[vc_row css_animation=\u00a0\u00bb\u00a0\u00bb row_type=\u00a0\u00bbrow\u00a0\u00bb use_row_as_full_screen_section=\u00a0\u00bbno\u00a0\u00bb type=\u00a0\u00bbfull_width\u00a0\u00bb angled_section=\u00a0\u00bbno\u00a0\u00bb text_align=\u00a0\u00bbleft\u00a0\u00bb background_image_as_pattern=\u00a0\u00bbwithout_pattern\u00a0\u00bb][vc_column][vc_column_text css=\u00a0\u00bb\u00a0\u00bb] Liste des biens valorisables [\/vc_column_text][vc_empty_space][vc_column_text] L\u2019ensemble du mobilier de bureau : le plus valorisable : mobilier de direction, accueil, salles de r\u00e9union, auditorium, armoires, chaises et fauteuils, caissons\u2026 L\u2019ensemble des rayonnages d\u2019archives, palettier, armoires fortes, coffres-forts....\" \/>\n<meta property=\"og:url\" content=\"https:\/\/wpe-encheres.com\/site\/liste-des-biens-valorisables\/\" \/>\n<meta property=\"og:site_name\" content=\"wpe-encheres\" \/>\n<meta property=\"article:modified_time\" content=\"2025-08-31T09:06:58+00:00\" \/>\n<meta property=\"og:image\" content=\"https:\/\/wpe-encheres.com\/site\/wp-content\/uploads\/2025\/08\/wpe-encheres-logo.png\" \/>\n\t<meta property=\"og:image:width\" content=\"300\" \/>\n\t<meta property=\"og:image:height\" content=\"110\" \/>\n\t<meta property=\"og:image:type\" content=\"image\/png\" \/>\n<meta name=\"twitter:card\" content=\"summary_large_image\" \/>\n<meta name=\"twitter:label1\" content=\"Dur\u00e9e de lecture estim\u00e9e\" \/>\n\t<meta name=\"twitter:data1\" content=\"2 minutes\" \/>\n<script type=\"application\/ld+json\" class=\"yoast-schema-graph\">{\"@context\":\"https:\\\/\\\/schema.org\",\"@graph\":[{\"@type\":\"WebPage\",\"@id\":\"https:\\\/\\\/wpe-encheres.com\\\/site\\\/liste-des-biens-valorisables\\\/\",\"url\":\"https:\\\/\\\/wpe-encheres.com\\\/site\\\/liste-des-biens-valorisables\\\/\",\"name\":\"Liste des biens valorisables - wpe-encheres\",\"isPartOf\":{\"@id\":\"https:\\\/\\\/wpe-encheres.com\\\/site\\\/#website\"},\"datePublished\":\"2024-03-23T07:38:45+00:00\",\"dateModified\":\"2025-08-31T09:06:58+00:00\",\"breadcrumb\":{\"@id\":\"https:\\\/\\\/wpe-encheres.com\\\/site\\\/liste-des-biens-valorisables\\\/#breadcrumb\"},\"inLanguage\":\"fr-FR\",\"potentialAction\":[{\"@type\":\"ReadAction\",\"target\":[\"https:\\\/\\\/wpe-encheres.com\\\/site\\\/liste-des-biens-valorisables\\\/\"]}]},{\"@type\":\"BreadcrumbList\",\"@id\":\"https:\\\/\\\/wpe-encheres.com\\\/site\\\/liste-des-biens-valorisables\\\/#breadcrumb\",\"itemListElement\":[{\"@type\":\"ListItem\",\"position\":1,\"name\":\"Accueil\",\"item\":\"https:\\\/\\\/wpe-encheres.com\\\/site\\\/\"},{\"@type\":\"ListItem\",\"position\":2,\"name\":\"Liste des biens valorisables\"}]},{\"@type\":\"WebSite\",\"@id\":\"https:\\\/\\\/wpe-encheres.com\\\/site\\\/#website\",\"url\":\"https:\\\/\\\/wpe-encheres.com\\\/site\\\/\",\"name\":\"wpe-encheres\",\"description\":\"\",\"publisher\":{\"@id\":\"https:\\\/\\\/wpe-encheres.com\\\/site\\\/#organization\"},\"potentialAction\":[{\"@type\":\"SearchAction\",\"target\":{\"@type\":\"EntryPoint\",\"urlTemplate\":\"https:\\\/\\\/wpe-encheres.com\\\/site\\\/?s={search_term_string}\"},\"query-input\":{\"@type\":\"PropertyValueSpecification\",\"valueRequired\":true,\"valueName\":\"search_term_string\"}}],\"inLanguage\":\"fr-FR\"},{\"@type\":\"Organization\",\"@id\":\"https:\\\/\\\/wpe-encheres.com\\\/site\\\/#organization\",\"name\":\"wpe encheres\",\"url\":\"https:\\\/\\\/wpe-encheres.com\\\/site\\\/\",\"logo\":{\"@type\":\"ImageObject\",\"inLanguage\":\"fr-FR\",\"@id\":\"https:\\\/\\\/wpe-encheres.com\\\/site\\\/#\\\/schema\\\/logo\\\/image\\\/\",\"url\":\"https:\\\/\\\/wpe-encheres.com\\\/site\\\/wp-content\\\/uploads\\\/2025\\\/08\\\/wpe-encheres-logo.png\",\"contentUrl\":\"https:\\\/\\\/wpe-encheres.com\\\/site\\\/wp-content\\\/uploads\\\/2025\\\/08\\\/wpe-encheres-logo.png\",\"width\":300,\"height\":110,\"caption\":\"wpe encheres\"},\"image\":{\"@id\":\"https:\\\/\\\/wpe-encheres.com\\\/site\\\/#\\\/schema\\\/logo\\\/image\\\/\"}}]}<\/script>\n<!-- \/ Yoast SEO plugin. -->","yoast_head_json":{"title":"Liste des biens valorisables - wpe-encheres","robots":{"index":"index","follow":"follow","max-snippet":"max-snippet:-1","max-image-preview":"max-image-preview:large","max-video-preview":"max-video-preview:-1"},"canonical":"https:\/\/wpe-encheres.com\/site\/liste-des-biens-valorisables\/","og_locale":"fr_FR","og_type":"article","og_title":"Liste des biens valorisables - wpe-encheres","og_description":"[vc_row css_animation=\u00a0\u00bb\u00a0\u00bb row_type=\u00a0\u00bbrow\u00a0\u00bb use_row_as_full_screen_section=\u00a0\u00bbno\u00a0\u00bb type=\u00a0\u00bbfull_width\u00a0\u00bb angled_section=\u00a0\u00bbno\u00a0\u00bb text_align=\u00a0\u00bbleft\u00a0\u00bb background_image_as_pattern=\u00a0\u00bbwithout_pattern\u00a0\u00bb][vc_column][vc_column_text css=\u00a0\u00bb\u00a0\u00bb] Liste des biens valorisables [\/vc_column_text][vc_empty_space][vc_column_text] L\u2019ensemble du mobilier de bureau : le plus valorisable : mobilier de direction, accueil, salles de r\u00e9union, auditorium, armoires, chaises et fauteuils, caissons\u2026 L\u2019ensemble des rayonnages d\u2019archives, palettier, armoires fortes, coffres-forts....","og_url":"https:\/\/wpe-encheres.com\/site\/liste-des-biens-valorisables\/","og_site_name":"wpe-encheres","article_modified_time":"2025-08-31T09:06:58+00:00","og_image":[{"width":300,"height":110,"url":"https:\/\/wpe-encheres.com\/site\/wp-content\/uploads\/2025\/08\/wpe-encheres-logo.png","type":"image\/png"}],"twitter_card":"summary_large_image","twitter_misc":{"Dur\u00e9e de lecture estim\u00e9e":"2 minutes"},"schema":{"@context":"https:\/\/schema.org","@graph":[{"@type":"WebPage","@id":"https:\/\/wpe-encheres.com\/site\/liste-des-biens-valorisables\/","url":"https:\/\/wpe-encheres.com\/site\/liste-des-biens-valorisables\/","name":"Liste des biens valorisables - wpe-encheres","isPartOf":{"@id":"https:\/\/wpe-encheres.com\/site\/#website"},"datePublished":"2024-03-23T07:38:45+00:00","dateModified":"2025-08-31T09:06:58+00:00","breadcrumb":{"@id":"https:\/\/wpe-encheres.com\/site\/liste-des-biens-valorisables\/#breadcrumb"},"inLanguage":"fr-FR","potentialAction":[{"@type":"ReadAction","target":["https:\/\/wpe-encheres.com\/site\/liste-des-biens-valorisables\/"]}]},{"@type":"BreadcrumbList","@id":"https:\/\/wpe-encheres.com\/site\/liste-des-biens-valorisables\/#breadcrumb","itemListElement":[{"@type":"ListItem","position":1,"name":"Accueil","item":"https:\/\/wpe-encheres.com\/site\/"},{"@type":"ListItem","position":2,"name":"Liste des biens valorisables"}]},{"@type":"WebSite","@id":"https:\/\/wpe-encheres.com\/site\/#website","url":"https:\/\/wpe-encheres.com\/site\/","name":"wpe-encheres","description":"","publisher":{"@id":"https:\/\/wpe-encheres.com\/site\/#organization"},"potentialAction":[{"@type":"SearchAction","target":{"@type":"EntryPoint","urlTemplate":"https:\/\/wpe-encheres.com\/site\/?s={search_term_string}"},"query-input":{"@type":"PropertyValueSpecification","valueRequired":true,"valueName":"search_term_string"}}],"inLanguage":"fr-FR"},{"@type":"Organization","@id":"https:\/\/wpe-encheres.com\/site\/#organization","name":"wpe encheres","url":"https:\/\/wpe-encheres.com\/site\/","logo":{"@type":"ImageObject","inLanguage":"fr-FR","@id":"https:\/\/wpe-encheres.com\/site\/#\/schema\/logo\/image\/","url":"https:\/\/wpe-encheres.com\/site\/wp-content\/uploads\/2025\/08\/wpe-encheres-logo.png","contentUrl":"https:\/\/wpe-encheres.com\/site\/wp-content\/uploads\/2025\/08\/wpe-encheres-logo.png","width":300,"height":110,"caption":"wpe encheres"},"image":{"@id":"https:\/\/wpe-encheres.com\/site\/#\/schema\/logo\/image\/"}}]}},"_links":{"self":[{"href":"https:\/\/wpe-encheres.com\/site\/wp-json\/wp\/v2\/pages\/6114","targetHints":{"allow":["GET"]}}],"collection":[{"href":"https:\/\/wpe-encheres.com\/site\/wp-json\/wp\/v2\/pages"}],"about":[{"href":"https:\/\/wpe-encheres.com\/site\/wp-json\/wp\/v2\/types\/page"}],"author":[{"embeddable":true,"href":"https:\/\/wpe-encheres.com\/site\/wp-json\/wp\/v2\/users\/1"}],"replies":[{"embeddable":true,"href":"https:\/\/wpe-encheres.com\/site\/wp-json\/wp\/v2\/comments?post=6114"}],"version-history":[{"count":3,"href":"https:\/\/wpe-encheres.com\/site\/wp-json\/wp\/v2\/pages\/6114\/revisions"}],"predecessor-version":[{"id":23975,"href":"https:\/\/wpe-encheres.com\/site\/wp-json\/wp\/v2\/pages\/6114\/revisions\/23975"}],"wp:attachment":[{"href":"https:\/\/wpe-encheres.com\/site\/wp-json\/wp\/v2\/media?parent=6114"}],"curies":[{"name":"wp","href":"https:\/\/api.w.org\/{rel}","templated":true}]}}