{"id":4986,"date":"2019-08-12T12:40:15","date_gmt":"2019-08-12T12:40:15","guid":{"rendered":"https:\/\/ibid.modeltheme.com\/?page_id=4986"},"modified":"2025-10-03T20:20:03","modified_gmt":"2025-10-03T18:20:03","slug":"a-propos","status":"publish","type":"page","link":"https:\/\/wpe-encheres.com\/site\/a-propos\/","title":{"rendered":"A propos de WPE"},"content":{"rendered":"<div class=\"wpb-content-wrapper\"><p>[vc_row css_animation=\u00a0\u00bb\u00a0\u00bb row_type=\u00a0\u00bbrow\u00a0\u00bb use_row_as_full_screen_section=\u00a0\u00bbno\u00a0\u00bb type=\u00a0\u00bbfull_width\u00a0\u00bb angled_section=\u00a0\u00bbno\u00a0\u00bb text_align=\u00a0\u00bbleft\u00a0\u00bb background_image_as_pattern=\u00a0\u00bbwithout_pattern\u00a0\u00bb full_width=\u00a0\u00bbstretch_row_content_no_spaces\u00a0\u00bb css=\u00a0\u00bb.vc_custom_1756625458403{margin-top: 0px !important;margin-bottom: 0px !important;padding-top: 130px !important;padding-bottom: 95px !important;background-position: 0 0 !important;background-repeat: no-repeat !important;}\u00a0\u00bb z_index=\u00a0\u00bb\u00a0\u00bb][vc_column width=\u00a0\u00bb2\/3&Prime;]<div class='q_icon_with_title small custom_icon_image '><div class=\"icon_holder \" style=\" \"><img decoding=\"async\" src=\"https:\/\/wpe-encheres.com\/site\/wp-content\/uploads\/2025\/08\/marteau.svg\" alt=\"\"><\/div><div class=\"icon_text_holder\" style=\"\"><div class=\"icon_text_inner\" style=\"\"><h1 class=\"icon_title\" style=\"\">A propos de WPE<\/h1><div class=\"separator small left\" style=\"height: 2px;width: 100px;margin-bottom: 15px;\"><\/div><p style=''><\/p><\/div><\/div><\/div>[vc_empty_space height=\u00a0\u00bb17px\u00a0\u00bb][vc_column_text css=\u00a0\u00bb\u00a0\u00bb]Soci\u00e9t\u00e9 de ventes aux ench\u00e8res publique agr\u00e9e par le Conseil des Ventes Volontaires, WPE Ench\u00e8res proc\u00e8de \u00e0 la vente aux ench\u00e8res , l\u2019estimation gratuite, \u00e0 l\u2019expertise et \u00e0 l\u2019inventaire de tous les biens d\u2019occasion.<\/p>\n<p>Leader fran\u00e7ais de la vente aux ench\u00e8res de biens issus des soci\u00e9t\u00e9s priv\u00e9es du CAC 40, de cabinets d\u2019avocats, de restaurants ou d\u2019h\u00f4tels. Nous sommes sp\u00e9cialis\u00e9s dans la vente de mobilier, mat\u00e9riel et \u00e9quipement professionnel, vendus sur le lieu m\u00eame ou se trouve les objets.<\/p>\n<p>Nous vous proposerons des bureaux complets avec ordinateurs, photocopieurs, mobilier design, luminaires haut de gamme, mais aussi des restaurants, des h\u00f4tels, du mat\u00e9riel et des \u00e9quipements agricoles et d\u2019espaces verts, des usines, des camions et v\u00e9hicules, des voitures r\u00e9centes, des motos, du mat\u00e9riel de \u00a0travaux publics, des chariots \u00e9l\u00e9vateurs et de manutention. Encore du vin, des tableaux et des objets d\u2019art.<\/p>\n<p>Vous pouvez acheter aux ench\u00e8res mais aussi vendre avec nous vos biens et \u00e9quipements, n\u2019h\u00e9sitez pas \u00e0 nous contacter, les estimations de vos biens sont gratuites\u00a0![\/vc_column_text][\/vc_column][vc_column width=\u00a0\u00bb1\/3&Prime;][vc_single_image image=\u00a0\u00bb24009&Prime; img_size=\u00a0\u00bbfull\u00a0\u00bb alignment=\u00a0\u00bbcenter\u00a0\u00bb css=\u00a0\u00bb\u00a0\u00bb qode_css_animation=\u00a0\u00bb\u00a0\u00bb][\/vc_column][\/vc_row][vc_row css_animation=\u00a0\u00bb\u00a0\u00bb row_type=\u00a0\u00bbrow\u00a0\u00bb use_row_as_full_screen_section=\u00a0\u00bbno\u00a0\u00bb type=\u00a0\u00bbfull_width\u00a0\u00bb angled_section=\u00a0\u00bbno\u00a0\u00bb text_align=\u00a0\u00bbleft\u00a0\u00bb background_image_as_pattern=\u00a0\u00bbwithout_pattern\u00a0\u00bb css=\u00a0\u00bb.vc_custom_1565696336846{margin-top: 50px !important;}\u00a0\u00bb][vc_column]<div class='q_icon_with_title small custom_icon_image '><div class=\"icon_holder \" style=\" \"><img decoding=\"async\" src=\"https:\/\/wpe-encheres.com\/site\/wp-content\/uploads\/2025\/08\/marteau.svg\" alt=\"\"><\/div><div class=\"icon_text_holder\" style=\"\"><div class=\"icon_text_inner\" style=\"\"><h2 class=\"icon_title\" style=\"\">Notre \u00e9quipe<\/h2><div class=\"separator small left\" style=\"height: 2px;width: 100px;margin-bottom: 15px;\"><\/div><p style=''><\/p><\/div><\/div><\/div>[vc_empty_space height=\u00a0\u00bb17&Prime;][\/vc_column][\/vc_row][vc_row css_animation=\u00a0\u00bb\u00a0\u00bb row_type=\u00a0\u00bbrow\u00a0\u00bb use_row_as_full_screen_section=\u00a0\u00bbno\u00a0\u00bb type=\u00a0\u00bbfull_width\u00a0\u00bb angled_section=\u00a0\u00bbno\u00a0\u00bb text_align=\u00a0\u00bbleft\u00a0\u00bb background_image_as_pattern=\u00a0\u00bbwithout_pattern\u00a0\u00bb css=\u00a0\u00bb.vc_custom_1711178901529{margin-bottom: 90px !important;background-color: #f4f4f4 !important;}\u00a0\u00bb el_class=\u00a0\u00bbmissing-member\u00a0\u00bb][vc_column width=\u00a0\u00bb1\/6&Prime; offset=\u00a0\u00bbvc_hidden-sm vc_hidden-xs\u00a0\u00bb][\/vc_column][vc_column width=\u00a0\u00bb1\/6&Prime;][vc_single_image image=\u00a0\u00bb30483&Prime; img_size=\u00a0\u00bbfull\u00a0\u00bb alignment=\u00a0\u00bbcenter\u00a0\u00bb css=\u00a0\u00bb\u00a0\u00bb qode_css_animation=\u00a0\u00bb\u00a0\u00bb][vc_column_text css=\u00a0\u00bb\u00a0\u00bb]<\/p>\n<p style=\"text-align: center;\"><strong>Soline Juhel<\/strong><br \/>\nDirectrice des ventes aux ench\u00e8res<\/p>\n<p>[\/vc_column_text][\/vc_column][vc_column width=\u00a0\u00bb1\/6&Prime;][vc_single_image image=\u00a0\u00bb30486&Prime; img_size=\u00a0\u00bbfull\u00a0\u00bb alignment=\u00a0\u00bbcenter\u00a0\u00bb css=\u00a0\u00bb\u00a0\u00bb qode_css_animation=\u00a0\u00bb\u00a0\u00bb][vc_column_text css=\u00a0\u00bb\u00a0\u00bb]<\/p>\n<p style=\"text-align: center;\"><strong>Ahmed Aarab<\/strong><br \/>\nExpert en mobilier de bureau et directeur de la logistique<\/p>\n<p>[\/vc_column_text][\/vc_column][vc_column width=\u00a0\u00bb1\/6&Prime;][vc_single_image image=\u00a0\u00bb30488&Prime; img_size=\u00a0\u00bbfull\u00a0\u00bb alignment=\u00a0\u00bbcenter\u00a0\u00bb css=\u00a0\u00bb\u00a0\u00bb qode_css_animation=\u00a0\u00bb\u00a0\u00bb][vc_column_text css=\u00a0\u00bb\u00a0\u00bb]<\/p>\n<p style=\"text-align: center;\"><strong>Laurent Bernard<\/strong><br \/>\nCommissaire-Priseur<\/p>\n<p>[\/vc_column_text][\/vc_column][vc_column width=\u00a0\u00bb1\/6&Prime;][vc_single_image image=\u00a0\u00bb30487&Prime; img_size=\u00a0\u00bbfull\u00a0\u00bb alignment=\u00a0\u00bbcenter\u00a0\u00bb css=\u00a0\u00bb\u00a0\u00bb qode_css_animation=\u00a0\u00bb\u00a0\u00bb][vc_column_text css=\u00a0\u00bb\u00a0\u00bb]<\/p>\n<p style=\"text-align: center;\"><strong>Camille Truskolavski<\/strong><br \/>\nCommissaire-Priseur<\/p>\n<p>[\/vc_column_text][\/vc_column][vc_column width=\u00a0\u00bb1\/6&Prime;][\/vc_column][\/vc_row][vc_row css_animation=\u00a0\u00bb\u00a0\u00bb row_type=\u00a0\u00bbrow\u00a0\u00bb use_row_as_full_screen_section=\u00a0\u00bbno\u00a0\u00bb type=\u00a0\u00bbfull_width\u00a0\u00bb angled_section=\u00a0\u00bbno\u00a0\u00bb text_align=\u00a0\u00bbleft\u00a0\u00bb background_image_as_pattern=\u00a0\u00bbwithout_pattern\u00a0\u00bb css=\u00a0\u00bb.vc_custom_1711178901529{margin-bottom: 90px !important;background-color: #f4f4f4 !important;}\u00a0\u00bb el_class=\u00a0\u00bbmissing-member\u00a0\u00bb][vc_column width=\u00a0\u00bb1\/6&Prime; offset=\u00a0\u00bbvc_hidden-sm vc_hidden-xs\u00a0\u00bb][\/vc_column][vc_column width=\u00a0\u00bb1\/6&Prime;][vc_single_image image=\u00a0\u00bb30485&Prime; img_size=\u00a0\u00bbfull\u00a0\u00bb alignment=\u00a0\u00bbcenter\u00a0\u00bb css=\u00a0\u00bb\u00a0\u00bb qode_css_animation=\u00a0\u00bb\u00a0\u00bb][vc_column_text css=\u00a0\u00bb\u00a0\u00bb]<\/p>\n<p style=\"text-align: center;\"><strong>Yannick Geay<\/strong><br \/>\nPr\u00e9sident<\/p>\n<p>[\/vc_column_text][\/vc_column][vc_column width=\u00a0\u00bb1\/6&Prime;][vc_single_image image=\u00a0\u00bb31598&Prime; img_size=\u00a0\u00bbfull\u00a0\u00bb alignment=\u00a0\u00bbcenter\u00a0\u00bb css=\u00a0\u00bb\u00a0\u00bb qode_css_animation=\u00a0\u00bb\u00a0\u00bb][vc_column_text css=\u00a0\u00bb\u00a0\u00bb]<\/p>\n<p style=\"text-align: center;\"><strong>Nathalie Cochi<\/strong><br \/>\nAdministration et organisation des ventes aux ench\u00e8res<\/p>\n<p>[\/vc_column_text][\/vc_column][vc_column width=\u00a0\u00bb1\/6&Prime;][vc_single_image image=\u00a0\u00bb31648&Prime; img_size=\u00a0\u00bbfull\u00a0\u00bb alignment=\u00a0\u00bbcenter\u00a0\u00bb css=\u00a0\u00bb\u00a0\u00bb qode_css_animation=\u00a0\u00bb\u00a0\u00bb][vc_column_text css=\u00a0\u00bb\u00a0\u00bb]<\/p>\n<p style=\"text-align: center;\"><strong>Justine Kevesi<\/strong><br \/>\nPr\u00e9paratrice des ventes aux ench\u00e8res<\/p>\n<p>[\/vc_column_text][\/vc_column][vc_column width=\u00a0\u00bb1\/6&Prime;][\/vc_column][vc_column width=\u00a0\u00bb1\/6&Prime;][\/vc_column][\/vc_row]<\/p>\n<\/div>","protected":false},"excerpt":{"rendered":"<p>[vc_row css_animation=\u00a0\u00bb\u00a0\u00bb row_type=\u00a0\u00bbrow\u00a0\u00bb use_row_as_full_screen_section=\u00a0\u00bbno\u00a0\u00bb type=\u00a0\u00bbfull_width\u00a0\u00bb angled_section=\u00a0\u00bbno\u00a0\u00bb text_align=\u00a0\u00bbleft\u00a0\u00bb background_image_as_pattern=\u00a0\u00bbwithout_pattern\u00a0\u00bb full_width=\u00a0\u00bbstretch_row_content_no_spaces\u00a0\u00bb css=\u00a0\u00bb.vc_custom_1756625458403{margin-top: 0px !important;margin-bottom: 0px !important;padding-top: 130px !important;padding-bottom: 95px !important;background-position: 0 0 !important;background-repeat: no-repeat !important;}\u00a0\u00bb z_index=\u00a0\u00bb\u00a0\u00bb][vc_column width=\u00a0\u00bb2\/3&Prime;][vc_empty_space height=\u00a0\u00bb17px\u00a0\u00bb][vc_column_text css=\u00a0\u00bb\u00a0\u00bb]Soci\u00e9t\u00e9 de ventes aux ench\u00e8res publique agr\u00e9e par le Conseil des Ventes Volontaires, WPE Ench\u00e8res proc\u00e8de \u00e0 la vente&#8230;<\/p>\n","protected":false},"author":1,"featured_media":0,"parent":0,"menu_order":0,"comment_status":"closed","ping_status":"closed","template":"","meta":{"_acf_changed":false,"footnotes":""},"class_list":["post-4986","page","type-page","status-publish","hentry"],"acf":[],"yoast_head":"<!-- This site is optimized with the Yoast SEO plugin v27.3 - https:\/\/yoast.com\/product\/yoast-seo-wordpress\/ -->\n<title>A propos de WPE - wpe-encheres<\/title>\n<meta name=\"description\" content=\"Soci\u00e9t\u00e9 de ventes aux ench\u00e8res publique agr\u00e9e par le Conseil des Ventes Volontaires, WPE Ench\u00e8res proc\u00e8de \u00e0 la vente aux ench\u00e8res , l\u2019estimation gratuite, \u00e0 l\u2019expertise et \u00e0 l\u2019inventaire de tous les biens d\u2019occasion.\" \/>\n<meta name=\"robots\" content=\"index, follow, max-snippet:-1, max-image-preview:large, max-video-preview:-1\" \/>\n<link rel=\"canonical\" href=\"https:\/\/wpe-encheres.com\/site\/a-propos\/\" \/>\n<meta property=\"og:locale\" content=\"fr_FR\" \/>\n<meta property=\"og:type\" content=\"article\" \/>\n<meta property=\"og:title\" content=\"A propos de WPE - wpe-encheres\" \/>\n<meta property=\"og:description\" content=\"Soci\u00e9t\u00e9 de ventes aux ench\u00e8res publique agr\u00e9e par le Conseil des Ventes Volontaires, WPE Ench\u00e8res proc\u00e8de \u00e0 la vente aux ench\u00e8res , l\u2019estimation gratuite, \u00e0 l\u2019expertise et \u00e0 l\u2019inventaire de tous les biens d\u2019occasion.\" \/>\n<meta property=\"og:url\" content=\"https:\/\/wpe-encheres.com\/site\/a-propos\/\" \/>\n<meta property=\"og:site_name\" content=\"wpe-encheres\" \/>\n<meta property=\"article:modified_time\" content=\"2025-10-03T18:20:03+00:00\" \/>\n<meta property=\"og:image\" content=\"https:\/\/wpe-encheres.com\/site\/wp-content\/uploads\/2025\/08\/wpe-encheres-logo.png\" \/>\n\t<meta property=\"og:image:width\" content=\"300\" \/>\n\t<meta property=\"og:image:height\" content=\"110\" \/>\n\t<meta property=\"og:image:type\" content=\"image\/png\" \/>\n<meta name=\"twitter:card\" content=\"summary_large_image\" \/>\n<meta name=\"twitter:label1\" content=\"Dur\u00e9e de lecture estim\u00e9e\" \/>\n\t<meta name=\"twitter:data1\" content=\"2 minutes\" \/>\n<script type=\"application\/ld+json\" class=\"yoast-schema-graph\">{\"@context\":\"https:\\\/\\\/schema.org\",\"@graph\":[{\"@type\":\"WebPage\",\"@id\":\"https:\\\/\\\/wpe-encheres.com\\\/site\\\/a-propos\\\/\",\"url\":\"https:\\\/\\\/wpe-encheres.com\\\/site\\\/a-propos\\\/\",\"name\":\"A propos de WPE - wpe-encheres\",\"isPartOf\":{\"@id\":\"https:\\\/\\\/wpe-encheres.com\\\/site\\\/#website\"},\"datePublished\":\"2019-08-12T12:40:15+00:00\",\"dateModified\":\"2025-10-03T18:20:03+00:00\",\"description\":\"Soci\u00e9t\u00e9 de ventes aux ench\u00e8res publique agr\u00e9e par le Conseil des Ventes Volontaires, WPE Ench\u00e8res proc\u00e8de \u00e0 la vente aux ench\u00e8res , l\u2019estimation gratuite, \u00e0 l\u2019expertise et \u00e0 l\u2019inventaire de tous les biens d\u2019occasion.\",\"breadcrumb\":{\"@id\":\"https:\\\/\\\/wpe-encheres.com\\\/site\\\/a-propos\\\/#breadcrumb\"},\"inLanguage\":\"fr-FR\",\"potentialAction\":[{\"@type\":\"ReadAction\",\"target\":[\"https:\\\/\\\/wpe-encheres.com\\\/site\\\/a-propos\\\/\"]}]},{\"@type\":\"BreadcrumbList\",\"@id\":\"https:\\\/\\\/wpe-encheres.com\\\/site\\\/a-propos\\\/#breadcrumb\",\"itemListElement\":[{\"@type\":\"ListItem\",\"position\":1,\"name\":\"Accueil\",\"item\":\"https:\\\/\\\/wpe-encheres.com\\\/site\\\/\"},{\"@type\":\"ListItem\",\"position\":2,\"name\":\"A propos de WPE\"}]},{\"@type\":\"WebSite\",\"@id\":\"https:\\\/\\\/wpe-encheres.com\\\/site\\\/#website\",\"url\":\"https:\\\/\\\/wpe-encheres.com\\\/site\\\/\",\"name\":\"wpe-encheres\",\"description\":\"\",\"publisher\":{\"@id\":\"https:\\\/\\\/wpe-encheres.com\\\/site\\\/#organization\"},\"potentialAction\":[{\"@type\":\"SearchAction\",\"target\":{\"@type\":\"EntryPoint\",\"urlTemplate\":\"https:\\\/\\\/wpe-encheres.com\\\/site\\\/?s={search_term_string}\"},\"query-input\":{\"@type\":\"PropertyValueSpecification\",\"valueRequired\":true,\"valueName\":\"search_term_string\"}}],\"inLanguage\":\"fr-FR\"},{\"@type\":\"Organization\",\"@id\":\"https:\\\/\\\/wpe-encheres.com\\\/site\\\/#organization\",\"name\":\"wpe encheres\",\"url\":\"https:\\\/\\\/wpe-encheres.com\\\/site\\\/\",\"logo\":{\"@type\":\"ImageObject\",\"inLanguage\":\"fr-FR\",\"@id\":\"https:\\\/\\\/wpe-encheres.com\\\/site\\\/#\\\/schema\\\/logo\\\/image\\\/\",\"url\":\"https:\\\/\\\/wpe-encheres.com\\\/site\\\/wp-content\\\/uploads\\\/2025\\\/08\\\/wpe-encheres-logo.png\",\"contentUrl\":\"https:\\\/\\\/wpe-encheres.com\\\/site\\\/wp-content\\\/uploads\\\/2025\\\/08\\\/wpe-encheres-logo.png\",\"width\":300,\"height\":110,\"caption\":\"wpe encheres\"},\"image\":{\"@id\":\"https:\\\/\\\/wpe-encheres.com\\\/site\\\/#\\\/schema\\\/logo\\\/image\\\/\"}}]}<\/script>\n<!-- \/ Yoast SEO plugin. -->","yoast_head_json":{"title":"A propos de WPE - wpe-encheres","description":"Soci\u00e9t\u00e9 de ventes aux ench\u00e8res publique agr\u00e9e par le Conseil des Ventes Volontaires, WPE Ench\u00e8res proc\u00e8de \u00e0 la vente aux ench\u00e8res , l\u2019estimation gratuite, \u00e0 l\u2019expertise et \u00e0 l\u2019inventaire de tous les biens d\u2019occasion.","robots":{"index":"index","follow":"follow","max-snippet":"max-snippet:-1","max-image-preview":"max-image-preview:large","max-video-preview":"max-video-preview:-1"},"canonical":"https:\/\/wpe-encheres.com\/site\/a-propos\/","og_locale":"fr_FR","og_type":"article","og_title":"A propos de WPE - wpe-encheres","og_description":"Soci\u00e9t\u00e9 de ventes aux ench\u00e8res publique agr\u00e9e par le Conseil des Ventes Volontaires, WPE Ench\u00e8res proc\u00e8de \u00e0 la vente aux ench\u00e8res , l\u2019estimation gratuite, \u00e0 l\u2019expertise et \u00e0 l\u2019inventaire de tous les biens d\u2019occasion.","og_url":"https:\/\/wpe-encheres.com\/site\/a-propos\/","og_site_name":"wpe-encheres","article_modified_time":"2025-10-03T18:20:03+00:00","og_image":[{"width":300,"height":110,"url":"https:\/\/wpe-encheres.com\/site\/wp-content\/uploads\/2025\/08\/wpe-encheres-logo.png","type":"image\/png"}],"twitter_card":"summary_large_image","twitter_misc":{"Dur\u00e9e de lecture estim\u00e9e":"2 minutes"},"schema":{"@context":"https:\/\/schema.org","@graph":[{"@type":"WebPage","@id":"https:\/\/wpe-encheres.com\/site\/a-propos\/","url":"https:\/\/wpe-encheres.com\/site\/a-propos\/","name":"A propos de WPE - wpe-encheres","isPartOf":{"@id":"https:\/\/wpe-encheres.com\/site\/#website"},"datePublished":"2019-08-12T12:40:15+00:00","dateModified":"2025-10-03T18:20:03+00:00","description":"Soci\u00e9t\u00e9 de ventes aux ench\u00e8res publique agr\u00e9e par le Conseil des Ventes Volontaires, WPE Ench\u00e8res proc\u00e8de \u00e0 la vente aux ench\u00e8res , l\u2019estimation gratuite, \u00e0 l\u2019expertise et \u00e0 l\u2019inventaire de tous les biens d\u2019occasion.","breadcrumb":{"@id":"https:\/\/wpe-encheres.com\/site\/a-propos\/#breadcrumb"},"inLanguage":"fr-FR","potentialAction":[{"@type":"ReadAction","target":["https:\/\/wpe-encheres.com\/site\/a-propos\/"]}]},{"@type":"BreadcrumbList","@id":"https:\/\/wpe-encheres.com\/site\/a-propos\/#breadcrumb","itemListElement":[{"@type":"ListItem","position":1,"name":"Accueil","item":"https:\/\/wpe-encheres.com\/site\/"},{"@type":"ListItem","position":2,"name":"A propos de WPE"}]},{"@type":"WebSite","@id":"https:\/\/wpe-encheres.com\/site\/#website","url":"https:\/\/wpe-encheres.com\/site\/","name":"wpe-encheres","description":"","publisher":{"@id":"https:\/\/wpe-encheres.com\/site\/#organization"},"potentialAction":[{"@type":"SearchAction","target":{"@type":"EntryPoint","urlTemplate":"https:\/\/wpe-encheres.com\/site\/?s={search_term_string}"},"query-input":{"@type":"PropertyValueSpecification","valueRequired":true,"valueName":"search_term_string"}}],"inLanguage":"fr-FR"},{"@type":"Organization","@id":"https:\/\/wpe-encheres.com\/site\/#organization","name":"wpe encheres","url":"https:\/\/wpe-encheres.com\/site\/","logo":{"@type":"ImageObject","inLanguage":"fr-FR","@id":"https:\/\/wpe-encheres.com\/site\/#\/schema\/logo\/image\/","url":"https:\/\/wpe-encheres.com\/site\/wp-content\/uploads\/2025\/08\/wpe-encheres-logo.png","contentUrl":"https:\/\/wpe-encheres.com\/site\/wp-content\/uploads\/2025\/08\/wpe-encheres-logo.png","width":300,"height":110,"caption":"wpe encheres"},"image":{"@id":"https:\/\/wpe-encheres.com\/site\/#\/schema\/logo\/image\/"}}]}},"_links":{"self":[{"href":"https:\/\/wpe-encheres.com\/site\/wp-json\/wp\/v2\/pages\/4986","targetHints":{"allow":["GET"]}}],"collection":[{"href":"https:\/\/wpe-encheres.com\/site\/wp-json\/wp\/v2\/pages"}],"about":[{"href":"https:\/\/wpe-encheres.com\/site\/wp-json\/wp\/v2\/types\/page"}],"author":[{"embeddable":true,"href":"https:\/\/wpe-encheres.com\/site\/wp-json\/wp\/v2\/users\/1"}],"replies":[{"embeddable":true,"href":"https:\/\/wpe-encheres.com\/site\/wp-json\/wp\/v2\/comments?post=4986"}],"version-history":[{"count":6,"href":"https:\/\/wpe-encheres.com\/site\/wp-json\/wp\/v2\/pages\/4986\/revisions"}],"predecessor-version":[{"id":33654,"href":"https:\/\/wpe-encheres.com\/site\/wp-json\/wp\/v2\/pages\/4986\/revisions\/33654"}],"wp:attachment":[{"href":"https:\/\/wpe-encheres.com\/site\/wp-json\/wp\/v2\/media?parent=4986"}],"curies":[{"name":"wp","href":"https:\/\/api.w.org\/{rel}","templated":true}]}}