{"id":30269,"date":"2025-09-05T19:02:10","date_gmt":"2025-09-05T17:02:10","guid":{"rendered":"https:\/\/wpe-encheres.com\/site\/?page_id=30269"},"modified":"2025-11-30T18:36:45","modified_gmt":"2025-11-30T17:36:45","slug":"ventes-a-venir","status":"publish","type":"page","link":"https:\/\/wpe-encheres.com\/site\/ventes-a-venir\/","title":{"rendered":"ventes \u00e0 venir"},"content":{"rendered":"<div class=\"wpb-content-wrapper\"><p>[vc_row css_animation=\u00a0\u00bb\u00a0\u00bb row_type=\u00a0\u00bbrow\u00a0\u00bb use_row_as_full_screen_section=\u00a0\u00bbno\u00a0\u00bb type=\u00a0\u00bbfull_width\u00a0\u00bb angled_section=\u00a0\u00bbno\u00a0\u00bb text_align=\u00a0\u00bbleft\u00a0\u00bb background_image_as_pattern=\u00a0\u00bbwithout_pattern\u00a0\u00bb][vc_column]<div class='q_icon_with_title small custom_icon_image '><div class=\"icon_holder \" style=\" \"><img decoding=\"async\" src=\"https:\/\/wpe-encheres.com\/site\/wp-content\/uploads\/2025\/08\/marteau.svg\" alt=\"\"><\/div><div class=\"icon_text_holder\" style=\"\"><div class=\"icon_text_inner\" style=\"\"><h2 class=\"icon_title\" style=\"\">Nos prochaines ventes<\/h2><div class=\"separator small left\" style=\"height: 2px;width: 100px;margin-bottom: 15px;\"><\/div><p style=''><\/p><\/div><\/div><\/div>[vc_column_text css=\u00a0\u00bb\u00a0\u00bb]<div class=\"em em-view-container\" id=\"em-view-978452069\" data-view=\"list\">\r\n\t<div class=\"em em-list em-events-list\" id=\"em-events-list-978452069\" data-view-id=\"978452069\">\r\n\t<div class=\"em-event em-item \" style=\"--default-border:#195287;\">\r\n\t<div class=\"em-item-image \">\r\n\t\t\r\n\t\t<img src='https:\/\/wpe-encheres.com\/site\/wp-content\/uploads\/2026\/04\/vente-du-28-avril-1.png' alt='vente du 28 avril 2026'\/>\r\n\t\t\r\n\t\t\r\n\t<\/div>\r\n\t<div class=\"em-item-info\">\r\n\t\t<h3 class=\"em-item-title\"><a href=\"https:\/\/wpe-encheres.com\/site\/ventes\/vente-du-28-avril-2026\/\">vente du 28 avril 2026<\/a><\/h3>\r\n\t\t\r\n\t\t<div class=\"em-event-meta em-item-meta\">\r\n\t\t\t<div class=\"em-item-meta-line em-event-date em-event-meta-datetime\">\r\n\t\t\t\t<span class=\"em-icon-calendar em-icon\"><\/span>\r\n\t\t\t\t28 avril 2026\u00a0\u00a0\u00a0\u00a0\r\n\t\t\t<\/div>\r\n\t\t\t<div class=\"em-item-meta-line em-event-time em-event-meta-datetime\">\r\n\t\t\t\t<span class=\"em-icon-clock em-icon\"><\/span>\r\n\t\t\t\t14h00 - 18h00\r\n\t\t\t<\/div>\r\n\t\t\t\r\n\t\t\t\r\n\t\t\t\r\n\t\t\t\r\n\t\t\t\r\n\t\t<\/div>\r\n\t\t<div class=\"em-item-desc\">\r\n\t\t\tVente aux ench\u00e8res <strong>SANS PRIX DE RESERVE<\/strong> du mobilier et des chambres du <strong>Ch\u00e2teau HEC<\/strong> \u00e0 Jouy en Josas, et suite de l'<strong>IT de la Tour Engie \u00e0 la D\u00e9fense<\/strong>.\r\n\r\n<strong>Au programme<\/strong> :\r\n\r\nmobilier design, mobilier d'h\u00f4tellerie dont matelas \u00e9tat neuf, luminaires, tapis, mobilier d'ext\u00e9rieur, beaucoup d'\u00e9lectronique, moniteurs, vid\u00e9oprojecteurs, mat\u00e9riel audio, et divers.\r\n\t\t<\/div>\r\n\t\t<div class=\"em-item-actions input\">\r\n\t\t\t<a class=\"em-item-read-more button\" href=\"https:\/\/wpe-encheres.com\/site\/ventes\/vente-du-28-avril-2026\/\">Plus d\u2019infos<\/a>\r\n\t\t\t\r\n\t\t<\/div>\r\n\t<\/div>\r\n<\/div><div class=\"em-event em-item \" style=\"--default-border:#195287;\">\r\n\t<div class=\"em-item-image \">\r\n\t\t\r\n\t\t<img src='https:\/\/wpe-encheres.com\/site\/wp-content\/uploads\/2026\/03\/vente-du-05-mai.jpg' alt='Vente du 5 mai 2026'\/>\r\n\t\t\r\n\t\t\r\n\t<\/div>\r\n\t<div class=\"em-item-info\">\r\n\t\t<h3 class=\"em-item-title\"><a href=\"https:\/\/wpe-encheres.com\/site\/ventes\/vente-du-5-mai-2026\/\">Vente du 5 mai 2026<\/a><\/h3>\r\n\t\t\r\n\t\t<div class=\"em-event-meta em-item-meta\">\r\n\t\t\t<div class=\"em-item-meta-line em-event-date em-event-meta-datetime\">\r\n\t\t\t\t<span class=\"em-icon-calendar em-icon\"><\/span>\r\n\t\t\t\t5 mai 2026\u00a0\u00a0\u00a0\u00a0\r\n\t\t\t<\/div>\r\n\t\t\t<div class=\"em-item-meta-line em-event-time em-event-meta-datetime\">\r\n\t\t\t\t<span class=\"em-icon-clock em-icon\"><\/span>\r\n\t\t\t\t14h00 - 18h30\r\n\t\t\t<\/div>\r\n\t\t\t\r\n\t\t\t\r\n\t\t\t\r\n\t\t\t\r\n\t\t\t\r\n\t\t<\/div>\r\n\t\t<div class=\"em-item-desc\">\r\n\t\t\tLes <strong>mardi 5 et mercredi 6 mai<\/strong> 2026, <strong>VENTE AUX ENCHERES SANS PRIX DE RESERVE d'une importante soci\u00e9t\u00e9 du Groupe Renault<\/strong>.\r\nPlus de 1200 postes de travail et tous les \u00e9quipements du site sont \u00e0 vendre!\r\nAu programme: du mobilier design Jacobsen, Eames, Ciancimino, \u00e9diteur haut de gamme: Mobilier International, Hermann Miller, Vitra.\r\nUne cuisine professionnelle compl\u00e8te: mat\u00e9riel, chaud, froid, lave vaisselle, petits \u00e9quipements, vaisselle.\r\nEt bien s\u00fbr, beaucoup de mat\u00e9riel informatique et technique: Ecrans, TV, vid\u00e9oprojecteurs, hifi.\r\n\t\t<\/div>\r\n\t\t<div class=\"em-item-actions input\">\r\n\t\t\t<a class=\"em-item-read-more button\" href=\"https:\/\/wpe-encheres.com\/site\/ventes\/vente-du-5-mai-2026\/\">Plus d\u2019infos<\/a>\r\n\t\t\t\r\n\t\t<\/div>\r\n\t<\/div>\r\n<\/div><div class=\"em-event em-item \" style=\"--default-border:#195287;\">\r\n\t<div class=\"em-item-image \">\r\n\t\t\r\n\t\t<img src='https:\/\/wpe-encheres.com\/site\/wp-content\/uploads\/2026\/03\/vente-du-06-mai.jpg' alt='Vente du 6 mai 2026'\/>\r\n\t\t\r\n\t\t\r\n\t<\/div>\r\n\t<div class=\"em-item-info\">\r\n\t\t<h3 class=\"em-item-title\"><a href=\"https:\/\/wpe-encheres.com\/site\/ventes\/vente-du-6-mai-2026\/\">Vente du 6 mai 2026<\/a><\/h3>\r\n\t\t\r\n\t\t<div class=\"em-event-meta em-item-meta\">\r\n\t\t\t<div class=\"em-item-meta-line em-event-date em-event-meta-datetime\">\r\n\t\t\t\t<span class=\"em-icon-calendar em-icon\"><\/span>\r\n\t\t\t\t6 mai 2026\u00a0\u00a0\u00a0\u00a0\r\n\t\t\t<\/div>\r\n\t\t\t<div class=\"em-item-meta-line em-event-time em-event-meta-datetime\">\r\n\t\t\t\t<span class=\"em-icon-clock em-icon\"><\/span>\r\n\t\t\t\t14h00 - 18h30\r\n\t\t\t<\/div>\r\n\t\t\t\r\n\t\t\t\r\n\t\t\t\r\n\t\t\t\r\n\t\t\t\r\n\t\t<\/div>\r\n\t\t<div class=\"em-item-desc\">\r\n\t\t\tLes <strong>mardi 5 et mercredi 6 mai<\/strong> 2026, <strong>VENTE AUX ENCHERES SANS PRIX DE RESERVE d'une importante soci\u00e9t\u00e9 du Groupe Renault<\/strong>.\r\nPlus de 1200 postes de travail et tous les \u00e9quipements du site sont \u00e0 vendre!\r\nAu programme: du mobilier design Jacobsen, Eames, Ciancimino, \u00e9diteur haut de gamme: Mobilier International, Hermann Miller, Vitra.\r\nUne cuisine professionnelle compl\u00e8te: mat\u00e9riel, chaud, froid, lave vaisselle, petits \u00e9quipements, vaisselle.\r\nEt bien s\u00fbr, beaucoup de mat\u00e9riel informatique et technique: Ecrans, TV, vid\u00e9oprojecteurs, hifi.\r\n\t\t<\/div>\r\n\t\t<div class=\"em-item-actions input\">\r\n\t\t\t<a class=\"em-item-read-more button\" href=\"https:\/\/wpe-encheres.com\/site\/ventes\/vente-du-6-mai-2026\/\">Plus d\u2019infos<\/a>\r\n\t\t\t\r\n\t\t<\/div>\r\n\t<\/div>\r\n<\/div>\t<\/div>\r\n<\/div>[\/vc_column_text][vc_empty_space height=\u00a0\u00bb64&Prime;][\/vc_column][\/vc_row]<\/p>\n<\/div>","protected":false},"excerpt":{"rendered":"<p>[vc_row css_animation=\u00a0\u00bb\u00a0\u00bb row_type=\u00a0\u00bbrow\u00a0\u00bb use_row_as_full_screen_section=\u00a0\u00bbno\u00a0\u00bb type=\u00a0\u00bbfull_width\u00a0\u00bb angled_section=\u00a0\u00bbno\u00a0\u00bb text_align=\u00a0\u00bbleft\u00a0\u00bb background_image_as_pattern=\u00a0\u00bbwithout_pattern\u00a0\u00bb][vc_column][vc_column_text css=\u00a0\u00bb\u00a0\u00bb][\/vc_column_text][vc_empty_space height=\u00a0\u00bb64&Prime;][\/vc_column][\/vc_row]<\/p>\n","protected":false},"author":1,"featured_media":0,"parent":0,"menu_order":0,"comment_status":"closed","ping_status":"closed","template":"","meta":{"_acf_changed":false,"footnotes":""},"class_list":["post-30269","page","type-page","status-publish","hentry"],"acf":[],"yoast_head":"<!-- This site is optimized with the Yoast SEO plugin v27.3 - https:\/\/yoast.com\/product\/yoast-seo-wordpress\/ -->\n<title>ventes \u00e0 venir - wpe-encheres<\/title>\n<meta name=\"description\" content=\"Retrouvez dans cette page les ventes \u00e0 venir organis\u00e9es par WPE-ENCHERES.\" \/>\n<meta name=\"robots\" content=\"index, follow, max-snippet:-1, max-image-preview:large, max-video-preview:-1\" \/>\n<link rel=\"canonical\" href=\"https:\/\/wpe-encheres.com\/site\/ventes-a-venir\/\" \/>\n<meta property=\"og:locale\" content=\"fr_FR\" \/>\n<meta property=\"og:type\" content=\"article\" \/>\n<meta property=\"og:title\" content=\"ventes \u00e0 venir - wpe-encheres\" \/>\n<meta property=\"og:description\" content=\"Retrouvez dans cette page les ventes \u00e0 venir organis\u00e9es par WPE-ENCHERES.\" \/>\n<meta property=\"og:url\" content=\"https:\/\/wpe-encheres.com\/site\/ventes-a-venir\/\" \/>\n<meta property=\"og:site_name\" content=\"wpe-encheres\" \/>\n<meta property=\"article:modified_time\" content=\"2025-11-30T17:36:45+00:00\" \/>\n<meta property=\"og:image\" content=\"https:\/\/wpe-encheres.com\/site\/wp-content\/uploads\/2025\/08\/wpe-encheres-logo.png\" \/>\n\t<meta property=\"og:image:width\" content=\"300\" \/>\n\t<meta property=\"og:image:height\" content=\"110\" \/>\n\t<meta property=\"og:image:type\" content=\"image\/png\" \/>\n<meta name=\"twitter:card\" content=\"summary_large_image\" \/>\n<meta name=\"twitter:label1\" content=\"Dur\u00e9e de lecture estim\u00e9e\" \/>\n\t<meta name=\"twitter:data1\" content=\"1 minute\" \/>\n<script type=\"application\/ld+json\" class=\"yoast-schema-graph\">{\"@context\":\"https:\\\/\\\/schema.org\",\"@graph\":[{\"@type\":\"WebPage\",\"@id\":\"https:\\\/\\\/wpe-encheres.com\\\/site\\\/ventes-a-venir\\\/\",\"url\":\"https:\\\/\\\/wpe-encheres.com\\\/site\\\/ventes-a-venir\\\/\",\"name\":\"ventes \u00e0 venir - wpe-encheres\",\"isPartOf\":{\"@id\":\"https:\\\/\\\/wpe-encheres.com\\\/site\\\/#website\"},\"datePublished\":\"2025-09-05T17:02:10+00:00\",\"dateModified\":\"2025-11-30T17:36:45+00:00\",\"description\":\"Retrouvez dans cette page les ventes \u00e0 venir organis\u00e9es par WPE-ENCHERES.\",\"breadcrumb\":{\"@id\":\"https:\\\/\\\/wpe-encheres.com\\\/site\\\/ventes-a-venir\\\/#breadcrumb\"},\"inLanguage\":\"fr-FR\",\"potentialAction\":[{\"@type\":\"ReadAction\",\"target\":[\"https:\\\/\\\/wpe-encheres.com\\\/site\\\/ventes-a-venir\\\/\"]}]},{\"@type\":\"BreadcrumbList\",\"@id\":\"https:\\\/\\\/wpe-encheres.com\\\/site\\\/ventes-a-venir\\\/#breadcrumb\",\"itemListElement\":[{\"@type\":\"ListItem\",\"position\":1,\"name\":\"Accueil\",\"item\":\"https:\\\/\\\/wpe-encheres.com\\\/site\\\/\"},{\"@type\":\"ListItem\",\"position\":2,\"name\":\"ventes \u00e0 venir\"}]},{\"@type\":\"WebSite\",\"@id\":\"https:\\\/\\\/wpe-encheres.com\\\/site\\\/#website\",\"url\":\"https:\\\/\\\/wpe-encheres.com\\\/site\\\/\",\"name\":\"wpe-encheres\",\"description\":\"\",\"publisher\":{\"@id\":\"https:\\\/\\\/wpe-encheres.com\\\/site\\\/#organization\"},\"potentialAction\":[{\"@type\":\"SearchAction\",\"target\":{\"@type\":\"EntryPoint\",\"urlTemplate\":\"https:\\\/\\\/wpe-encheres.com\\\/site\\\/?s={search_term_string}\"},\"query-input\":{\"@type\":\"PropertyValueSpecification\",\"valueRequired\":true,\"valueName\":\"search_term_string\"}}],\"inLanguage\":\"fr-FR\"},{\"@type\":\"Organization\",\"@id\":\"https:\\\/\\\/wpe-encheres.com\\\/site\\\/#organization\",\"name\":\"wpe encheres\",\"url\":\"https:\\\/\\\/wpe-encheres.com\\\/site\\\/\",\"logo\":{\"@type\":\"ImageObject\",\"inLanguage\":\"fr-FR\",\"@id\":\"https:\\\/\\\/wpe-encheres.com\\\/site\\\/#\\\/schema\\\/logo\\\/image\\\/\",\"url\":\"https:\\\/\\\/wpe-encheres.com\\\/site\\\/wp-content\\\/uploads\\\/2025\\\/08\\\/wpe-encheres-logo.png\",\"contentUrl\":\"https:\\\/\\\/wpe-encheres.com\\\/site\\\/wp-content\\\/uploads\\\/2025\\\/08\\\/wpe-encheres-logo.png\",\"width\":300,\"height\":110,\"caption\":\"wpe encheres\"},\"image\":{\"@id\":\"https:\\\/\\\/wpe-encheres.com\\\/site\\\/#\\\/schema\\\/logo\\\/image\\\/\"}}]}<\/script>\n<!-- \/ Yoast SEO plugin. -->","yoast_head_json":{"title":"ventes \u00e0 venir - wpe-encheres","description":"Retrouvez dans cette page les ventes \u00e0 venir organis\u00e9es par WPE-ENCHERES.","robots":{"index":"index","follow":"follow","max-snippet":"max-snippet:-1","max-image-preview":"max-image-preview:large","max-video-preview":"max-video-preview:-1"},"canonical":"https:\/\/wpe-encheres.com\/site\/ventes-a-venir\/","og_locale":"fr_FR","og_type":"article","og_title":"ventes \u00e0 venir - wpe-encheres","og_description":"Retrouvez dans cette page les ventes \u00e0 venir organis\u00e9es par WPE-ENCHERES.","og_url":"https:\/\/wpe-encheres.com\/site\/ventes-a-venir\/","og_site_name":"wpe-encheres","article_modified_time":"2025-11-30T17:36:45+00:00","og_image":[{"width":300,"height":110,"url":"https:\/\/wpe-encheres.com\/site\/wp-content\/uploads\/2025\/08\/wpe-encheres-logo.png","type":"image\/png"}],"twitter_card":"summary_large_image","twitter_misc":{"Dur\u00e9e de lecture estim\u00e9e":"1 minute"},"schema":{"@context":"https:\/\/schema.org","@graph":[{"@type":"WebPage","@id":"https:\/\/wpe-encheres.com\/site\/ventes-a-venir\/","url":"https:\/\/wpe-encheres.com\/site\/ventes-a-venir\/","name":"ventes \u00e0 venir - wpe-encheres","isPartOf":{"@id":"https:\/\/wpe-encheres.com\/site\/#website"},"datePublished":"2025-09-05T17:02:10+00:00","dateModified":"2025-11-30T17:36:45+00:00","description":"Retrouvez dans cette page les ventes \u00e0 venir organis\u00e9es par WPE-ENCHERES.","breadcrumb":{"@id":"https:\/\/wpe-encheres.com\/site\/ventes-a-venir\/#breadcrumb"},"inLanguage":"fr-FR","potentialAction":[{"@type":"ReadAction","target":["https:\/\/wpe-encheres.com\/site\/ventes-a-venir\/"]}]},{"@type":"BreadcrumbList","@id":"https:\/\/wpe-encheres.com\/site\/ventes-a-venir\/#breadcrumb","itemListElement":[{"@type":"ListItem","position":1,"name":"Accueil","item":"https:\/\/wpe-encheres.com\/site\/"},{"@type":"ListItem","position":2,"name":"ventes \u00e0 venir"}]},{"@type":"WebSite","@id":"https:\/\/wpe-encheres.com\/site\/#website","url":"https:\/\/wpe-encheres.com\/site\/","name":"wpe-encheres","description":"","publisher":{"@id":"https:\/\/wpe-encheres.com\/site\/#organization"},"potentialAction":[{"@type":"SearchAction","target":{"@type":"EntryPoint","urlTemplate":"https:\/\/wpe-encheres.com\/site\/?s={search_term_string}"},"query-input":{"@type":"PropertyValueSpecification","valueRequired":true,"valueName":"search_term_string"}}],"inLanguage":"fr-FR"},{"@type":"Organization","@id":"https:\/\/wpe-encheres.com\/site\/#organization","name":"wpe encheres","url":"https:\/\/wpe-encheres.com\/site\/","logo":{"@type":"ImageObject","inLanguage":"fr-FR","@id":"https:\/\/wpe-encheres.com\/site\/#\/schema\/logo\/image\/","url":"https:\/\/wpe-encheres.com\/site\/wp-content\/uploads\/2025\/08\/wpe-encheres-logo.png","contentUrl":"https:\/\/wpe-encheres.com\/site\/wp-content\/uploads\/2025\/08\/wpe-encheres-logo.png","width":300,"height":110,"caption":"wpe encheres"},"image":{"@id":"https:\/\/wpe-encheres.com\/site\/#\/schema\/logo\/image\/"}}]}},"_links":{"self":[{"href":"https:\/\/wpe-encheres.com\/site\/wp-json\/wp\/v2\/pages\/30269","targetHints":{"allow":["GET"]}}],"collection":[{"href":"https:\/\/wpe-encheres.com\/site\/wp-json\/wp\/v2\/pages"}],"about":[{"href":"https:\/\/wpe-encheres.com\/site\/wp-json\/wp\/v2\/types\/page"}],"author":[{"embeddable":true,"href":"https:\/\/wpe-encheres.com\/site\/wp-json\/wp\/v2\/users\/1"}],"replies":[{"embeddable":true,"href":"https:\/\/wpe-encheres.com\/site\/wp-json\/wp\/v2\/comments?post=30269"}],"version-history":[{"count":29,"href":"https:\/\/wpe-encheres.com\/site\/wp-json\/wp\/v2\/pages\/30269\/revisions"}],"predecessor-version":[{"id":36399,"href":"https:\/\/wpe-encheres.com\/site\/wp-json\/wp\/v2\/pages\/30269\/revisions\/36399"}],"wp:attachment":[{"href":"https:\/\/wpe-encheres.com\/site\/wp-json\/wp\/v2\/media?parent=30269"}],"curies":[{"name":"wp","href":"https:\/\/api.w.org\/{rel}","templated":true}]}}